{"id":777,"date":"2020-03-25T23:06:36","date_gmt":"2020-03-25T23:06:36","guid":{"rendered":"http:\/\/www.geekecuador.com\/enf\/?page_id=777"},"modified":"2020-11-25T21:20:07","modified_gmt":"2020-11-25T21:20:07","slug":"implementacion","status":"publish","type":"page","link":"https:\/\/enf.ambiente.gob.ec\/web_enf\/?page_id=777","title":{"rendered":"Implementaci\u00f3n"},"content":{"rendered":"<div>\n<p>IMPLEMENTACI\u00d3N<\/p>\n<\/div>\n<div>\n<p>A continuaci\u00f3n, se presentan los principales hitos de la implementaci\u00f3n de la <strong>Evaluaci\u00f3n Nacional Forestal<\/strong> en el pa\u00eds:<\/p>\n<\/div>\n<p><img decoding=\"async\" src=\"\/web_enf\/wp-content\/uploads\/implementacion.png\" alt=\"\"><\/p>\n<h3>2009<\/h3>\n<div>\n<p><strong>Inicia el proyecto Evaluaci\u00f3n Nacional Forestal<\/strong><\/p>\n<\/div>\n<hr>\n<div>\n<p style=\"text-align: justify;\">Con el apoyo de asistencia t\u00e9cnica y financiera del proyecto Manejo Forestal Sostenible ante el Cambio Clim\u00e1tico (MFSCC) de la Organizaci\u00f3n de las Naciones Unidas para la Alimentaci\u00f3n y la Agricultura (FAO), y el apoyo del Ministerio de Relaciones Exteriores de Finlandia. La iniciativa se consolida en el gobierno ecuatoriano como proyecto a trav\u00e9s de la Secretar\u00eda Nacional de Planificaci\u00f3n Estrat\u00e9gica (SENPLADES) actual Secretar\u00eda T\u00e9cnica Planifica Ecuador.<\/p>\n<\/div>\n<p><img decoding=\"async\" src=\"\/web_enf\/wp-content\/uploads\/implementacion2.png\" alt=\"\"><\/p>\n<h3>2009 &#8211; 2013<\/h3>\n<div>\n<p><strong>Primera Evaluaci\u00f3n Nacional Forestal (ENF I)<\/strong><\/p>\n<\/div>\n<hr>\n<div>\n<p style=\"text-align: justify;\">En la que se gener\u00f3 un primer inventario forestal a escala nacional, un estudio piloto para la evaluaci\u00f3n de la relaci\u00f3n gente-bosque, aplicado en la provincia de Sucumb\u00edos y se obtuvo informaci\u00f3n para la generaci\u00f3n de mapas de carbono contenido en bosques.<\/p>\n<\/div>\n<p><img decoding=\"async\" src=\"\/web_enf\/wp-content\/uploads\/implementacion3.png\" alt=\"\"><\/p>\n<h3>2014 &#8211; 2015<\/h3>\n<div>\n<p><strong>Socializaci\u00f3n de Resultados y Cooperaci\u00f3n Internacional<\/strong><\/p>\n<\/div>\n<hr>\n<div>\n<p>La socializaci\u00f3n del proceso de la Evaluaci\u00f3n Nacional Forestal se realiz\u00f3 al p\u00fablico en general durante el cierre del Proyecto y a trav\u00e9s de un documento de sistematizaci\u00f3n de la experiencia. As\u00ed tambi\u00e9n se ha presentado los resultados y m\u00e9todos en talleres nacionales que abordan temas relacionados al recurso forestal y sus servicios ambientales asociados.<\/p>\n<p>La informaci\u00f3n alimenta al Sistema Nacional de Monitoreo de Bosques y es empleada en varios reportes nacionales e internacionales.<\/p>\n<p>La ENF desde su planificaci\u00f3n hasta la difusi\u00f3n de resultados ha mantenido el intercambio de experiencias con pa\u00edses de la regi\u00f3n y recibido asistencia t\u00e9cnica y financiera de varias instituciones y programas de cooperaci\u00f3n de varios pa\u00edses.<\/p>\n<\/div>\n<p><img decoding=\"async\" src=\"\/web_enf\/wp-content\/uploads\/implementacion.png\" alt=\"\"><\/p>\n<h3>2016 &#8211; 2017<\/h3>\n<div>\n<p><strong>Fase preparatoria ENF II<\/strong><\/p>\n<\/div>\n<hr>\n<div>\n<p style=\"text-align: justify;\">En base a los resultados obtenidos en la primera evaluaci\u00f3n y las necesidades de informaci\u00f3n para la gesti\u00f3n forestal, se realiz\u00f3 la definici\u00f3n del marco conceptual y metodol\u00f3gico para la ejecuci\u00f3n de la segunda Evaluaci\u00f3n Nacional Forestal (ENF II).<\/p>\n<\/div>\n<p><img decoding=\"async\" src=\"\/web_enf\/wp-content\/uploads\/implementacion4.png\" alt=\"\"><\/p>\n<h3>2018 &#8211; 2023<\/h3>\n<div>\n<p><strong>Implementaci\u00f3n Segunda ENF<\/strong><\/p>\n<\/div>\n<hr>\n<div>\n<p style=\"text-align: justify;\">Se inicia la implementaci\u00f3n de la segunda Evaluaci\u00f3n Nacional Forestal (ENF II), con la la cooperaci\u00f3n financiera del gobierno de Alemania, alcanz\u00e1ndose los siguientes hitos:<\/p>\n<ul>\n<li style=\"text-align: justify;\">Implementaci\u00f3n y medici\u00f3n de 63 conglomerados en el Bosques siempreverde de tierras bajas de la Amazon\u00eda, en el marco del Proyecto Fortalecimiento del Sistema Nacional de Monitoreo de Bosques. Actividad ejecutada hasta el primer trimestre del a\u00f1o 2019.<\/li>\n<li style=\"text-align: justify;\">Implementaci\u00f3n y medici\u00f3n de 40 conglomerados en las Provincias de Morona Santiago y Pastaza, a trav\u00e9s de la asistencia t\u00e9cnica de FAO entregada como parte del Programa Integral Amaz\u00f3nico de Conservaci\u00f3n de Bosques y Producci\u00f3n Sostenible PROAmazon\u00eda. Esta actividad finalizar\u00e1 en el segundo trimestre del a\u00f1o 2020.<\/li>\n<li style=\"text-align: justify;\">En el a\u00f1o 2020 se asignaron recursos para la implementaci\u00f3n de 570 unidades de muestreo a nivel nacional. Estos recursos provienen de los gobiernos de Noruega y Alemania que brindan cooperaci\u00f3n financiera basada en pagos por resultados a Ecuador a trav\u00e9s del Programa REDD Early Movers (REM).<\/li>\n<\/ul>\n<\/div>\n<p><!-- {\"name\":\"About\",\"type\":\"layout\",\"children\":[{\"type\":\"section\",\"props\":{\"style\":\"muted\",\"width\":\"large\",\"vertical_align\":\"middle\",\"title_position\":\"top-left\",\"title_rotation\":\"left\",\"title_breakpoint\":\"xl\",\"image_position\":\"center-center\"},\"children\":[{\"type\":\"row\",\"children\":[{\"type\":\"column\",\"props\":{\"image_position\":\"center-center\",\"media_overlay_gradient\":\"\",\"width_medium\":\"1-1\"},\"children\":[{\"type\":\"text\",\"props\":{\"margin\":\"default\",\"column_breakpoint\":\"m\",\"text_color\":\"danger\",\"text_size\":\"large\",\"text_align\":\"center\",\"content\":\"\n\n<p>IMPLEMENTACI\\u00d3N<\\\/p>\",\"css\":\".el-element {color: #fff;\\nfont-size: 36px;}\"}},{\"name\":\"\",\"type\":\"text\",\"props\":{\"column_breakpoint\":\"m\",\"margin\":\"default\",\"content\":\"\n\n<p>A continuaci\\u00f3n, se presentan los principales hitos de la implementaci\\u00f3n de la <strong>Evaluaci\\u00f3n Nacional Forestal<\\\/strong> en el pa\\u00eds:<\\\/p>\",\"text_style\":\"lead\",\"text_align\":\"center\",\"animation\":\"slide-bottom\",\"css\":\".el-element {color: #fff;}\"}}]}]}]},{\"name\":\"About us\",\"type\":\"section\",\"props\":{\"width\":\"large\",\"padding\":\"small\",\"style\":\"default\",\"animation\":\"fade\",\"padding_remove_top\":false,\"image_size\":\"cover\",\"overlap\":false,\"image_position\":\"center-center\",\"vertical_align\":\"middle\",\"title_position\":\"top-left\",\"title_rotation\":\"left\",\"title_breakpoint\":\"xl\",\"padding_remove_bottom\":false},\"children\":[{\"name\":\"\",\"type\":\"row\",\"props\":{\"layout\":\"1-4,1-4,1-2|1-2,1-2,1-1\",\"margin\":\"medium\"},\"children\":[{\"name\":\"\",\"type\":\"column\",\"props\":{\"image_position\":\"center-center\",\"media_overlay_gradient\":\"\",\"width_large\":\"1-4\",\"width_medium\":\"1-2\",\"vertical_align\":\"middle\"},\"children\":[{\"name\":\"\",\"type\":\"image\",\"props\":{\"margin\":\"default\",\"image\":\"wp-content\\\/uploads\\\/implementacion.png\",\"image_width\":\"180\",\"image_height\":\"180\",\"image_border\":\"circle\",\"text_align\":\"center\",\"text_align_fallback\":\"center\",\"image_svg_color\":\"emphasis\"}}]},{\"name\":\"\",\"type\":\"column\",\"props\":{\"image_position\":\"center-center\",\"media_overlay_gradient\":\"\",\"width_large\":\"1-4\",\"width_medium\":\"1-2\"},\"children\":[{\"name\":\"\",\"type\":\"headline\",\"props\":{\"title_element\":\"h3\",\"content\":\"2009\",\"title_style\":\"h2\",\"margin\":\"small\",\"text_align\":\"left\",\"text_align_breakpoint\":\"m\",\"text_align_fallback\":\"center\"}},{\"type\":\"text\",\"props\":{\"margin\":\"default\",\"column_breakpoint\":\"m\",\"text_size\":\"large\",\"content\":\"\n\n<p><strong>Inicia el proyecto Evaluaci\\u00f3n Nacional Forestal<\\\/strong><\\\/p>\",\"margin_remove_top\":true}}]},{\"name\":\"\",\"type\":\"column\",\"props\":{\"image_position\":\"center-center\",\"media_overlay_gradient\":\"\",\"width_large\":\"1-2\",\"width_medium\":\"1-1\"},\"children\":[{\"type\":\"divider\",\"props\":{\"divider_element\":\"hr\",\"divider_style\":\"\",\"divider_align\":\"\",\"divider_align_breakpoint\":\"\",\"divider_align_fallback\":\"\"}},{\"name\":\"\",\"type\":\"text\",\"props\":{\"column_breakpoint\":\"m\",\"margin\":\"\",\"content\":\"\n\n<p style=\\\"text-align: justify;\\\">Con el apoyo de asistencia t\\u00e9cnica y financiera del proyecto Manejo Forestal Sostenible ante el Cambio Clim\\u00e1tico (MFSCC) de la Organizaci\\u00f3n de las Naciones Unidas para la Alimentaci\\u00f3n y la Agricultura (FAO), y el apoyo del Ministerio de Relaciones Exteriores de Finlandia. La iniciativa se consolida en el gobierno ecuatoriano como proyecto a trav\\u00e9s de la Secretar\\u00eda Nacional de Planificaci\\u00f3n Estrat\\u00e9gica (SENPLADES) actual Secretar\\u00eda T\\u00e9cnica Planifica Ecuador.<\\\/p>\"}}]}]},{\"name\":\"\",\"type\":\"row\",\"props\":{\"layout\":\"1-4,1-4,1-2|1-2,1-2,1-1\",\"margin\":\"medium\"},\"children\":[{\"name\":\"\",\"type\":\"column\",\"props\":{\"image_position\":\"center-center\",\"media_overlay_gradient\":\"\",\"width_large\":\"1-4\",\"width_medium\":\"1-2\",\"vertical_align\":\"middle\"},\"children\":[{\"name\":\"\",\"type\":\"image\",\"props\":{\"margin\":\"default\",\"image\":\"wp-content\\\/uploads\\\/implementacion2.png\",\"image_width\":\"180\",\"image_height\":\"180\",\"image_border\":\"circle\",\"text_align\":\"center\",\"image_svg_color\":\"emphasis\"}}]},{\"name\":\"\",\"type\":\"column\",\"props\":{\"image_position\":\"center-center\",\"media_overlay_gradient\":\"\",\"width_large\":\"1-4\",\"width_medium\":\"1-2\"},\"children\":[{\"name\":\"\",\"type\":\"headline\",\"props\":{\"title_element\":\"h3\",\"content\":\"2009 - 2013\",\"title_style\":\"h2\",\"margin\":\"small\",\"text_align\":\"left\",\"text_align_breakpoint\":\"m\",\"text_align_fallback\":\"center\"}},{\"type\":\"text\",\"props\":{\"margin\":\"default\",\"column_breakpoint\":\"m\",\"text_size\":\"large\",\"content\":\"\n\n<p><strong>Primera Evaluaci\\u00f3n Nacional Forestal (ENF I)<\\\/strong><\\\/p>\",\"margin_remove_top\":true}}]},{\"name\":\"\",\"type\":\"column\",\"props\":{\"image_position\":\"center-center\",\"media_overlay_gradient\":\"\",\"width_large\":\"1-2\",\"width_medium\":\"1-1\"},\"children\":[{\"type\":\"divider\",\"props\":{\"divider_element\":\"hr\",\"divider_style\":\"\",\"divider_align\":\"\",\"divider_align_breakpoint\":\"\",\"divider_align_fallback\":\"\"}},{\"name\":\"\",\"type\":\"text\",\"props\":{\"column_breakpoint\":\"m\",\"margin\":\"default\",\"content\":\"\n\n<p style=\\\"text-align: justify;\\\">En la que se gener\\u00f3 un primer inventario forestal a escala nacional, un estudio piloto para la evaluaci\\u00f3n de la relaci\\u00f3n gente-bosque, aplicado en la provincia de Sucumb\\u00edos y se obtuvo informaci\\u00f3n para la generaci\\u00f3n de mapas de carbono contenido en bosques.<\\\/p>\"}}]}]},{\"name\":\"\",\"type\":\"row\",\"props\":{\"layout\":\"1-4,1-4,1-2|1-2,1-2,1-1\",\"margin\":\"medium\"},\"children\":[{\"name\":\"\",\"type\":\"column\",\"props\":{\"image_position\":\"center-center\",\"media_overlay_gradient\":\"\",\"width_large\":\"1-4\",\"width_medium\":\"1-2\",\"vertical_align\":\"middle\"},\"children\":[{\"name\":\"\",\"type\":\"image\",\"props\":{\"margin\":\"default\",\"image\":\"wp-content\\\/uploads\\\/implementacion3.png\",\"image_width\":\"180\",\"image_height\":\"180\",\"image_border\":\"circle\",\"text_align\":\"center\",\"image_svg_color\":\"emphasis\"}}]},{\"name\":\"\",\"type\":\"column\",\"props\":{\"image_position\":\"center-center\",\"media_overlay_gradient\":\"\",\"width_large\":\"1-4\",\"width_medium\":\"1-2\"},\"children\":[{\"name\":\"\",\"type\":\"headline\",\"props\":{\"title_element\":\"h3\",\"content\":\"2014 - 2015\",\"title_style\":\"h2\",\"margin\":\"small\",\"text_align\":\"left\",\"text_align_breakpoint\":\"m\",\"text_align_fallback\":\"center\"}},{\"type\":\"text\",\"props\":{\"margin\":\"default\",\"column_breakpoint\":\"m\",\"text_size\":\"large\",\"content\":\"\n\n<p><strong>Socializaci\\u00f3n de Resultados y Cooperaci\\u00f3n Internacional<\\\/strong><\\\/p>\",\"margin_remove_top\":true}}]},{\"name\":\"\",\"type\":\"column\",\"props\":{\"image_position\":\"center-center\",\"media_overlay_gradient\":\"\",\"width_large\":\"1-2\",\"width_medium\":\"1-1\"},\"children\":[{\"type\":\"divider\",\"props\":{\"divider_element\":\"hr\",\"divider_style\":\"\",\"divider_align\":\"\",\"divider_align_breakpoint\":\"\",\"divider_align_fallback\":\"\"}},{\"name\":\"\",\"type\":\"text\",\"props\":{\"column_breakpoint\":\"m\",\"margin\":\"default\",\"content\":\"\n\n<p>La socializaci\\u00f3n del proceso de la Evaluaci\\u00f3n Nacional Forestal se realiz\\u00f3 al p\\u00fablico en general durante el cierre del Proyecto y a trav\\u00e9s de un documento de sistematizaci\\u00f3n de la experiencia. As\\u00ed tambi\\u00e9n se ha presentado los resultados y m\\u00e9todos en talleres nacionales que abordan temas relacionados al recurso forestal y sus servicios ambientales asociados.<\\\/p>\\n\n\n<p>La informaci\\u00f3n alimenta al Sistema Nacional de Monitoreo de Bosques y es empleada en varios reportes nacionales e internacionales.<\\\/p>\\n\n\n<p>La ENF desde su planificaci\\u00f3n hasta la difusi\\u00f3n de resultados ha mantenido el intercambio de experiencias con pa\\u00edses de la regi\\u00f3n y recibido asistencia t\\u00e9cnica y financiera de varias instituciones y programas de cooperaci\\u00f3n de varios pa\\u00edses.<\\\/p>\"}}]}]},{\"name\":\"\",\"type\":\"row\",\"props\":{\"layout\":\"1-4,1-4,1-2|1-2,1-2,1-1\",\"margin\":\"medium\"},\"children\":[{\"name\":\"\",\"type\":\"column\",\"props\":{\"image_position\":\"center-center\",\"media_overlay_gradient\":\"\",\"width_large\":\"1-4\",\"width_medium\":\"1-2\",\"vertical_align\":\"middle\"},\"children\":[{\"name\":\"\",\"type\":\"image\",\"props\":{\"margin\":\"default\",\"image\":\"wp-content\\\/uploads\\\/implementacion.png\",\"image_width\":\"180\",\"image_height\":\"180\",\"image_border\":\"circle\",\"text_align\":\"center\",\"text_align_fallback\":\"center\",\"image_svg_color\":\"emphasis\"}}]},{\"name\":\"\",\"type\":\"column\",\"props\":{\"image_position\":\"center-center\",\"media_overlay_gradient\":\"\",\"width_large\":\"1-4\",\"width_medium\":\"1-2\"},\"children\":[{\"name\":\"\",\"type\":\"headline\",\"props\":{\"title_element\":\"h3\",\"content\":\"2016 - 2017\",\"title_style\":\"h2\",\"margin\":\"small\",\"text_align\":\"left\",\"text_align_breakpoint\":\"m\",\"text_align_fallback\":\"center\"}},{\"type\":\"text\",\"props\":{\"margin\":\"default\",\"column_breakpoint\":\"m\",\"text_size\":\"large\",\"content\":\"\n\n<p><strong>Fase preparatoria ENF II<\\\/strong><\\\/p>\",\"margin_remove_top\":true}}]},{\"name\":\"\",\"type\":\"column\",\"props\":{\"image_position\":\"center-center\",\"media_overlay_gradient\":\"\",\"width_large\":\"1-2\",\"width_medium\":\"1-1\"},\"children\":[{\"type\":\"divider\",\"props\":{\"divider_element\":\"hr\",\"divider_style\":\"\",\"divider_align\":\"\",\"divider_align_breakpoint\":\"\",\"divider_align_fallback\":\"\"}},{\"name\":\"\",\"type\":\"text\",\"props\":{\"column_breakpoint\":\"m\",\"margin\":\"default\",\"content\":\"\n\n<p style=\\\"text-align: justify;\\\">En base a los resultados obtenidos en la primera evaluaci\\u00f3n y las necesidades de informaci\\u00f3n para la gesti\\u00f3n forestal, se realiz\\u00f3 la definici\\u00f3n del marco conceptual y metodol\\u00f3gico para la ejecuci\\u00f3n de la segunda Evaluaci\\u00f3n Nacional Forestal (ENF II).<\\\/p>\"}}]}]},{\"name\":\"\",\"type\":\"row\",\"props\":{\"layout\":\"1-4,1-4,1-2|1-2,1-2,1-1\",\"margin\":\"medium\"},\"children\":[{\"name\":\"\",\"type\":\"column\",\"props\":{\"image_position\":\"center-center\",\"media_overlay_gradient\":\"\",\"width_large\":\"1-4\",\"width_medium\":\"1-2\",\"vertical_align\":\"middle\"},\"children\":[{\"name\":\"\",\"type\":\"image\",\"props\":{\"margin\":\"default\",\"image\":\"wp-content\\\/uploads\\\/implementacion4.png\",\"image_width\":\"180\",\"image_height\":\"180\",\"image_border\":\"circle\",\"text_align\":\"center\",\"image_svg_color\":\"emphasis\"}}]},{\"name\":\"\",\"type\":\"column\",\"props\":{\"image_position\":\"center-center\",\"media_overlay_gradient\":\"\",\"width_large\":\"1-4\",\"width_medium\":\"1-2\"},\"children\":[{\"name\":\"\",\"type\":\"headline\",\"props\":{\"title_element\":\"h3\",\"content\":\"2018 - 2023\",\"title_style\":\"h2\",\"margin\":\"small\",\"text_align\":\"left\",\"text_align_breakpoint\":\"m\",\"text_align_fallback\":\"center\"}},{\"type\":\"text\",\"props\":{\"margin\":\"default\",\"column_breakpoint\":\"m\",\"text_size\":\"large\",\"content\":\"\n\n<p><strong>Implementaci\\u00f3n Segunda ENF<\\\/strong><\\\/p>\",\"margin_remove_top\":true}}]},{\"name\":\"\",\"type\":\"column\",\"props\":{\"image_position\":\"center-center\",\"media_overlay_gradient\":\"\",\"width_large\":\"1-2\",\"width_medium\":\"1-1\"},\"children\":[{\"type\":\"divider\",\"props\":{\"divider_element\":\"hr\",\"divider_style\":\"\",\"divider_align\":\"\",\"divider_align_breakpoint\":\"\",\"divider_align_fallback\":\"\"}},{\"name\":\"\",\"type\":\"text\",\"props\":{\"column_breakpoint\":\"m\",\"margin\":\"default\",\"content\":\"\n\n<p style=\\\"text-align: justify;\\\">Se inicia la implementaci\\u00f3n de la segunda Evaluaci\\u00f3n Nacional Forestal (ENF II), con la la cooperaci\\u00f3n financiera del gobierno de Alemania, alcanz\\u00e1ndose los siguientes hitos:<\\\/p>\\n\n\n<ul>\\n\n\n<li style=\\\"text-align: justify;\\\">Implementaci\\u00f3n y medici\\u00f3n de 63 conglomerados en el Bosques siempreverde de tierras bajas de la Amazon\\u00eda, en el marco del Proyecto Fortalecimiento del Sistema Nacional de Monitoreo de Bosques. Actividad ejecutada hasta el primer trimestre del a\\u00f1o 2019.<\\\/li>\\n\n\n<li style=\\\"text-align: justify;\\\">Implementaci\\u00f3n y medici\\u00f3n de 40 conglomerados en las Provincias de Morona Santiago y Pastaza, a trav\\u00e9s de la asistencia t\\u00e9cnica de FAO entregada como parte del Programa Integral Amaz\\u00f3nico de Conservaci\\u00f3n de Bosques y Producci\\u00f3n Sostenible PROAmazon\\u00eda. Esta actividad finalizar\\u00e1 en el segundo trimestre del a\\u00f1o 2020.<\\\/li>\\n\n\n<li style=\\\"text-align: justify;\\\">En el a\\u00f1o 2020 se asignaron recursos para la implementaci\\u00f3n de 570 unidades de muestreo a nivel nacional. Estos recursos provienen de los gobiernos de Noruega y Alemania que brindan cooperaci\\u00f3n financiera basada en pagos por resultados a Ecuador a trav\\u00e9s del Programa REDD Early Movers (REM).<\\\/li>\\n<\\\/ul>\"}}]}]}]}],\"version\":\"2.1.2\"} --><\/p>\n","protected":false},"excerpt":{"rendered":"<p>IMPLEMENTACI\u00d3N A continuaci\u00f3n, se presentan los principales hitos de la implementaci\u00f3n de la Evaluaci\u00f3n Nacional Forestal en el pa\u00eds: 2009 Inicia el proyecto Evaluaci\u00f3n Nacional Forestal Con el apoyo de asistencia t\u00e9cnica y financiera del proyecto Manejo Forestal Sostenible ante el Cambio Clim\u00e1tico (MFSCC) de la Organizaci\u00f3n de las Naciones Unidas para la Alimentaci\u00f3n y [&hellip;]<\/p>\n","protected":false},"author":1,"featured_media":0,"parent":0,"menu_order":0,"comment_status":"closed","ping_status":"closed","template":"","meta":{"om_disable_all_campaigns":false,"_monsterinsights_skip_tracking":false,"_monsterinsights_sitenote_active":false,"_monsterinsights_sitenote_note":"","_monsterinsights_sitenote_category":0,"_uf_show_specific_survey":0,"_uf_disable_surveys":false,"footnotes":""},"class_list":["post-777","page","type-page","status-publish","hentry"],"_links":{"self":[{"href":"https:\/\/enf.ambiente.gob.ec\/web_enf\/index.php?rest_route=\/wp\/v2\/pages\/777","targetHints":{"allow":["GET"]}}],"collection":[{"href":"https:\/\/enf.ambiente.gob.ec\/web_enf\/index.php?rest_route=\/wp\/v2\/pages"}],"about":[{"href":"https:\/\/enf.ambiente.gob.ec\/web_enf\/index.php?rest_route=\/wp\/v2\/types\/page"}],"author":[{"embeddable":true,"href":"https:\/\/enf.ambiente.gob.ec\/web_enf\/index.php?rest_route=\/wp\/v2\/users\/1"}],"replies":[{"embeddable":true,"href":"https:\/\/enf.ambiente.gob.ec\/web_enf\/index.php?rest_route=%2Fwp%2Fv2%2Fcomments&post=777"}],"version-history":[{"count":51,"href":"https:\/\/enf.ambiente.gob.ec\/web_enf\/index.php?rest_route=\/wp\/v2\/pages\/777\/revisions"}],"predecessor-version":[{"id":1802,"href":"https:\/\/enf.ambiente.gob.ec\/web_enf\/index.php?rest_route=\/wp\/v2\/pages\/777\/revisions\/1802"}],"wp:attachment":[{"href":"https:\/\/enf.ambiente.gob.ec\/web_enf\/index.php?rest_route=%2Fwp%2Fv2%2Fmedia&parent=777"}],"curies":[{"name":"wp","href":"https:\/\/api.w.org\/{rel}","templated":true}]}}