{"id":696,"date":"2020-03-24T13:20:39","date_gmt":"2020-03-24T13:20:39","guid":{"rendered":"http:\/\/www.geekecuador.com\/enf\/?page_id=696"},"modified":"2020-11-25T21:49:20","modified_gmt":"2020-11-25T21:49:20","slug":"evaluacion-nacional-forestal-ii","status":"publish","type":"page","link":"https:\/\/enf.ambiente.gob.ec\/web_enf\/?page_id=696","title":{"rendered":"Evaluaci\u00f3n Nacional Forestal II"},"content":{"rendered":"<p><img decoding=\"async\" src=\"\/web_enf\/wp-content\/uploads\/inf.png\" alt=\"\"><\/p>\n<h2>\n<h2>EVALUACI\u00d3N NACIONAL FORESTAL II<\/h2>\n<\/h2>\n<div>\n<p style=\"text-align: justify;\"><strong>La segunda Evaluaci\u00f3n Nacional Forestal (ENF II)<\/strong> se encuentra actualmente en proceso de ejecuci\u00f3n con un periodo de ejecuci\u00f3n hasta el a\u00f1o 2023. Su implementaci\u00f3n est\u00e1 siendo realizada con el apoyo de asistencia t\u00e9cnica y financiera del <strong>Programa de Conservaci\u00f3n de Bosques y REDD+ (PCB REDD+)<\/strong>, <strong>Programa Integral Amaz\u00f3nico de Conservaci\u00f3n de Bosques y Producci\u00f3n Sostenible (PROAmazon\u00eda)<\/strong> y el <strong>Programa REDD Early Movers (REM).<\/strong><\/p>\n<\/div>\n<h1>\n<h2 style=\"text-align: center;\">Objetivos<\/h2>\n<\/h1>\n<ul>\n<li>\n<h3>General<\/h3>\n<div>\n<p style=\"text-align: justify;\">Proveer informaci\u00f3n peri\u00f3dica y confiable sobre las existencias, caracter\u00edsticas y el estado de los recursos forestales del pa\u00eds como base para orientar el ordenamiento de las tierras forestales en la toma de decisiones para su manejo y administraci\u00f3n.<\/p>\n<p style=\"text-align: justify;\">Adicionalmente, para cumplir con los requerimientos de medici\u00f3n, reportaje, y verificaci\u00f3n de la Estrategia Nacional REDD+ del pa\u00eds y otros compromisos en el \u00e1mbito nacional e internacional.<\/p>\n<\/div>\n<\/li>\n<li>\n<h3>Espec\u00edficos<\/h3>\n<div>\n<ul>\n<li style=\"text-align: justify;\">Determinar de forma peri\u00f3dica las existencias y caracter\u00edsticas de los recursos forestales por tipos de bosque (dendrometr\u00eda, especies, abundancia, volumen potencial aprovechable, biomasa), para la generaci\u00f3n de indicadores, m\u00e9tricas del estado productivo, diversidad y uso potencial de los bosques en el Ecuador.<\/li>\n<li style=\"text-align: justify;\">Dise\u00f1ar procesos de almacenamiento, an\u00e1lisis, sistematizaci\u00f3n, manejo de informaci\u00f3n forestal, la misma que debe ser actualizada peri\u00f3dicamente, adem\u00e1s de estar disponible para todos los actores del \u00e1mbito forestal en el marco del sistema nacional del monitoreo de bosques.<\/li>\n<li style=\"text-align: justify;\">Generar indicadores y m\u00e9tricas para el reporte del stock y variaci\u00f3n de carbono por tipo de bosque, que cumplan con los requerimientos de la Estrategia Nacional REDD+.<\/li>\n<li style=\"text-align: justify;\">Fortalecer las capacidades t\u00e9cnicas y organizativas nacionales de manera permanente, para el levantamiento, procesamiento, an\u00e1lisis y control de calidad de la informaci\u00f3n.<\/li>\n<\/ul>\n<\/div>\n<\/li>\n<\/ul>\n<h1>\n<h2 style=\"text-align: center;\">Componentes Evaluaci\u00f3n Nacional Forestal II<\/h2>\n<\/h1>\n<hr>\n<div>\n<p style=\"text-align: center;\">Conoce m\u00e1s de la <strong>Evaluaci\u00f3n Nacional Forestal II<\/strong>, a trav\u00e9s de sus componentes:<\/p>\n<\/div>\n<div>\n<p>        <img decoding=\"async\" src=\"\/web_enf\/wp-content\/uploads\/inventario.png\" alt=\"\"><\/p>\n<p>        <img decoding=\"async\" src=\"\/web_enf\/wp-content\/uploads\/inventario_forestal.png\" alt=\"\"><\/p>\n<div>\n<p>\u00a0<\/p>\n<p>Proporciona informaci\u00f3n cualitativa y cuantitativa sobre el estado, utilizaci\u00f3n, ordenaci\u00f3n y tendencias del Patrimonio Forestal Nacional.<\/p>\n<p><a href=\"\/web_enf\/index.php?page_id=702\"><img loading=\"lazy\" decoding=\"async\" class=\"alignnone  wp-image-340 aligncenter\" src=\"\/web_enf\/wp-content\/uploads\/boton.png\" alt=\"\" width=\"136\" height=\"53\" srcset=\"https:\/\/enf.ambiente.gob.ec\/web_enf\/wp-content\/uploads\/boton.png 500w, https:\/\/enf.ambiente.gob.ec\/web_enf\/wp-content\/uploads\/boton-300x117.png 300w\" sizes=\"auto, (max-width: 136px) 100vw, 136px\" \/><\/a><\/p>\n<\/div>\n<\/div>\n<div>\n<p>        <img decoding=\"async\" src=\"\/web_enf\/wp-content\/uploads\/mapa_carbono.png\" alt=\"\"><\/p>\n<p>        <img decoding=\"async\" src=\"\/web_enf\/wp-content\/uploads\/mapa_carbono_out.png\" alt=\"\"><\/p>\n<div>\n<p>\u00a0<\/p>\n<p>Al momento nos encontramos desarrollando actividades del componente <strong>ACTUALIZACI\u00d3N INVENTARIO NACIONAL FORESTAL<\/strong><\/p>\n<p>\u00a0<\/p>\n<\/div>\n<\/div>\n<div>\n<p>        <img decoding=\"async\" src=\"\/web_enf\/wp-content\/uploads\/relacion_gente_bosque.png\" alt=\"\"><\/p>\n<p>        <img decoding=\"async\" src=\"\/web_enf\/wp-content\/uploads\/relacion_gente_bosque_out.png\" alt=\"\"><\/p>\n<div>\n<p>\u00a0<\/p>\n<p>Al momento nos encontramos desarrollando actividades del componente <strong>ACTUALIZACI\u00d3N INVENTARIO NACIONAL FORESTAL<\/strong><\/p>\n<p>\u00a0<\/p>\n<\/div>\n<\/div>\n<p><!-- {\"name\":\"1ERA ENF\",\"type\":\"layout\",\"children\":[{\"name\":\"Materials 01\",\"type\":\"section\",\"props\":{\"style\":\"secondary\",\"width\":\"large\",\"vertical_align\":\"\",\"title_position\":\"center-right\",\"title_rotation\":\"left\",\"title_breakpoint\":\"m\",\"image_position\":\"center-center\",\"padding\":\"none\",\"title\":\"\",\"animation_delay\":false},\"children\":[{\"name\":\"\",\"type\":\"row\",\"props\":{\"layout\":\"1-2,1-2\",\"column_gap\":\"large\",\"row_gap\":\"large\"},\"children\":[{\"name\":\"\",\"type\":\"column\",\"props\":{\"image_position\":\"center-center\",\"media_overlay_gradient\":\"\",\"width_medium\":\"1-2\"},\"children\":[{\"name\":\"\",\"type\":\"image\",\"props\":{\"margin\":\"\",\"image_box_decoration\":\"mask\",\"text_align\":\"right\",\"animation\":\"none\",\"container_padding_remove\":true,\"image\":\"wp-content\\\/uploads\\\/inf.png\",\"parallax_breakpoint\":\"m\",\"parallax_easing\":\"1.2\",\"parallax_y_start\":\"50\",\"parallax_y_end\":\"-100\",\"image_width\":\"650\",\"image_svg_color\":\"emphasis\"}}]},{\"name\":\"\",\"type\":\"column\",\"props\":{\"image_position\":\"center-center\",\"vertical_align\":\"middle\",\"media_overlay_gradient\":\"\",\"width_medium\":\"1-2\"},\"children\":[{\"name\":\"\",\"type\":\"headline\",\"props\":{\"title_element\":\"h2\",\"title_style\":\"h1\",\"text_align\":\"left\",\"text_align_breakpoint\":\"s\",\"text_align_fallback\":\"center\",\"animation\":\"parallax\",\"content\":\"\n\n<h2>EVALUACI\\u00d3N NACIONAL FORESTAL II<\\\/h2>\",\"parallax_breakpoint\":\"m\",\"parallax_viewport\":\"0.3\",\"margin_remove_top\":true,\"parallax_opacity_start\":\"0.3\",\"parallax_opacity_end\":\"1\"}},{\"name\":\"\",\"type\":\"text\",\"props\":{\"margin\":\"medium\",\"column_breakpoint\":\"m\",\"text_align\":\"left\",\"text_align_breakpoint\":\"s\",\"text_align_fallback\":\"center\",\"animation\":\"none\",\"content\":\"\n\n<p style=\\\"text-align: justify;\\\"><strong>La segunda Evaluaci\\u00f3n Nacional Forestal (ENF II)<\\\/strong> se encuentra actualmente en proceso de ejecuci\\u00f3n con un periodo de ejecuci\\u00f3n hasta el a\\u00f1o 2023. Su implementaci\\u00f3n est\\u00e1 siendo realizada con el apoyo de asistencia t\\u00e9cnica y financiera del <strong>Programa de Conservaci\\u00f3n de Bosques y REDD+ (PCB REDD+)<\\\/strong>, <strong>Programa Integral Amaz\\u00f3nico de Conservaci\\u00f3n de Bosques y Producci\\u00f3n Sostenible (PROAmazon\\u00eda)<\\\/strong> y el <strong>Programa REDD Early Movers (REM).<\\\/strong><\\\/p>\",\"parallax_breakpoint\":\"l\",\"parallax_easing\":\"1.2\",\"parallax_viewport\":\"1\",\"parallax_y_start\":\"-80\",\"parallax_y_end\":\"80\"}}]}]}]},{\"type\":\"section\",\"props\":{\"style\":\"default\",\"width\":\"default\",\"vertical_align\":\"middle\",\"title_position\":\"top-left\",\"title_rotation\":\"left\",\"title_breakpoint\":\"xl\",\"image_position\":\"center-center\",\"padding_remove_top\":true},\"children\":[{\"type\":\"row\",\"children\":[{\"type\":\"column\",\"props\":{\"image_position\":\"center-center\",\"media_overlay_gradient\":\"\",\"width_medium\":\"1-1\"},\"children\":[{\"type\":\"headline\",\"props\":{\"title_element\":\"h1\",\"content\":\"\n\n<h2 style=\\\"text-align: center;\\\">Objetivos<\\\/h2>\"}},{\"type\":\"grid\",\"props\":{\"show_title\":true,\"show_meta\":true,\"show_content\":true,\"show_image\":true,\"show_link\":true,\"grid_default\":\"1\",\"grid_medium\":\"2\",\"filter_style\":\"tab\",\"filter_all\":true,\"filter_position\":\"top\",\"filter_align\":\"left\",\"filter_grid_width\":\"auto\",\"filter_grid_breakpoint\":\"m\",\"title_hover_style\":\"reset\",\"title_element\":\"h3\",\"title_align\":\"top\",\"title_grid_width\":\"1-2\",\"title_grid_breakpoint\":\"m\",\"meta_style\":\"meta\",\"meta_align\":\"below-title\",\"image_align\":\"top\",\"image_grid_width\":\"1-2\",\"image_grid_breakpoint\":\"m\",\"image_svg_color\":\"emphasis\",\"link_text\":\"Read more\",\"link_style\":\"default\",\"margin\":\"default\",\"item_animation\":\"\",\"grid_large\":\"2\",\"grid_xlarge\":\"2\",\"title_style\":\"h5\",\"title_decoration\":\"bullet\",\"title_font_family\":\"primary\",\"title_color\":\"success\",\"grid_masonry\":false,\"grid_divider\":true,\"filter\":false,\"icon_width\":80,\"content_column_breakpoint\":\"m\"},\"children\":[{\"type\":\"grid_item\",\"props\":{\"title\":\"General\",\"content\":\"\n\n<p style=\\\"text-align: justify;\\\">Proveer informaci\\u00f3n peri\\u00f3dica y confiable sobre las existencias, caracter\\u00edsticas y el estado de los recursos forestales del pa\\u00eds como base para orientar el ordenamiento de las tierras forestales en la toma de decisiones para su manejo y administraci\\u00f3n.<\\\/p>\\n\n\n<p style=\\\"text-align: justify;\\\">Adicionalmente, para cumplir con los requerimientos de medici\\u00f3n, reportaje, y verificaci\\u00f3n de la Estrategia Nacional REDD+ del pa\\u00eds y otros compromisos en el \\u00e1mbito nacional e internacional.<\\\/p>\"}},{\"type\":\"grid_item\",\"props\":{\"title\":\"Espec\\u00edficos\",\"content\":\"\n\n<ul>\\n\n\n<li style=\\\"text-align: justify;\\\">Determinar de forma peri\\u00f3dica las existencias y caracter\\u00edsticas de los recursos forestales por tipos de bosque (dendrometr\\u00eda, especies, abundancia, volumen potencial aprovechable, biomasa), para la generaci\\u00f3n de indicadores, m\\u00e9tricas del estado productivo, diversidad y uso potencial de los bosques en el Ecuador.<\\\/li>\\n\n\n<li style=\\\"text-align: justify;\\\">Dise\\u00f1ar procesos de almacenamiento, an\\u00e1lisis, sistematizaci\\u00f3n, manejo de informaci\\u00f3n forestal, la misma que debe ser actualizada peri\\u00f3dicamente, adem\\u00e1s de estar disponible para todos los actores del \\u00e1mbito forestal en el marco del sistema nacional del monitoreo de bosques.<\\\/li>\\n\n\n<li style=\\\"text-align: justify;\\\">Generar indicadores y m\\u00e9tricas para el reporte del stock y variaci\\u00f3n de carbono por tipo de bosque, que cumplan con los requerimientos de la Estrategia Nacional REDD+.<\\\/li>\\n\n\n<li style=\\\"text-align: justify;\\\">Fortalecer las capacidades t\\u00e9cnicas y organizativas nacionales de manera permanente, para el levantamiento, procesamiento, an\\u00e1lisis y control de calidad de la informaci\\u00f3n.<\\\/li>\\n<\\\/ul>\"}}]}]}]}]},{\"type\":\"section\",\"props\":{\"style\":\"default\",\"width\":\"large\",\"vertical_align\":\"middle\",\"title_position\":\"top-left\",\"title_rotation\":\"left\",\"title_breakpoint\":\"xl\",\"image_position\":\"center-center\",\"padding\":\"xsmall\"},\"children\":[{\"type\":\"row\",\"children\":[{\"type\":\"column\",\"props\":{\"image_position\":\"center-center\",\"media_overlay_gradient\":\"\",\"width_medium\":\"1-1\"},\"children\":[{\"type\":\"headline\",\"props\":{\"title_element\":\"h1\",\"content\":\"\n\n<h2 style=\\\"text-align: center;\\\">Componentes Evaluaci\\u00f3n Nacional Forestal II<\\\/h2>\"}},{\"type\":\"divider\",\"props\":{\"divider_element\":\"hr\",\"divider_style\":\"\",\"divider_align\":\"\",\"divider_align_breakpoint\":\"\",\"divider_align_fallback\":\"\"}},{\"type\":\"text\",\"props\":{\"margin\":\"default\",\"column_breakpoint\":\"m\",\"content\":\"\n\n<p style=\\\"text-align: center;\\\">Conoce m\\u00e1s de la <strong>Evaluaci\\u00f3n Nacional Forestal II<\\\/strong>, a trav\\u00e9s de sus componentes:<\\\/p>\"}}]}]},{\"type\":\"row\",\"props\":{\"layout\":\"1-3,1-3,1-3\",\"margin_remove_top\":true},\"children\":[{\"type\":\"column\",\"props\":{\"image_position\":\"center-center\",\"media_overlay_gradient\":\"\",\"width_medium\":\"1-3\"},\"children\":[{\"type\":\"overlay\",\"props\":{\"link_text\":\"Read more\",\"overlay_mode\":\"caption\",\"overlay_hover\":true,\"overlay_style\":\"\",\"text_color\":\"light\",\"overlay_position\":\"center\",\"overlay_transition\":\"fade\",\"title_element\":\"h3\",\"meta_style\":\"meta\",\"meta_align\":\"below-title\",\"link_style\":\"default\",\"text_align\":\"center\",\"margin\":\"default\",\"image\":\"wp-content\\\/uploads\\\/inventario.png\",\"hover_image\":\"wp-content\\\/uploads\\\/inventario_forestal.png\",\"title\":\"\",\"content\":\"\n\n<p>\\u00a0<\\\/p>\\n\n\n<p>Proporciona informaci\\u00f3n cualitativa y cuantitativa sobre el estado, utilizaci\\u00f3n, ordenaci\\u00f3n y tendencias del Patrimonio Forestal Nacional.<\\\/p>\\n\n\n<p><a href=\\\"index.php?page_id=702\\\"><img class=\\\"alignnone  wp-image-340 aligncenter\\\" src=\\\"wp-content\\\/uploads\\\/boton.png\\\" alt=\\\"\\\" width=\\\"136\\\" height=\\\"53\\\" \\\/><\\\/a><\\\/p>\",\"title_hover_style\":\"reset\"}}]},{\"type\":\"column\",\"props\":{\"image_position\":\"center-center\",\"media_overlay_gradient\":\"\",\"width_medium\":\"1-3\"},\"children\":[{\"type\":\"overlay\",\"props\":{\"link_text\":\"Read more\",\"overlay_mode\":\"caption\",\"overlay_hover\":true,\"overlay_style\":\"\",\"text_color\":\"light\",\"overlay_position\":\"center\",\"overlay_transition\":\"fade\",\"title_element\":\"h3\",\"meta_style\":\"meta\",\"meta_align\":\"below-title\",\"link_style\":\"default\",\"text_align\":\"center\",\"margin\":\"default\",\"image\":\"wp-content\\\/uploads\\\/mapa_carbono.png\",\"hover_image\":\"wp-content\\\/uploads\\\/mapa_carbono_out.png\",\"title\":\"\",\"content\":\"\n\n<p>\\u00a0<\\\/p>\\n\n\n<p>Al momento nos encontramos desarrollando actividades del componente <strong>ACTUALIZACI\\u00d3N INVENTARIO NACIONAL FORESTAL<\\\/strong><\\\/p>\\n\n\n<p>\\u00a0<\\\/p>\",\"title_hover_style\":\"reset\"}}]},{\"type\":\"column\",\"props\":{\"image_position\":\"center-center\",\"media_overlay_gradient\":\"\",\"width_medium\":\"1-3\"},\"children\":[{\"type\":\"overlay\",\"props\":{\"link_text\":\"Read more\",\"overlay_mode\":\"caption\",\"overlay_hover\":true,\"overlay_style\":\"\",\"text_color\":\"light\",\"overlay_position\":\"center\",\"overlay_transition\":\"fade\",\"title_element\":\"h3\",\"meta_style\":\"meta\",\"meta_align\":\"below-title\",\"link_style\":\"default\",\"text_align\":\"center\",\"margin\":\"default\",\"image\":\"wp-content\\\/uploads\\\/relacion_gente_bosque.png\",\"hover_image\":\"wp-content\\\/uploads\\\/relacion_gente_bosque_out.png\",\"title\":\"\",\"content\":\"\n\n<p>\\u00a0<\\\/p>\\n\n\n<p>Al momento nos encontramos desarrollando actividades del componente <strong>ACTUALIZACI\\u00d3N INVENTARIO NACIONAL FORESTAL<\\\/strong><\\\/p>\\n\n\n<p>\\u00a0<\\\/p>\",\"title_hover_style\":\"reset\"}}]}]}]}],\"version\":\"2.1.2\"} --><\/p>\n","protected":false},"excerpt":{"rendered":"<p>EVALUACI\u00d3N NACIONAL FORESTAL II La segunda Evaluaci\u00f3n Nacional Forestal (ENF II) se encuentra actualmente en proceso de ejecuci\u00f3n con un periodo de ejecuci\u00f3n hasta el a\u00f1o 2023. Su implementaci\u00f3n est\u00e1 siendo realizada con el apoyo de asistencia t\u00e9cnica y financiera del Programa de Conservaci\u00f3n de Bosques y REDD+ (PCB REDD+), Programa Integral Amaz\u00f3nico de Conservaci\u00f3n [&hellip;]<\/p>\n","protected":false},"author":1,"featured_media":0,"parent":0,"menu_order":0,"comment_status":"closed","ping_status":"closed","template":"","meta":{"om_disable_all_campaigns":false,"_monsterinsights_skip_tracking":false,"_monsterinsights_sitenote_active":false,"_monsterinsights_sitenote_note":"","_monsterinsights_sitenote_category":0,"_uf_show_specific_survey":0,"_uf_disable_surveys":false,"footnotes":""},"class_list":["post-696","page","type-page","status-publish","hentry"],"_links":{"self":[{"href":"https:\/\/enf.ambiente.gob.ec\/web_enf\/index.php?rest_route=\/wp\/v2\/pages\/696","targetHints":{"allow":["GET"]}}],"collection":[{"href":"https:\/\/enf.ambiente.gob.ec\/web_enf\/index.php?rest_route=\/wp\/v2\/pages"}],"about":[{"href":"https:\/\/enf.ambiente.gob.ec\/web_enf\/index.php?rest_route=\/wp\/v2\/types\/page"}],"author":[{"embeddable":true,"href":"https:\/\/enf.ambiente.gob.ec\/web_enf\/index.php?rest_route=\/wp\/v2\/users\/1"}],"replies":[{"embeddable":true,"href":"https:\/\/enf.ambiente.gob.ec\/web_enf\/index.php?rest_route=%2Fwp%2Fv2%2Fcomments&post=696"}],"version-history":[{"count":23,"href":"https:\/\/enf.ambiente.gob.ec\/web_enf\/index.php?rest_route=\/wp\/v2\/pages\/696\/revisions"}],"predecessor-version":[{"id":1820,"href":"https:\/\/enf.ambiente.gob.ec\/web_enf\/index.php?rest_route=\/wp\/v2\/pages\/696\/revisions\/1820"}],"wp:attachment":[{"href":"https:\/\/enf.ambiente.gob.ec\/web_enf\/index.php?rest_route=%2Fwp%2Fv2%2Fmedia&parent=696"}],"curies":[{"name":"wp","href":"https:\/\/api.w.org\/{rel}","templated":true}]}}