{"id":645,"date":"2020-03-23T03:27:21","date_gmt":"2020-03-23T03:27:21","guid":{"rendered":"http:\/\/www.geekecuador.com\/enf\/?page_id=645"},"modified":"2020-11-25T21:57:40","modified_gmt":"2020-11-25T21:57:40","slug":"relacion-gente-bosque","status":"publish","type":"page","link":"https:\/\/enf.ambiente.gob.ec\/web_enf\/?page_id=645","title":{"rendered":"Relaci\u00f3n Gente &#8211; Bosque"},"content":{"rendered":"<p><img decoding=\"async\" src=\"\/web_enf\/wp-content\/uploads\/fot-relacion-gente-bosque.png\" alt=\"\"><\/p>\n<h2>\n<h2>Relaci\u00f3n Gente &#8211; Bosque<\/h2>\n<\/h2>\n<div>\n<p style=\"text-align: justify;\">El componente de Monitoreo de la relaci\u00f3n gente-bosque tiene como finalidad conocer las relaciones existentes entre los bosques naturales del pa\u00eds y las poblaciones locales, as\u00ed como los actores y factores que han dado lugar a los procesos de deforestaci\u00f3n y conservaci\u00f3n de estos ecosistemas forestales.<\/p>\n<\/div>\n<h1>Alcance<\/h1>\n<div>\n<p style=\"text-align: justify;\"><strong>El monitoreo de la Relaci\u00f3n Gente Bosque<\/strong> desarrollado en la primera ENF, consisti\u00f3 un primer acercamiento a la relaci\u00f3n entre el ser humano y la naturaleza se manifiesta en el uso de los productos y servicios de los ecosistemas que tienen relaci\u00f3n con las necesidades locales, las mismas que deben ser conocidas y valoradas, esta informaci\u00f3n contribuye al desarrollo de estrateg\u00edas de desarrollo social y desarrollo sostenible. En este sentido, el levantamiento de informaci\u00f3n se centr\u00f3 en un piloto en la provincia de Sucumb\u00edos.<\/p>\n<\/div>\n<h1>Metodolog\u00eda<\/h1>\n<div>\n<p style=\"text-align: justify;\">La metodolog\u00eda utilizada se enfoc\u00f3 en la recopilaci\u00f3n de informaci\u00f3n en hogares, utilizando un marco de muestreo que fue dise\u00f1ado en base a la informaci\u00f3n del Censo de Poblaci\u00f3n y Vivienda realizado por el INEC en el a\u00f1o 2010.<\/p>\n<\/div>\n<hr>\n<h1>Ejecuci\u00f3n<\/h1>\n<div>\n<p style=\"text-align: left;\">La ejecuci\u00f3n del Monitoreo de la relaci\u00f3n gente &#8211; bosque, se realiz\u00f3 a trav\u00e9s de las siguientes etapas:<\/p>\n<\/div>\n<ul>\n<li>\n<h3>Definici\u00f3n y tama\u00f1o de muestra<\/h3>\n<div>\n<p style=\"text-align: justify;\">La definici\u00f3n de la muestra se realiz\u00f3 utilizando 5 criterios:<\/p>\n<ol>\n<li style=\"text-align: justify;\">Poblaciones de tama\u00f1o menor a 5000 habitantes<\/li>\n<li style=\"text-align: justify;\">Porcentaje de hogares que cocinan con le\u00f1a o carb\u00f3n<\/li>\n<li style=\"text-align: justify;\">Porcentaje de hogares que se abastecen de agua por r\u00edo o vertiente<\/li>\n<li style=\"text-align: justify;\">Porcentaje de trabajadores\/as que se dedican a actividades agr\u00edcolas y\/o forestales<\/li>\n<li style=\"text-align: justify;\">Parroquias con informaci\u00f3n de bosque nativo respecto del \u00e1rea con informaci\u00f3n y superficie total de la parroquia.<\/li>\n<\/ol>\n<p style=\"text-align: justify;\">La metodolog\u00eda consider\u00f3 dos actores hogares e instituciones.<\/p>\n<p><strong>Para hogares <\/strong><\/p>\n<p style=\"text-align: justify;\">El tipo de muestra es poliet\u00e1pica, estratificada por conglomerados y con selecci\u00f3n sistem\u00e1tica de las unidades finales de muestreo con probabilidad proporcional al tama\u00f1o (PPT) de los conglomerados.<\/p>\n<p style=\"text-align: justify;\">La selecci\u00f3n de la muestra es independiente para cada provincia del pa\u00eds.<\/p>\n<ul>\n<li style=\"text-align: justify;\"><strong>N=<\/strong> tama\u00f1o del universo (total de hogares por provincia)<\/li>\n<li style=\"text-align: justify;\"><strong>P=<\/strong> porcentaje del indicador principal de estudio (NBI)<\/li>\n<li style=\"text-align: justify;\"><strong>Q=<\/strong> complemento a 100 del valor P<\/li>\n<li style=\"text-align: justify;\"><strong>d=<\/strong> nivel de precisi\u00f3n de las estimaciones<\/li>\n<li style=\"text-align: justify;\"><strong>t=<\/strong> nivel de confiabilidad del estudio (1.96, corresponde al 95% de confianza)<\/li>\n<li style=\"text-align: justify;\"><strong>n=<\/strong> tama\u00f1o de muestra<\/li>\n<\/ul>\n<p><strong>Para instituciones <\/strong><\/p>\n<p style=\"text-align: justify;\">En base al listado de todas las empresas identificadas con la base del Censo Econ\u00f3mico 2010.<\/p>\n<p style=\"text-align: justify;\">Se agrupa en cuatro categor\u00edas: Actividades de instituciones relacionadas a la explotaci\u00f3n directa de recursos maderables, actividades de instituciones relacionadas al turismo, actividades relacionadas a organizaciones no gubernamentales, consultoras y empresas e Instituciones p\u00fablicas.<\/p>\n<p style=\"text-align: justify;\">El muestreo es probabil\u00edstico de conglomerados, estratificado y con selecci\u00f3n sistem\u00e1tica proporcional al tama\u00f1o de los conglomerados.<\/p>\n<p style=\"text-align: justify;\">El procedimiento considera la estimaci\u00f3n de varianza de una raz\u00f3n de variables, se analiza la media poblacional y el tama\u00f1o del conglomerado considerando el margen de error y finalmente aplicando la formula:<\/p>\n<p><center><img loading=\"lazy\" decoding=\"async\" class=\"wp-image-1524\" src=\"\/web_enf\/wp-content\/uploads\/formular_bosque.png\" alt=\"\" width=\"134\" height=\"84\" \/><\/center><\/p>\n<p><strong>Donde:<\/strong><\/p>\n<ul>\n<li><strong>n=<\/strong> n\u00famero de conglomerados de muestra<\/li>\n<li><strong><em>M<\/em>=<\/strong> Tama\u00f1o promedio de los conglomerados de la poblaci\u00f3n objetivo<\/li>\n<li><strong>N=<\/strong> n\u00famero de conglomerados de la poblaci\u00f3n<\/li>\n<li><strong>S=<\/strong> varianza<\/li>\n<li><strong>e=<\/strong> error<\/li>\n<li><strong>t=<\/strong> grado de confianza<\/li>\n<\/ul>\n<p><center><img loading=\"lazy\" decoding=\"async\" class=\"alignnone  wp-image-1525\" src=\"\/web_enf\/wp-content\/uploads\/formular_bosque2.png\" alt=\"\" width=\"181\" height=\"87\" srcset=\"https:\/\/enf.ambiente.gob.ec\/web_enf\/wp-content\/uploads\/formular_bosque2.png 946w, https:\/\/enf.ambiente.gob.ec\/web_enf\/wp-content\/uploads\/formular_bosque2-300x145.png 300w, https:\/\/enf.ambiente.gob.ec\/web_enf\/wp-content\/uploads\/formular_bosque2-768x370.png 768w\" sizes=\"auto, (max-width: 181px) 100vw, 181px\" \/><\/center><\/div>\n<\/li>\n<li>\n<h3>Recopilaci\u00f3n de informaci\u00f3n<\/h3>\n<div>\n<p style=\"text-align: justify;\">La recopilaci\u00f3n de informaci\u00f3n se realiz\u00f3 a trav\u00e9s de la aplicaci\u00f3n de encuestas con 12 secciones, que recopilaron la siguiente informaci\u00f3n:<\/p>\n<ul>\n<li style=\"text-align: justify;\"><strong>SECCI\u00d3N A<\/strong>: Datos generales<\/li>\n<li style=\"text-align: justify;\"><strong>SECCI\u00d3N B:<\/strong> Caracterizaci\u00f3n de los miembros del hogar<\/li>\n<li style=\"text-align: justify;\"><strong>SECCI\u00d3N C:<\/strong> Datos de la vivienda y del hogar<\/li>\n<li style=\"text-align: justify;\"><strong>SECCI\u00d3N D:<\/strong> Cobertura y uso del suelo<\/li>\n<li style=\"text-align: justify;\"><strong>SECCI\u00d3N E:<\/strong> Aprovechamiento de los bienes y servicios de los bosques<\/li>\n<li style=\"text-align: justify;\"><strong>SECCI\u00d3N F:<\/strong> Fuentes h\u00eddricas y biodiversidad<\/li>\n<li style=\"text-align: justify;\"><strong>SECCI\u00d3N G:<\/strong> Sistemas de producci\u00f3n agr\u00edcola<\/li>\n<li style=\"text-align: justify;\"><strong>SECCI\u00d3N H:<\/strong> Sistemas de producci\u00f3n pecuaria<\/li>\n<li style=\"text-align: justify;\"><strong>SECCI\u00d3N I:<\/strong> Dificultades en la producci\u00f3n agropecuaria<\/li>\n<li style=\"text-align: justify;\"><strong>SECCI\u00d3N J:<\/strong> Seguridad alimentaria<\/li>\n<li style=\"text-align: justify;\"><strong>SECCI\u00d3N K:<\/strong> Organizaci\u00f3n<\/li>\n<li style=\"text-align: justify;\"><strong>SECCI\u00d3N L:<\/strong> Conocimiento y participaci\u00f3n en el Proyecto Socio Bosque (PSB)<\/li>\n<\/ul>\n<p style=\"text-align: justify;\">Los actores institucionales se dividen en dos grupos:<\/p>\n<p style=\"text-align: justify;\"><strong> Actores estatales a quienes se consult\u00f3 respecto a: <\/strong><\/p>\n<ul>\n<li style=\"text-align: justify;\">Datos generales<\/li>\n<li style=\"text-align: justify;\">Caminos vecinales<\/li>\n<li style=\"text-align: justify;\">Explotaci\u00f3n minera<\/li>\n<li style=\"text-align: justify;\">Infraestructura de riego<\/li>\n<li style=\"text-align: justify;\">Marco normativo<\/li>\n<li style=\"text-align: justify;\">Incentivos para la producci\u00f3n agropecuaria<\/li>\n<li style=\"text-align: justify;\">Agua potable y\/o entubada<\/li>\n<\/ul>\n<p><strong>Actores privados: <\/strong><\/p>\n<ul>\n<li>Datos generales<\/li>\n<li>Conservaci\u00f3n de bosques<\/li>\n<li>Comercializaci\u00f3n de madera de transformaci\u00f3n primaria<\/li>\n<li>Comercializaci\u00f3n de madera de transformaci\u00f3n secundaria<\/li>\n<li>Aprovechamiento de productos no maderables<\/li>\n<li>Consumo de le\u00f1a y carb\u00f3n<\/li>\n<li>Producci\u00f3n agropecuaria<\/li>\n<li>Gremios<\/li>\n<\/ul>\n<\/div>\n<\/li>\n<li>\n<h3>An\u00e1lisis de resultados<\/h3>\n<div>\n<p style=\"text-align: justify;\">La informaci\u00f3n obtenida fue analizada utilizando el paquete estad\u00edstico SPSS, obteniendo como resultado de este an\u00e1lisis informaci\u00f3n relacionada a la caracterizaci\u00f3n de la poblaci\u00f3n, caracterizaci\u00f3n socioecon\u00f3mica, caracterizaci\u00f3n sociocultural e informaci\u00f3n relacionada al aprovechamiento del bosque en las comunidades encuestadas.<\/p>\n<\/div>\n<\/li>\n<\/ul>\n<p><img decoding=\"async\" src=\"\/web_enf\/wp-content\/uploads\/ejecucion.png\" alt=\"\"><\/p>\n<hr>\n<p><a href=\"\/web_enf\/index.php?page_id=1239\"><img decoding=\"async\" src=\"\/web_enf\/wp-content\/uploads\/banner-resultados.png\" alt=\"\"><\/a><\/p>\n<p><!-- {\"name\":\"INF\",\"type\":\"layout\",\"children\":[{\"name\":\"Materials 01\",\"type\":\"section\",\"props\":{\"style\":\"secondary\",\"width\":\"large\",\"vertical_align\":\"\",\"title_position\":\"center-right\",\"title_rotation\":\"left\",\"title_breakpoint\":\"m\",\"image_position\":\"center-center\",\"padding\":\"none\",\"title\":\"\",\"animation_delay\":false,\"padding_remove_bottom\":false,\"padding_remove_horizontal\":false},\"children\":[{\"name\":\"\",\"type\":\"row\",\"props\":{\"layout\":\"1-2,1-2\",\"column_gap\":\"large\",\"row_gap\":\"large\"},\"children\":[{\"name\":\"\",\"type\":\"column\",\"props\":{\"image_position\":\"center-center\",\"vertical_align\":\"bottom\",\"media_overlay_gradient\":\"\",\"width_medium\":\"1-2\"},\"children\":[{\"name\":\"\",\"type\":\"image\",\"props\":{\"margin\":\"\",\"image_box_decoration\":\"mask\",\"text_align\":\"right\",\"animation\":\"none\",\"container_padding_remove\":true,\"image\":\"wp-content\\\/uploads\\\/fot-relacion-gente-bosque.png\",\"parallax_breakpoint\":\"m\",\"parallax_easing\":\"1.2\",\"parallax_y_start\":\"50\",\"parallax_y_end\":\"-100\",\"image_width\":\"730\",\"image_svg_color\":\"emphasis\"}}]},{\"name\":\"\",\"type\":\"column\",\"props\":{\"image_position\":\"center-center\",\"vertical_align\":\"middle\",\"media_overlay_gradient\":\"\",\"width_medium\":\"1-2\"},\"children\":[{\"name\":\"\",\"type\":\"headline\",\"props\":{\"title_element\":\"h2\",\"title_style\":\"h1\",\"text_align\":\"left\",\"text_align_breakpoint\":\"s\",\"text_align_fallback\":\"center\",\"animation\":\"parallax\",\"content\":\"\n\n<h2>Relaci\\u00f3n Gente - Bosque<\\\/h2>\",\"parallax_breakpoint\":\"m\",\"parallax_viewport\":\"0.3\",\"margin_remove_top\":true,\"parallax_opacity_start\":\"0.3\",\"parallax_opacity_end\":\"1\"}},{\"type\":\"text\",\"props\":{\"margin\":\"default\",\"column_breakpoint\":\"m\",\"content\":\"\n\n<p style=\\\"text-align: justify;\\\">El componente de Monitoreo de la relaci\\u00f3n gente-bosque tiene como finalidad conocer las relaciones existentes entre los bosques naturales del pa\\u00eds y las poblaciones locales, as\\u00ed como los actores y factores que han dado lugar a los procesos de deforestaci\\u00f3n y conservaci\\u00f3n de estos ecosistemas forestales.<\\\/p>\"}},{\"type\":\"headline\",\"props\":{\"title_element\":\"h1\",\"title_style\":\"h5\",\"title_decoration\":\"bullet\",\"title_font_family\":\"primary\",\"content\":\"Alcance\"}},{\"name\":\"\",\"type\":\"text\",\"props\":{\"margin\":\"medium\",\"column_breakpoint\":\"m\",\"text_align\":\"left\",\"text_align_breakpoint\":\"s\",\"text_align_fallback\":\"center\",\"animation\":\"none\",\"content\":\"\n\n<p style=\\\"text-align: justify;\\\"><strong>El monitoreo de la Relaci\\u00f3n Gente Bosque<\\\/strong> desarrollado en la primera ENF, consisti\\u00f3 un primer acercamiento a la relaci\\u00f3n entre el ser humano y la naturaleza se manifiesta en el uso de los productos y servicios de los ecosistemas que tienen relaci\\u00f3n con las necesidades locales, las mismas que deben ser conocidas y valoradas, esta informaci\\u00f3n contribuye al desarrollo de estrateg\\u00edas de desarrollo social y desarrollo sostenible. En este sentido, el levantamiento de informaci\\u00f3n se centr\\u00f3 en un piloto en la provincia de Sucumb\\u00edos.<\\\/p>\",\"parallax_breakpoint\":\"l\",\"parallax_easing\":\"1.2\",\"parallax_viewport\":\"1\",\"parallax_y_start\":\"-80\",\"parallax_y_end\":\"80\"}}]}]}]},{\"type\":\"section\",\"props\":{\"style\":\"default\",\"width\":\"large\",\"vertical_align\":\"middle\",\"title_position\":\"top-left\",\"title_rotation\":\"left\",\"title_breakpoint\":\"xl\",\"image_position\":\"center-center\",\"padding\":\"small\"},\"children\":[{\"type\":\"row\",\"props\":{\"margin\":\"small\"},\"children\":[{\"type\":\"column\",\"props\":{\"image_position\":\"center-center\",\"media_overlay_gradient\":\"\",\"width_medium\":\"1-1\"},\"children\":[{\"type\":\"headline\",\"props\":{\"title_element\":\"h1\",\"title_style\":\"h5\",\"title_decoration\":\"bullet\",\"title_font_family\":\"primary\",\"content\":\"Metodolog\\u00eda\"}}]}]},{\"type\":\"row\",\"props\":{\"margin\":\"small\"},\"children\":[{\"type\":\"column\",\"props\":{\"image_position\":\"center-center\",\"media_overlay_gradient\":\"\",\"width_medium\":\"1-1\"},\"children\":[{\"type\":\"text\",\"props\":{\"margin\":\"default\",\"column_breakpoint\":\"m\",\"content\":\"\n\n<p style=\\\"text-align: justify;\\\">La metodolog\\u00eda utilizada se enfoc\\u00f3 en la recopilaci\\u00f3n de informaci\\u00f3n en hogares, utilizando un marco de muestreo que fue dise\\u00f1ado en base a la informaci\\u00f3n del Censo de Poblaci\\u00f3n y Vivienda realizado por el INEC en el a\\u00f1o 2010.<\\\/p>\"}}]}]},{\"type\":\"row\",\"props\":{\"margin\":\"small\"},\"children\":[{\"type\":\"column\",\"props\":{\"image_position\":\"center-center\",\"media_overlay_gradient\":\"\",\"width_medium\":\"1-1\"},\"children\":[{\"type\":\"divider\",\"props\":{\"divider_element\":\"hr\",\"divider_style\":\"icon\",\"divider_align\":\"\",\"divider_align_breakpoint\":\"\",\"divider_align_fallback\":\"\"}}]}]},{\"type\":\"row\",\"props\":{\"margin\":\"small\"},\"children\":[{\"type\":\"column\",\"props\":{\"image_position\":\"center-center\",\"media_overlay_gradient\":\"\",\"width_medium\":\"1-1\"},\"children\":[{\"type\":\"headline\",\"props\":{\"title_element\":\"h1\",\"title_style\":\"h5\",\"title_decoration\":\"bullet\",\"title_font_family\":\"primary\",\"content\":\"Ejecuci\\u00f3n\"}}]}]},{\"type\":\"row\",\"props\":{\"margin\":\"small\"},\"children\":[{\"type\":\"column\",\"props\":{\"image_position\":\"center-center\",\"media_overlay_gradient\":\"\",\"width_medium\":\"1-1\"},\"children\":[{\"type\":\"text\",\"props\":{\"margin\":\"default\",\"column_breakpoint\":\"m\",\"content\":\"\n\n<p style=\\\"text-align: left;\\\">La ejecuci\\u00f3n del Monitoreo de la relaci\\u00f3n gente - bosque, se realiz\\u00f3 a trav\\u00e9s de las siguientes etapas:<\\\/p>\"}}]}]},{\"type\":\"row\",\"props\":{\"layout\":\"1-2,1-2\",\"divider\":true,\"margin_remove_top\":true},\"children\":[{\"type\":\"column\",\"props\":{\"image_position\":\"center-center\",\"media_overlay_gradient\":\"\",\"width_medium\":\"1-2\"},\"children\":[{\"type\":\"accordion\",\"props\":{\"show_image\":true,\"show_link\":true,\"collapsible\":true,\"image_svg_color\":\"emphasis\",\"image_align\":\"top\",\"image_grid_width\":\"1-2\",\"image_grid_breakpoint\":\"m\",\"link_text\":\"Read more\",\"link_style\":\"default\",\"multiple\":false,\"content_column_breakpoint\":\"m\"},\"children\":[{\"type\":\"accordion_item\",\"props\":{\"title\":\"Definici\\u00f3n y tama\\u00f1o de muestra\",\"content\":\"\n\n<p style=\\\"text-align: justify;\\\">La definici\\u00f3n de la muestra se realiz\\u00f3 utilizando 5 criterios:<\\\/p>\\n\n\n<ol>\\n\n\n<li style=\\\"text-align: justify;\\\">Poblaciones de tama\\u00f1o menor a 5000 habitantes<\\\/li>\\n\n\n<li style=\\\"text-align: justify;\\\">Porcentaje de hogares que cocinan con le\\u00f1a o carb\\u00f3n<\\\/li>\\n\n\n<li style=\\\"text-align: justify;\\\">Porcentaje de hogares que se abastecen de agua por r\\u00edo o vertiente<\\\/li>\\n\n\n<li style=\\\"text-align: justify;\\\">Porcentaje de trabajadores\\\/as que se dedican a actividades agr\\u00edcolas y\\\/o forestales<\\\/li>\\n\n\n<li style=\\\"text-align: justify;\\\">Parroquias con informaci\\u00f3n de bosque nativo respecto del \\u00e1rea con informaci\\u00f3n y superficie total de la parroquia.<\\\/li>\\n<\\\/ol>\\n\n\n<p style=\\\"text-align: justify;\\\">La metodolog\\u00eda consider\\u00f3 dos actores hogares e instituciones.<\\\/p>\\n\n\n<p><strong>Para hogares <\\\/strong><\\\/p>\\n\n\n<p style=\\\"text-align: justify;\\\">El tipo de muestra es poliet\\u00e1pica, estratificada por conglomerados y con selecci\\u00f3n sistem\\u00e1tica de las unidades finales de muestreo con probabilidad proporcional al tama\\u00f1o (PPT) de los conglomerados.<\\\/p>\\n\n\n<p style=\\\"text-align: justify;\\\">La selecci\\u00f3n de la muestra es independiente para cada provincia del pa\\u00eds.<\\\/p>\\n\n\n<ul>\\n\n\n<li style=\\\"text-align: justify;\\\"><strong>N=<\\\/strong> tama\\u00f1o del universo (total de hogares por provincia)<\\\/li>\\n\n\n<li style=\\\"text-align: justify;\\\"><strong>P=<\\\/strong> porcentaje del indicador principal de estudio (NBI)<\\\/li>\\n\n\n<li style=\\\"text-align: justify;\\\"><strong>Q=<\\\/strong> complemento a 100 del valor P<\\\/li>\\n\n\n<li style=\\\"text-align: justify;\\\"><strong>d=<\\\/strong> nivel de precisi\\u00f3n de las estimaciones<\\\/li>\\n\n\n<li style=\\\"text-align: justify;\\\"><strong>t=<\\\/strong> nivel de confiabilidad del estudio (1.96, corresponde al 95% de confianza)<\\\/li>\\n\n\n<li style=\\\"text-align: justify;\\\"><strong>n=<\\\/strong> tama\\u00f1o de muestra<\\\/li>\\n<\\\/ul>\\n\n\n<p><strong>Para instituciones <\\\/strong><\\\/p>\\n\n\n<p style=\\\"text-align: justify;\\\">En base al listado de todas las empresas identificadas con la base del Censo Econ\\u00f3mico 2010.<\\\/p>\\n\n\n<p style=\\\"text-align: justify;\\\">Se agrupa en cuatro categor\\u00edas: Actividades de instituciones relacionadas a la explotaci\\u00f3n directa de recursos maderables, actividades de instituciones relacionadas al turismo, actividades relacionadas a organizaciones no gubernamentales, consultoras y empresas e Instituciones p\\u00fablicas.<\\\/p>\\n\n\n<p style=\\\"text-align: justify;\\\">El muestreo es probabil\\u00edstico de conglomerados, estratificado y con selecci\\u00f3n sistem\\u00e1tica proporcional al tama\\u00f1o de los conglomerados.<\\\/p>\\n\n\n<p style=\\\"text-align: justify;\\\">El procedimiento considera la estimaci\\u00f3n de varianza de una raz\\u00f3n de variables, se analiza la media poblacional y el tama\\u00f1o del conglomerado considerando el margen de error y finalmente aplicando la formula:<\\\/p>\\n<center><img class=\\\"wp-image-1524\\\" src=\\\"wp-content\\\/uploads\\\/formular_bosque.png\\\" alt=\\\"\\\" width=\\\"134\\\" height=\\\"84\\\" \\\/><\\\/center>\\n\n\n<p><strong>Donde:<\\\/strong><\\\/p>\\n\n\n<ul>\\n\n\n<li><strong>n=<\\\/strong> n\\u00famero de conglomerados de muestra<\\\/li>\\n\n\n<li><strong><em>M<\\\/em>=<\\\/strong> Tama\\u00f1o promedio de los conglomerados de la poblaci\\u00f3n objetivo<\\\/li>\\n\n\n<li><strong>N=<\\\/strong> n\\u00famero de conglomerados de la poblaci\\u00f3n<\\\/li>\\n\n\n<li><strong>S=<\\\/strong> varianza<\\\/li>\\n\n\n<li><strong>e=<\\\/strong> error<\\\/li>\\n\n\n<li><strong>t=<\\\/strong> grado de confianza<\\\/li>\\n<\\\/ul>\\n<center><img class=\\\"alignnone  wp-image-1525\\\" src=\\\"wp-content\\\/uploads\\\/formular_bosque2.png\\\" alt=\\\"\\\" width=\\\"181\\\" height=\\\"87\\\" \\\/><\\\/center>\"}},{\"type\":\"accordion_item\",\"props\":{\"title\":\"Recopilaci\\u00f3n de informaci\\u00f3n\",\"content\":\"\n\n<p style=\\\"text-align: justify;\\\">La recopilaci\\u00f3n de informaci\\u00f3n se realiz\\u00f3 a trav\\u00e9s de la aplicaci\\u00f3n de encuestas con 12 secciones, que recopilaron la siguiente informaci\\u00f3n:<\\\/p>\\n\n\n<ul>\\n\n\n<li style=\\\"text-align: justify;\\\"><strong>SECCI\\u00d3N A<\\\/strong>: Datos generales<\\\/li>\\n\n\n<li style=\\\"text-align: justify;\\\"><strong>SECCI\\u00d3N B:<\\\/strong> Caracterizaci\\u00f3n de los miembros del hogar<\\\/li>\\n\n\n<li style=\\\"text-align: justify;\\\"><strong>SECCI\\u00d3N C:<\\\/strong> Datos de la vivienda y del hogar<\\\/li>\\n\n\n<li style=\\\"text-align: justify;\\\"><strong>SECCI\\u00d3N D:<\\\/strong> Cobertura y uso del suelo<\\\/li>\\n\n\n<li style=\\\"text-align: justify;\\\"><strong>SECCI\\u00d3N E:<\\\/strong> Aprovechamiento de los bienes y servicios de los bosques<\\\/li>\\n\n\n<li style=\\\"text-align: justify;\\\"><strong>SECCI\\u00d3N F:<\\\/strong> Fuentes h\\u00eddricas y biodiversidad<\\\/li>\\n\n\n<li style=\\\"text-align: justify;\\\"><strong>SECCI\\u00d3N G:<\\\/strong> Sistemas de producci\\u00f3n agr\\u00edcola<\\\/li>\\n\n\n<li style=\\\"text-align: justify;\\\"><strong>SECCI\\u00d3N H:<\\\/strong> Sistemas de producci\\u00f3n pecuaria<\\\/li>\\n\n\n<li style=\\\"text-align: justify;\\\"><strong>SECCI\\u00d3N I:<\\\/strong> Dificultades en la producci\\u00f3n agropecuaria<\\\/li>\\n\n\n<li style=\\\"text-align: justify;\\\"><strong>SECCI\\u00d3N J:<\\\/strong> Seguridad alimentaria<\\\/li>\\n\n\n<li style=\\\"text-align: justify;\\\"><strong>SECCI\\u00d3N K:<\\\/strong> Organizaci\\u00f3n<\\\/li>\\n\n\n<li style=\\\"text-align: justify;\\\"><strong>SECCI\\u00d3N L:<\\\/strong> Conocimiento y participaci\\u00f3n en el Proyecto Socio Bosque (PSB)<\\\/li>\\n<\\\/ul>\\n\n\n<p style=\\\"text-align: justify;\\\">Los actores institucionales se dividen en dos grupos:<\\\/p>\\n\n\n<p style=\\\"text-align: justify;\\\"><strong> Actores estatales a quienes se consult\\u00f3 respecto a: <\\\/strong><\\\/p>\\n\n\n<ul>\\n\n\n<li style=\\\"text-align: justify;\\\">Datos generales<\\\/li>\\n\n\n<li style=\\\"text-align: justify;\\\">Caminos vecinales<\\\/li>\\n\n\n<li style=\\\"text-align: justify;\\\">Explotaci\\u00f3n minera<\\\/li>\\n\n\n<li style=\\\"text-align: justify;\\\">Infraestructura de riego<\\\/li>\\n\n\n<li style=\\\"text-align: justify;\\\">Marco normativo<\\\/li>\\n\n\n<li style=\\\"text-align: justify;\\\">Incentivos para la producci\\u00f3n agropecuaria<\\\/li>\\n\n\n<li style=\\\"text-align: justify;\\\">Agua potable y\\\/o entubada<\\\/li>\\n<\\\/ul>\\n\n\n<p><strong>Actores privados: <\\\/strong><\\\/p>\\n\n\n<ul>\\n\n\n<li>Datos generales<\\\/li>\\n\n\n<li>Conservaci\\u00f3n de bosques<\\\/li>\\n\n\n<li>Comercializaci\\u00f3n de madera de transformaci\\u00f3n primaria<\\\/li>\\n\n\n<li>Comercializaci\\u00f3n de madera de transformaci\\u00f3n secundaria<\\\/li>\\n\n\n<li>Aprovechamiento de productos no maderables<\\\/li>\\n\n\n<li>Consumo de le\\u00f1a y carb\\u00f3n<\\\/li>\\n\n\n<li>Producci\\u00f3n agropecuaria<\\\/li>\\n\n\n<li>Gremios<\\\/li>\\n<\\\/ul>\"}},{\"type\":\"accordion_item\",\"props\":{\"title\":\"An\\u00e1lisis de resultados\",\"content\":\"\n\n<p style=\\\"text-align: justify;\\\">La informaci\\u00f3n obtenida fue analizada utilizando el paquete estad\\u00edstico SPSS, obteniendo como resultado de este an\\u00e1lisis informaci\\u00f3n relacionada a la caracterizaci\\u00f3n de la poblaci\\u00f3n, caracterizaci\\u00f3n socioecon\\u00f3mica, caracterizaci\\u00f3n sociocultural e informaci\\u00f3n relacionada al aprovechamiento del bosque en las comunidades encuestadas.<\\\/p>\"}}]}],\"source\":{\"query\":{\"name\":\"\"}}},{\"type\":\"column\",\"props\":{\"image_position\":\"center-center\",\"media_overlay_gradient\":\"\",\"width_medium\":\"1-2\",\"vertical_align\":\"middle\"},\"children\":[{\"type\":\"image\",\"props\":{\"margin\":\"default\",\"image_svg_color\":\"emphasis\",\"text_align\":\"center\",\"image\":\"wp-content\\\/uploads\\\/ejecucion.png\"}}]}]},{\"type\":\"row\",\"children\":[{\"type\":\"column\",\"props\":{\"image_position\":\"center-center\",\"media_overlay_gradient\":\"\",\"width_medium\":\"1-1\"},\"children\":[{\"type\":\"divider\",\"props\":{\"divider_element\":\"hr\",\"divider_style\":\"icon\",\"divider_align\":\"\",\"divider_align_breakpoint\":\"\",\"divider_align_fallback\":\"\"}}]}]},{\"type\":\"row\",\"children\":[{\"type\":\"column\",\"props\":{\"image_position\":\"center-center\",\"media_overlay_gradient\":\"\",\"width_medium\":\"1-1\"},\"children\":[{\"type\":\"image\",\"props\":{\"margin\":\"default\",\"image_svg_color\":\"emphasis\",\"text_align\":\"center\",\"image\":\"wp-content\\\/uploads\\\/banner-resultados.png\",\"link\":\"index.php?page_id=1239\"}}]}]}]}],\"version\":\"2.1.2\"} --><\/p>\n","protected":false},"excerpt":{"rendered":"<p>Relaci\u00f3n Gente &#8211; Bosque El componente de Monitoreo de la relaci\u00f3n gente-bosque tiene como finalidad conocer las relaciones existentes entre los bosques naturales del pa\u00eds y las poblaciones locales, as\u00ed como los actores y factores que han dado lugar a los procesos de deforestaci\u00f3n y conservaci\u00f3n de estos ecosistemas forestales. Alcance El monitoreo de la [&hellip;]<\/p>\n","protected":false},"author":1,"featured_media":0,"parent":0,"menu_order":0,"comment_status":"closed","ping_status":"closed","template":"","meta":{"om_disable_all_campaigns":false,"_monsterinsights_skip_tracking":false,"_monsterinsights_sitenote_active":false,"_monsterinsights_sitenote_note":"","_monsterinsights_sitenote_category":0,"_uf_show_specific_survey":0,"_uf_disable_surveys":false,"footnotes":""},"class_list":["post-645","page","type-page","status-publish","hentry"],"_links":{"self":[{"href":"https:\/\/enf.ambiente.gob.ec\/web_enf\/index.php?rest_route=\/wp\/v2\/pages\/645","targetHints":{"allow":["GET"]}}],"collection":[{"href":"https:\/\/enf.ambiente.gob.ec\/web_enf\/index.php?rest_route=\/wp\/v2\/pages"}],"about":[{"href":"https:\/\/enf.ambiente.gob.ec\/web_enf\/index.php?rest_route=\/wp\/v2\/types\/page"}],"author":[{"embeddable":true,"href":"https:\/\/enf.ambiente.gob.ec\/web_enf\/index.php?rest_route=\/wp\/v2\/users\/1"}],"replies":[{"embeddable":true,"href":"https:\/\/enf.ambiente.gob.ec\/web_enf\/index.php?rest_route=%2Fwp%2Fv2%2Fcomments&post=645"}],"version-history":[{"count":44,"href":"https:\/\/enf.ambiente.gob.ec\/web_enf\/index.php?rest_route=\/wp\/v2\/pages\/645\/revisions"}],"predecessor-version":[{"id":1825,"href":"https:\/\/enf.ambiente.gob.ec\/web_enf\/index.php?rest_route=\/wp\/v2\/pages\/645\/revisions\/1825"}],"wp:attachment":[{"href":"https:\/\/enf.ambiente.gob.ec\/web_enf\/index.php?rest_route=%2Fwp%2Fv2%2Fmedia&parent=645"}],"curies":[{"name":"wp","href":"https:\/\/api.w.org\/{rel}","templated":true}]}}