{"id":644,"date":"2020-03-23T03:27:21","date_gmt":"2020-03-23T03:27:21","guid":{"rendered":"http:\/\/www.geekecuador.com\/enf\/?page_id=644"},"modified":"2020-11-25T21:56:45","modified_gmt":"2020-11-25T21:56:45","slug":"mapa-de-carbono","status":"publish","type":"page","link":"https:\/\/enf.ambiente.gob.ec\/web_enf\/?page_id=644","title":{"rendered":"Mapa de Carbono"},"content":{"rendered":"<p><img decoding=\"async\" src=\"\/web_enf\/wp-content\/uploads\/mapa_carbono-1.png\" alt=\"\"><\/p>\n<h2>\n<h2>Mapa de Carbono<\/h2>\n<\/h2>\n<div>\n<p style=\"text-align: justify;\">El componente de Monitoreo de la distribuci\u00f3n de contenidos de carbono tiene como finalidad estimar la variaci\u00f3n de los contenidos de carbono en las \u00e1reas boscosas del territorio continental.<\/p>\n<\/div>\n<h1>Alcance<\/h1>\n<div>\n<p style=\"text-align: justify;\">El Mapa de Carbono se refiere al mapeo de los dep\u00f3sitos (stocks) de este elemento, contenidos en los bosques del Ecuador. En base a los resultados del Inventario Nacional Forestal (INF) se determin\u00f3 el valor de carbono para cada sumidero de carbono por parcela, siendo el total la suma de la biomasa a\u00e9rea, en ra\u00edces, madera ca\u00edda y en el suelo.<\/p>\n<\/div>\n<h1>Metodolog\u00eda<\/h1>\n<div>\n<p style=\"text-align: justify;\">La metodolog\u00eda aplicada para el Mapa de Carbono de la primera ENF se bas\u00f3 en la aplicaci\u00f3n de un modelo matem\u00e1tico que permiti\u00f3 estimar los contenidos de carbono en el territorio continental, utilizando para ello im\u00e1genes satelitales de resoluci\u00f3n espacial media y gruesa; y los resultados del primer Inventario Nacional Forestal y el mapa de estratos.<\/p>\n<p style=\"text-align: justify;\">Es importante recalcar que, para la estimaci\u00f3n de la cantidad de carbono capturado por los bosques, se consideraron como reservorios a la biomasa a\u00e9rea (viva y muerta), biomasa en ra\u00edces (viva y muerta), biomasa en sotobosque, biomasa en hojarasca y biomasa en madera ca\u00edda. No se consider\u00f3 el carbono contenido en los suelos<\/p>\n<\/div>\n<hr>\n<h1>Ejecuci\u00f3n<\/h1>\n<div>\n<p style=\"text-align: justify;\">La ejecuci\u00f3n del Mapa de Carbono, se puede describir a trav\u00e9s de tres grandes etapas:<\/p>\n<\/div>\n<ul>\n<li>\n<h3>Selecci\u00f3n del \u00e1rea de muestreo<\/h3>\n<div>\n<p style=\"text-align: justify;\">Esta etapa consisti\u00f3 en la generaci\u00f3n de un mosaico de im\u00e1genes LANDSAT o MODIS, las cuales fueron descargadas a trav\u00e9s de internet.<br \/>\nSe obtuvieron im\u00e1genes de todo el pa\u00eds en diferentes \u00e9pocas del a\u00f1o, para contar con la mayor cantidad de \u00e1rea despejada de nubes las que se registraron en una base de datos para saber a qu\u00e9 sitio corresponde cada una y cuando fue la fecha en que se tom\u00f3 la imagen.\n<\/p>\n<\/div>\n<\/li>\n<li>\n<h3>Pre-procesamiento de im\u00e1genes<\/h3>\n<div>\n<p style=\"text-align: justify;\">En esta etapa se realiz\u00f3 el pre-procesamiento de cada una de las im\u00e1genes para que puedan ser finalmente unidas y formar un mosaico nacional, con la menor cantidad de nubes y as\u00ed poder extraer la mayor cantidad de informaci\u00f3n espacial posible.<\/p>\n<p style=\"text-align: justify;\">Correcci\u00f3n atmosf\u00e9rica de cada imagen, construcci\u00f3n de una m\u00e1scara de nubes y sombras con el programa LEDAPS y homologaci\u00f3n al sistema UTM zona 17 Sur.<\/p>\n<p style=\"text-align: justify;\">En el caso de las im\u00e1genes LANDSAT, los pasos de pre-procesamiento, se pudieron omitir, debido a que se realiz\u00f3 un acuerdo institucional con por la Universidad de Maryland que proporcion\u00f3 un mosaico completo del Ecuador continental para el a\u00f1o 2008 que posee 4 bandas.<\/p>\n<\/div>\n<\/li>\n<li>\n<h3>Modelamiento<\/h3>\n<div>\n<p style=\"text-align: justify;\">El modelamiento que se utiliz\u00f3 el algoritmo K-nearestneighbors (K-nn) implementado en el programa Open Foris. La variable se estandariz\u00f3 a tonelada por hect\u00e1rea (Tn\/ha). El valor de k se elegi\u00f3 aplicando el criterio de validaci\u00f3n cruzada. Respecto a la fiabilidad de la estimaci\u00f3n \u00e9sta se estim\u00f3 como el error est\u00e1ndar medio (RMSE).<\/p>\n<p style=\"text-align: justify;\">La ecuaci\u00f3n utilizada fue la siguiente:<\/p>\n<p><center><img loading=\"lazy\" decoding=\"async\" class=\"wp-image-925\" src=\"\/web_enf\/wp-content\/uploads\/formula.png\" alt=\"\" width=\"270\" height=\"245\" srcset=\"https:\/\/enf.ambiente.gob.ec\/web_enf\/wp-content\/uploads\/formula.png 424w, https:\/\/enf.ambiente.gob.ec\/web_enf\/wp-content\/uploads\/formula-300x272.png 300w\" sizes=\"auto, (max-width: 270px) 100vw, 270px\" \/><\/center><\/p>\n<p style=\"text-align: justify;\">Finalmente, luego del an\u00e1lisis de incertidumbre de este modelo, se opt\u00f3 por usar el contenido promedio de todo el estrato y mapearlo de forma general con un valor de contenido de carbono ton\/ha dentro del l\u00edmite de cada estrato remanente, para m\u00e1s informaci\u00f3n dirigirse a:<\/p>\n<p style=\"text-align: center;\"><a href=\"http:\/\/ide.ambiente.gob.ec\/geoserver\/mae_ide\/ows?service=WFS&amp;version=1.0.0&amp;format_options=CHARSET:UTF-8&amp;request=GetFeature&amp;typeName=mae_ide:v_ge007_carbono_estrato_bosque_a&amp;outputFormat=SHAPE-ZIP\" target=\"_blank\" rel=\"noopener\">Shape Carbono estrato bosque<\/a><\/p>\n<\/div>\n<\/li>\n<\/ul>\n<p><img decoding=\"async\" src=\"\/web_enf\/wp-content\/uploads\/ejecucion.png\" alt=\"\"><\/p>\n<hr>\n<p><a href=\"\/web_enf\/index.php?page_id=1239\"><img decoding=\"async\" src=\"\/web_enf\/wp-content\/uploads\/banner-resultados.png\" alt=\"\"><\/a><\/p>\n<p><!-- {\"name\":\"INF\",\"type\":\"layout\",\"children\":[{\"name\":\"Materials 01\",\"type\":\"section\",\"props\":{\"style\":\"secondary\",\"width\":\"xlarge\",\"vertical_align\":\"\",\"title_position\":\"center-right\",\"title_rotation\":\"left\",\"title_breakpoint\":\"m\",\"image_position\":\"center-center\",\"padding\":\"xsmall\",\"title\":\"\",\"animation_delay\":false},\"children\":[{\"name\":\"\",\"type\":\"row\",\"props\":{\"layout\":\"1-2,1-2\",\"column_gap\":\"large\",\"row_gap\":\"large\"},\"children\":[{\"name\":\"\",\"type\":\"column\",\"props\":{\"image_position\":\"center-center\",\"media_overlay_gradient\":\"\",\"width_medium\":\"1-2\"},\"children\":[{\"type\":\"image\",\"props\":{\"margin\":\"default\",\"image_svg_color\":\"emphasis\",\"text_align\":\"right\",\"image\":\"wp-content\\\/uploads\\\/mapa_carbono-1.png\",\"image_width\":\"430\"}}]},{\"name\":\"\",\"type\":\"column\",\"props\":{\"image_position\":\"center-center\",\"vertical_align\":\"middle\",\"media_overlay_gradient\":\"\",\"width_medium\":\"1-2\"},\"children\":[{\"name\":\"\",\"type\":\"headline\",\"props\":{\"title_element\":\"h2\",\"title_style\":\"h1\",\"text_align\":\"left\",\"text_align_breakpoint\":\"s\",\"text_align_fallback\":\"center\",\"animation\":\"parallax\",\"content\":\"\n\n<h2>Mapa de Carbono<\\\/h2>\",\"parallax_breakpoint\":\"m\",\"parallax_viewport\":\"0.3\",\"margin_remove_top\":true,\"parallax_opacity_start\":\"0.3\",\"parallax_opacity_end\":\"1\"}},{\"type\":\"text\",\"props\":{\"margin\":\"default\",\"column_breakpoint\":\"m\",\"maxwidth\":\"xlarge\",\"content\":\"\n\n<p style=\\\"text-align: justify;\\\">El componente de Monitoreo de la distribuci\\u00f3n de contenidos de carbono tiene como finalidad estimar la variaci\\u00f3n de los contenidos de carbono en las \\u00e1reas boscosas del territorio continental.<\\\/p>\"}},{\"type\":\"headline\",\"props\":{\"title_element\":\"h1\",\"title_style\":\"h5\",\"title_decoration\":\"bullet\",\"title_font_family\":\"primary\",\"content\":\"Alcance\"}},{\"name\":\"\",\"type\":\"text\",\"props\":{\"margin\":\"medium\",\"column_breakpoint\":\"m\",\"text_align\":\"left\",\"text_align_breakpoint\":\"s\",\"text_align_fallback\":\"center\",\"maxwidth\":\"xlarge\",\"animation\":\"none\",\"content\":\"\n\n<p style=\\\"text-align: justify;\\\">El Mapa de Carbono se refiere al mapeo de los dep\\u00f3sitos (stocks) de este elemento, contenidos en los bosques del Ecuador. En base a los resultados del Inventario Nacional Forestal (INF) se determin\\u00f3 el valor de carbono para cada sumidero de carbono por parcela, siendo el total la suma de la biomasa a\\u00e9rea, en ra\\u00edces, madera ca\\u00edda y en el suelo.<\\\/p>\",\"parallax_breakpoint\":\"l\",\"parallax_easing\":\"1.2\",\"parallax_viewport\":\"1\",\"parallax_y_start\":\"-80\",\"parallax_y_end\":\"80\"}}]}]}]},{\"type\":\"section\",\"props\":{\"style\":\"default\",\"width\":\"large\",\"vertical_align\":\"middle\",\"title_position\":\"top-left\",\"title_rotation\":\"left\",\"title_breakpoint\":\"xl\",\"image_position\":\"center-center\",\"padding\":\"small\"},\"children\":[{\"type\":\"row\",\"children\":[{\"type\":\"column\",\"props\":{\"image_position\":\"center-center\",\"media_overlay_gradient\":\"\",\"width_medium\":\"1-1\"},\"children\":[{\"type\":\"headline\",\"props\":{\"title_element\":\"h1\",\"title_style\":\"h5\",\"title_decoration\":\"bullet\",\"title_font_family\":\"primary\",\"content\":\"Metodolog\\u00eda\"}}]}]},{\"type\":\"row\",\"props\":{\"margin\":\"small\"},\"children\":[{\"type\":\"column\",\"props\":{\"image_position\":\"center-center\",\"media_overlay_gradient\":\"\",\"width_medium\":\"1-1\"},\"children\":[{\"type\":\"text\",\"props\":{\"margin\":\"default\",\"column_breakpoint\":\"m\",\"content\":\"\n\n<p style=\\\"text-align: justify;\\\">La metodolog\\u00eda aplicada para el Mapa de Carbono de la primera ENF se bas\\u00f3 en la aplicaci\\u00f3n de un modelo matem\\u00e1tico que permiti\\u00f3 estimar los contenidos de carbono en el territorio continental, utilizando para ello im\\u00e1genes satelitales de resoluci\\u00f3n espacial media y gruesa; y los resultados del primer Inventario Nacional Forestal y el mapa de estratos.<\\\/p>\\n\n\n<p style=\\\"text-align: justify;\\\">Es importante recalcar que, para la estimaci\\u00f3n de la cantidad de carbono capturado por los bosques, se consideraron como reservorios a la biomasa a\\u00e9rea (viva y muerta), biomasa en ra\\u00edces (viva y muerta), biomasa en sotobosque, biomasa en hojarasca y biomasa en madera ca\\u00edda. No se consider\\u00f3 el carbono contenido en los suelos<\\\/p>\"}}]}]},{\"type\":\"row\",\"props\":{\"margin\":\"small\"},\"children\":[{\"type\":\"column\",\"props\":{\"image_position\":\"center-center\",\"media_overlay_gradient\":\"\",\"width_medium\":\"1-1\"},\"children\":[{\"type\":\"divider\",\"props\":{\"divider_element\":\"hr\",\"divider_style\":\"icon\",\"divider_align\":\"\",\"divider_align_breakpoint\":\"\",\"divider_align_fallback\":\"\"}}]}]},{\"type\":\"row\",\"props\":{\"margin\":\"small\"},\"children\":[{\"type\":\"column\",\"props\":{\"image_position\":\"center-center\",\"media_overlay_gradient\":\"\",\"width_medium\":\"1-1\"},\"children\":[{\"type\":\"headline\",\"props\":{\"title_element\":\"h1\",\"title_style\":\"h5\",\"title_decoration\":\"bullet\",\"title_font_family\":\"primary\",\"content\":\"Ejecuci\\u00f3n\"}}]}]},{\"type\":\"row\",\"props\":{\"margin\":\"small\"},\"children\":[{\"type\":\"column\",\"props\":{\"image_position\":\"center-center\",\"media_overlay_gradient\":\"\",\"width_medium\":\"1-1\"},\"children\":[{\"type\":\"text\",\"props\":{\"margin\":\"default\",\"column_breakpoint\":\"m\",\"content\":\"\n\n<p style=\\\"text-align: justify;\\\">La ejecuci\\u00f3n del Mapa de Carbono, se puede describir a trav\\u00e9s de tres grandes etapas:<\\\/p>\"}}]}]},{\"type\":\"row\",\"props\":{\"layout\":\"1-2,1-2\",\"divider\":true,\"margin_remove_top\":true},\"children\":[{\"type\":\"column\",\"props\":{\"image_position\":\"center-center\",\"media_overlay_gradient\":\"\",\"width_medium\":\"1-2\"},\"children\":[{\"type\":\"accordion\",\"props\":{\"show_image\":true,\"show_link\":true,\"collapsible\":false,\"image_svg_color\":\"emphasis\",\"image_align\":\"top\",\"image_grid_width\":\"1-2\",\"image_grid_breakpoint\":\"m\",\"link_text\":\"Read more\",\"link_style\":\"default\",\"multiple\":false,\"content_column_breakpoint\":\"m\"},\"children\":[{\"type\":\"accordion_item\",\"props\":{\"title\":\"Selecci\\u00f3n del \\u00e1rea de muestreo\",\"content\":\"\n\n<p style=\\\"text-align: justify;\\\">Esta etapa consisti\\u00f3 en la generaci\\u00f3n de un mosaico de im\\u00e1genes LANDSAT o MODIS, las cuales fueron descargadas a trav\\u00e9s de internet. \\nSe obtuvieron im\\u00e1genes de todo el pa\\u00eds en diferentes \\u00e9pocas del a\\u00f1o, para contar con la mayor cantidad de \\u00e1rea despejada de nubes las que se registraron en una base de datos para saber a qu\\u00e9 sitio corresponde cada una y cuando fue la fecha en que se tom\\u00f3 la imagen.\\n<\\\/p>\"}},{\"type\":\"accordion_item\",\"props\":{\"title\":\"Pre-procesamiento de im\\u00e1genes\",\"content\":\"\n\n<p style=\\\"text-align: justify;\\\">En esta etapa se realiz\\u00f3 el pre-procesamiento de cada una de las im\\u00e1genes para que puedan ser finalmente unidas y formar un mosaico nacional, con la menor cantidad de nubes y as\\u00ed poder extraer la mayor cantidad de informaci\\u00f3n espacial posible.<\\\/p>\\n\n\n<p style=\\\"text-align: justify;\\\">Correcci\\u00f3n atmosf\\u00e9rica de cada imagen, construcci\\u00f3n de una m\\u00e1scara de nubes y sombras con el programa LEDAPS y homologaci\\u00f3n al sistema UTM zona 17 Sur.<\\\/p>\\n\n\n<p style=\\\"text-align: justify;\\\">En el caso de las im\\u00e1genes LANDSAT, los pasos de pre-procesamiento, se pudieron omitir, debido a que se realiz\\u00f3 un acuerdo institucional con por la Universidad de Maryland que proporcion\\u00f3 un mosaico completo del Ecuador continental para el a\\u00f1o 2008 que posee 4 bandas.<\\\/p>\"}},{\"type\":\"accordion_item\",\"props\":{\"title\":\"Modelamiento\",\"content\":\"\n\n<p style=\\\"text-align: justify;\\\">El modelamiento que se utiliz\\u00f3 el algoritmo K-nearestneighbors (K-nn) implementado en el programa Open Foris. La variable se estandariz\\u00f3 a tonelada por hect\\u00e1rea (Tn\\\/ha). El valor de k se elegi\\u00f3 aplicando el criterio de validaci\\u00f3n cruzada. Respecto a la fiabilidad de la estimaci\\u00f3n \\u00e9sta se estim\\u00f3 como el error est\\u00e1ndar medio (RMSE).<\\\/p>\\n\n\n<p style=\\\"text-align: justify;\\\">La ecuaci\\u00f3n utilizada fue la siguiente:<\\\/p>\\n<center><img class=\\\"wp-image-925\\\" src=\\\"wp-content\\\/uploads\\\/formula.png\\\" alt=\\\"\\\" width=\\\"270\\\" height=\\\"245\\\" \\\/><\\\/center>\\n\n\n<p style=\\\"text-align: justify;\\\">Finalmente, luego del an\\u00e1lisis de incertidumbre de este modelo, se opt\\u00f3 por usar el contenido promedio de todo el estrato y mapearlo de forma general con un valor de contenido de carbono ton\\\/ha dentro del l\\u00edmite de cada estrato remanente, para m\\u00e1s informaci\\u00f3n dirigirse a:<\\\/p>\\n\n\n<p style=\\\"text-align: center;\\\"><a href=\\\"http:\\\/\\\/ide.ambiente.gob.ec\\\/geoserver\\\/mae_ide\\\/ows?service=WFS&amp;version=1.0.0&amp;format_options=CHARSET:UTF-8&amp;request=GetFeature&amp;typeName=mae_ide:v_ge007_carbono_estrato_bosque_a&amp;outputFormat=SHAPE-ZIP\\\" target=\\\"_blank\\\" rel=\\\"noopener\\\">Shape Carbono estrato bosque<\\\/a><\\\/p>\"}}]}],\"source\":{\"query\":{\"name\":\"\"}}},{\"type\":\"column\",\"props\":{\"image_position\":\"center-center\",\"media_overlay_gradient\":\"\",\"width_medium\":\"1-2\"},\"children\":[{\"type\":\"image\",\"props\":{\"margin\":\"default\",\"image_svg_color\":\"emphasis\",\"text_align\":\"center\",\"image\":\"wp-content\\\/uploads\\\/ejecucion.png\"}}]}]},{\"type\":\"row\",\"children\":[{\"type\":\"column\",\"props\":{\"image_position\":\"center-center\",\"media_overlay_gradient\":\"\",\"width_medium\":\"1-1\"},\"children\":[{\"type\":\"divider\",\"props\":{\"divider_element\":\"hr\",\"divider_style\":\"icon\",\"divider_align\":\"\",\"divider_align_breakpoint\":\"\",\"divider_align_fallback\":\"\"}}]}]},{\"type\":\"row\",\"children\":[{\"type\":\"column\",\"props\":{\"image_position\":\"center-center\",\"media_overlay_gradient\":\"\",\"width_medium\":\"1-1\"},\"children\":[{\"type\":\"image\",\"props\":{\"margin\":\"default\",\"image_svg_color\":\"emphasis\",\"text_align\":\"center\",\"image\":\"wp-content\\\/uploads\\\/banner-resultados.png\",\"link\":\"index.php?page_id=1239\"}}]}]}]}],\"version\":\"2.1.2\"} --><\/p>\n","protected":false},"excerpt":{"rendered":"<p>Mapa de Carbono El componente de Monitoreo de la distribuci\u00f3n de contenidos de carbono tiene como finalidad estimar la variaci\u00f3n de los contenidos de carbono en las \u00e1reas boscosas del territorio continental. Alcance El Mapa de Carbono se refiere al mapeo de los dep\u00f3sitos (stocks) de este elemento, contenidos en los bosques del Ecuador. En [&hellip;]<\/p>\n","protected":false},"author":1,"featured_media":0,"parent":0,"menu_order":0,"comment_status":"closed","ping_status":"closed","template":"","meta":{"om_disable_all_campaigns":false,"_monsterinsights_skip_tracking":false,"_monsterinsights_sitenote_active":false,"_monsterinsights_sitenote_note":"","_monsterinsights_sitenote_category":0,"_uf_show_specific_survey":0,"_uf_disable_surveys":false,"footnotes":""},"class_list":["post-644","page","type-page","status-publish","hentry"],"_links":{"self":[{"href":"https:\/\/enf.ambiente.gob.ec\/web_enf\/index.php?rest_route=\/wp\/v2\/pages\/644","targetHints":{"allow":["GET"]}}],"collection":[{"href":"https:\/\/enf.ambiente.gob.ec\/web_enf\/index.php?rest_route=\/wp\/v2\/pages"}],"about":[{"href":"https:\/\/enf.ambiente.gob.ec\/web_enf\/index.php?rest_route=\/wp\/v2\/types\/page"}],"author":[{"embeddable":true,"href":"https:\/\/enf.ambiente.gob.ec\/web_enf\/index.php?rest_route=\/wp\/v2\/users\/1"}],"replies":[{"embeddable":true,"href":"https:\/\/enf.ambiente.gob.ec\/web_enf\/index.php?rest_route=%2Fwp%2Fv2%2Fcomments&post=644"}],"version-history":[{"count":40,"href":"https:\/\/enf.ambiente.gob.ec\/web_enf\/index.php?rest_route=\/wp\/v2\/pages\/644\/revisions"}],"predecessor-version":[{"id":1824,"href":"https:\/\/enf.ambiente.gob.ec\/web_enf\/index.php?rest_route=\/wp\/v2\/pages\/644\/revisions\/1824"}],"wp:attachment":[{"href":"https:\/\/enf.ambiente.gob.ec\/web_enf\/index.php?rest_route=%2Fwp%2Fv2%2Fmedia&parent=644"}],"curies":[{"name":"wp","href":"https:\/\/api.w.org\/{rel}","templated":true}]}}