{"id":642,"date":"2020-03-23T03:27:21","date_gmt":"2020-03-23T03:27:21","guid":{"rendered":"http:\/\/www.geekecuador.com\/enf\/?page_id=642"},"modified":"2020-11-25T22:04:52","modified_gmt":"2020-11-25T22:04:52","slug":"inventario-nacional-forestal","status":"publish","type":"page","link":"https:\/\/enf.ambiente.gob.ec\/web_enf\/?page_id=642","title":{"rendered":"Inventario Nacional Forestal"},"content":{"rendered":"<p><img decoding=\"async\" src=\"\/web_enf\/wp-content\/uploads\/inf1.png\" alt=\"\"><\/p>\n<h2>\n<h2>Inventario Nacional Forestal<\/h2>\n<\/h2>\n<div>\n<p style=\"text-align: left;\">El componente Inventario Nacional Forestal tiene como finalidad proporcionar informaci\u00f3n cualitativa y cuantitativa sobre el estado, utilizaci\u00f3n, ordenaci\u00f3n y tendencias del Patrimonio Forestal Nacional<\/p>\n<\/div>\n<h1>Alcance<\/h1>\n<div>\n<p style=\"text-align: justify;\">El alcance del primer INF estuvo orientado al abordaje de las siguientes tem\u00e1ticas:<\/p>\n<ul>\n<li style=\"text-align: justify;\">N\u00famero de especies forestales<\/li>\n<li style=\"text-align: justify;\">Caracter\u00edsticas fisiogr\u00e1ficas de las unidades de muestreo<\/li>\n<li style=\"text-align: justify;\">Dimensiones de los \u00e1rboles<\/li>\n<li style=\"text-align: justify;\">Estimaciones de volumen de madera<\/li>\n<li style=\"text-align: justify;\">Contenidos de carbono<\/li>\n<\/ul>\n<\/div>\n<h1>Metodolog\u00eda<\/h1>\n<div>\n<p style=\"text-align: justify;\">La metodolog\u00eda aplicada para la generaci\u00f3n del primer INF Tiene un enfoque multiprop\u00f3sito para evaluar variables relacionadas a productividad, contenidos de biomasa, uso del bosque y aspectos ecol\u00f3gicos. Se basa en un dise\u00f1o sistem\u00e1tico con arranque aleatorio sobre nueve estratos de bosque en toda la superficie del territorio nacional.<\/p>\n<\/div>\n<h1>Variables<\/h1>\n<p><img decoding=\"async\" src=\"\/web_enf\/wp-content\/uploads\/muestreo_metodologia.png\" alt=\"\"><\/p>\n<div>\n<p>Las variables que se consideraron para este INF fueron las siguientes:<\/p>\n<ul>\n<li>Biomasa en madera muerta<\/li>\n<li>Biomasa en hojarasca y detritos<\/li>\n<li>Carbono org\u00e1nico y raicillas en suelo<\/li>\n<li>Regeneraci\u00f3n de \u00e1rboles<\/li>\n<li>Biomasa en sotobosque fuera de bosque<\/li>\n<li>Dasom\u00e9tricos de \u00e1rboles vivos, muertos en pie y tocones<\/li>\n<li>Biomasa en surales<\/li>\n<li>Biomasa en guaduales\u00a0\u00a0<\/li>\n<\/ul>\n<\/div>\n<p>\n    <a href=\"\/web_enf\/wp-content\/uploads\/pdfs\/tabla_variables_metodos_enf1.pdf\">Descargar Tabla<\/a>\n<\/p>\n<h1>Muestreo<\/h1>\n<p><img decoding=\"async\" src=\"\/web_enf\/wp-content\/uploads\/variables_metodologia.png\" alt=\"\"><\/p>\n<div>\n<p style=\"text-align: justify;\">El dise\u00f1o de muestreo que se aplic\u00f3, utiliz\u00f3 como unidad de muestreo al \u201cconglomerado\u201d conformado por tres subunidades denominadas \u201cparcelas\u201d colocadas en forma de \u201cL\u201d. Las parcelas presentaron dos dimensiones, seg\u00fan el estrato en donde se ubiquen: 60 m x 60 m (en 7 estratos) y 60 m x 40 m (en estratos manglar y moretal).<\/p>\n<p><center><img loading=\"lazy\" decoding=\"async\" class=\"size-full wp-image-860\" src=\"\/web_enf\/wp-content\/uploads\/muestreo.png\" alt=\"\" width=\"326\" height=\"190\" srcset=\"https:\/\/enf.ambiente.gob.ec\/web_enf\/wp-content\/uploads\/muestreo.png 326w, https:\/\/enf.ambiente.gob.ec\/web_enf\/wp-content\/uploads\/muestreo-300x175.png 300w\" sizes=\"auto, (max-width: 326px) 100vw, 326px\" \/><\/center><\/p>\n<p style=\"text-align: center;\">Esquema de distribuci\u00f3n de parcelas en un conglomerado de la ENF I. Exist\u00eda la posibilidad de incorporar 2 parcelas m\u00e1s en funci\u00f3n de la variaci\u00f3n de los bosques<\/p>\n<\/div>\n<h1>Ejecuci\u00f3n<\/h1>\n<div>\n<p style=\"text-align: justify;\">La ejecuci\u00f3n del primer INF se realiz\u00f3 a trav\u00e9s de tres grandes fases: Planificaci\u00f3n, Levantamiento y Almacenamiento. A continuaci\u00f3n, se presentan las actividades m\u00e1s relevantes desarrolladas en cada una de estas etapas:<\/p>\n<\/div>\n<ul>\n<li>\n<h3>Planificaci\u00f3n<\/h3>\n<div>\n<p style=\"text-align: justify;\">Se realizaron actividades enfocadas a la preparaci\u00f3n del levantamiento de informaci\u00f3n, mediante la identificaci\u00f3n y acercamiento con actores locales clave para la generaci\u00f3n de una estrategia de acceso a cada uno de los puntos de muestreo.<\/p>\n<p style=\"text-align: justify;\">Adem\u00e1s, se realiz\u00f3 en esta fase la preparaci\u00f3n log\u00edstica de las jornadas de levantamiento de informaci\u00f3n, asegurando que se cuente con los campamentos, transporte, equipos, materiales requeridos, etc.<\/p>\n<\/div>\n<\/li>\n<li>\n<h3>Levantamiento<\/h3>\n<div>\n<p style=\"text-align: justify;\">Esta fase inici\u00f3 con la solicitud de acceso a los propietarios de los terrenos en los que se ubicaban las unidades de muestreo, para posteriormente realizar la recolecci\u00f3n y medici\u00f3n de las variables definidas, utilizando los siguientes formularios:<\/p>\n<ul>\n<li style=\"text-align: justify;\"><strong>Formulario 1:<\/strong> Acceso al conglomerado<\/li>\n<li style=\"text-align: justify;\"><strong>Formulario 2:<\/strong> Datos generales de la parcela<\/li>\n<li style=\"text-align: justify;\"><strong>Formulario 3:<\/strong> Desechos de madera ca\u00edda, detritus no vivo (hojarasca + madera &lt; 10 cm) y cobertura<\/li>\n<li style=\"text-align: justify;\"><strong>Formulario 4:<\/strong> Suelo<\/li>\n<li style=\"text-align: justify;\"><strong>Formulario 5:<\/strong> Regeneraci\u00f3n, sotobosque y \u00e1rboles fuera de bosque<\/li>\n<li style=\"text-align: justify;\"><strong>Formulario 6:<\/strong> Medici\u00f3n de \u00e1rboles vivos, muertos en pie y tocones<\/li>\n<li style=\"text-align: justify;\"><strong>Formulario 7:<\/strong> Datos de remanente de guaduales<\/li>\n<li style=\"text-align: justify;\"><strong>Formulario 8:<\/strong> Datos de \u00e1reas dominadas con surales<\/li>\n<li style=\"text-align: justify;\"><strong>Formulario 9:<\/strong> Productos forestales no maderables<\/li>\n<li style=\"text-align: justify;\"><strong>Formulario 10:<\/strong> Datos de los miembros del equipo de campo.<\/li>\n<\/ul>\n<p style=\"text-align: justify;\">Se ejecutaron en esta fase tambi\u00e9n, actividades relacionadas a la revisi\u00f3n de los formularios y resultados obtenidos en cada parcela.<\/p>\n<\/div>\n<\/li>\n<li>\n<h3>Almacenamiento<\/h3>\n<div>\n<p style=\"text-align: justify;\">Se ejecutaron en esta fase actividades orientadas al ingreso de la informaci\u00f3n recolectada en la herramienta Open Foris Collect y la entrega de esta informaci\u00f3n a la Unidad T\u00e9cnica conformada en el Ministerio del Ambiente.<\/p>\n<\/div>\n<\/li>\n<\/ul>\n<p><img decoding=\"async\" src=\"\/web_enf\/wp-content\/uploads\/ejecucion.png\" alt=\"\"><\/p>\n<hr>\n<p><a href=\"\/web_enf\/index.php?page_id=1239\"><img decoding=\"async\" src=\"\/web_enf\/wp-content\/uploads\/banner-resultados.png\" alt=\"\"><\/a><\/p>\n<p><!-- {\"name\":\"ENF1\",\"type\":\"layout\",\"children\":[{\"name\":\"Materials 01\",\"type\":\"section\",\"props\":{\"style\":\"secondary\",\"width\":\"xlarge\",\"vertical_align\":\"\",\"title_position\":\"center-right\",\"title_rotation\":\"left\",\"title_breakpoint\":\"m\",\"image_position\":\"center-center\",\"padding\":\"small\",\"title\":\"\",\"animation_delay\":false,\"padding_remove_bottom\":true,\"padding_remove_top\":false},\"children\":[{\"name\":\"\",\"type\":\"row\",\"props\":{\"layout\":\"1-2,1-2\",\"column_gap\":\"large\",\"row_gap\":\"large\",\"margin_remove_top\":false},\"children\":[{\"name\":\"\",\"type\":\"column\",\"props\":{\"image_position\":\"center-center\",\"media_overlay_gradient\":\"\",\"width_medium\":\"1-2\"},\"children\":[{\"name\":\"\",\"type\":\"image\",\"props\":{\"margin\":\"\",\"image_box_decoration\":\"mask\",\"text_align\":\"right\",\"animation\":\"none\",\"container_padding_remove\":true,\"image\":\"wp-content\\\/uploads\\\/inf1.png\",\"parallax_breakpoint\":\"m\",\"parallax_easing\":\"1.2\",\"parallax_y_start\":\"50\",\"parallax_y_end\":\"-100\",\"image_width\":\"690\",\"image_svg_color\":\"emphasis\"}}]},{\"name\":\"\",\"type\":\"column\",\"props\":{\"image_position\":\"center-center\",\"vertical_align\":\"middle\",\"media_overlay_gradient\":\"\",\"width_medium\":\"1-2\"},\"children\":[{\"name\":\"\",\"type\":\"headline\",\"props\":{\"title_element\":\"h2\",\"title_style\":\"h1\",\"text_align\":\"left\",\"text_align_breakpoint\":\"s\",\"text_align_fallback\":\"center\",\"animation\":\"parallax\",\"content\":\"\n\n<h2>Inventario Nacional Forestal<\\\/h2>\",\"parallax_breakpoint\":\"m\",\"parallax_viewport\":\"0.3\",\"margin_remove_top\":true,\"parallax_opacity_start\":\"0.3\",\"parallax_opacity_end\":\"1\"}},{\"type\":\"text\",\"props\":{\"margin\":\"default\",\"column_breakpoint\":\"m\",\"maxwidth\":\"xlarge\",\"content\":\"\n\n<p style=\\\"text-align: left;\\\">El componente Inventario Nacional Forestal tiene como finalidad proporcionar informaci\\u00f3n cualitativa y cuantitativa sobre el estado, utilizaci\\u00f3n, ordenaci\\u00f3n y tendencias del Patrimonio Forestal Nacional<\\\/p>\"}},{\"type\":\"headline\",\"props\":{\"title_element\":\"h1\",\"title_style\":\"h5\",\"title_decoration\":\"bullet\",\"title_font_family\":\"primary\",\"content\":\"Alcance\"}},{\"name\":\"\",\"type\":\"text\",\"props\":{\"margin\":\"medium\",\"column_breakpoint\":\"m\",\"text_align\":\"left\",\"text_align_breakpoint\":\"s\",\"text_align_fallback\":\"center\",\"animation\":\"none\",\"content\":\"\n\n<p style=\\\"text-align: justify;\\\">El alcance del primer INF estuvo orientado al abordaje de las siguientes tem\\u00e1ticas:<\\\/p>\\n\n\n<ul>\\n\n\n<li style=\\\"text-align: justify;\\\">N\\u00famero de especies forestales<\\\/li>\\n\n\n<li style=\\\"text-align: justify;\\\">Caracter\\u00edsticas fisiogr\\u00e1ficas de las unidades de muestreo<\\\/li>\\n\n\n<li style=\\\"text-align: justify;\\\">Dimensiones de los \\u00e1rboles<\\\/li>\\n\n\n<li style=\\\"text-align: justify;\\\">Estimaciones de volumen de madera<\\\/li>\\n\n\n<li style=\\\"text-align: justify;\\\">Contenidos de carbono<\\\/li>\\n<\\\/ul>\",\"parallax_breakpoint\":\"l\",\"parallax_easing\":\"1.2\",\"parallax_viewport\":\"1\",\"parallax_y_start\":\"-80\",\"parallax_y_end\":\"80\"}}]}]}]},{\"type\":\"section\",\"props\":{\"style\":\"default\",\"width\":\"large\",\"vertical_align\":\"middle\",\"title_position\":\"top-left\",\"title_rotation\":\"left\",\"title_breakpoint\":\"xl\",\"image_position\":\"center-center\",\"padding\":\"small\"},\"children\":[{\"type\":\"row\",\"children\":[{\"type\":\"column\",\"props\":{\"image_position\":\"center-center\",\"media_overlay_gradient\":\"\",\"width_medium\":\"1-1\"},\"children\":[{\"type\":\"headline\",\"props\":{\"title_element\":\"h1\",\"title_style\":\"h5\",\"title_decoration\":\"bullet\",\"title_font_family\":\"primary\",\"content\":\"Metodolog\\u00eda\"}}]}]},{\"type\":\"row\",\"props\":{\"margin\":\"small\"},\"children\":[{\"type\":\"column\",\"props\":{\"image_position\":\"center-center\",\"media_overlay_gradient\":\"\",\"width_medium\":\"1-1\"},\"children\":[{\"type\":\"text\",\"props\":{\"margin\":\"default\",\"column_breakpoint\":\"m\",\"content\":\"\n\n<p style=\\\"text-align: justify;\\\">La metodolog\\u00eda aplicada para la generaci\\u00f3n del primer INF Tiene un enfoque multiprop\\u00f3sito para evaluar variables relacionadas a productividad, contenidos de biomasa, uso del bosque y aspectos ecol\\u00f3gicos. Se basa en un dise\\u00f1o sistem\\u00e1tico con arranque aleatorio sobre nueve estratos de bosque en toda la superficie del territorio nacional.<\\\/p>\"}}]}]},{\"type\":\"row\",\"props\":{\"layout\":\"1-2,1-2\",\"margin\":\"small\"},\"children\":[{\"type\":\"column\",\"props\":{\"image_position\":\"center-center\",\"media_overlay_gradient\":\"\",\"width_medium\":\"1-2\"},\"children\":[{\"type\":\"headline\",\"props\":{\"title_element\":\"h1\",\"title_style\":\"h6\",\"title_decoration\":\"divider\",\"title_font_family\":\"primary\",\"content\":\"Variables\"}},{\"type\":\"image\",\"props\":{\"margin\":\"default\",\"image_svg_color\":\"emphasis\",\"image\":\"wp-content\\\/uploads\\\/muestreo_metodologia.png\"}},{\"type\":\"text\",\"props\":{\"margin\":\"default\",\"column_breakpoint\":\"m\",\"content\":\"\n\n<p>Las variables que se consideraron para este INF fueron las siguientes:<\\\/p>\\n\n\n<ul>\\n\n\n<li>Biomasa en madera muerta<\\\/li>\\n\n\n<li>Biomasa en hojarasca y detritos<\\\/li>\\n\n\n<li>Carbono org\\u00e1nico y raicillas en suelo<\\\/li>\\n\n\n<li>Regeneraci\\u00f3n de \\u00e1rboles<\\\/li>\\n\n\n<li>Biomasa en sotobosque fuera de bosque<\\\/li>\\n\n\n<li>Dasom\\u00e9tricos de \\u00e1rboles vivos, muertos en pie y tocones<\\\/li>\\n\n\n<li>Biomasa en surales<\\\/li>\\n\n\n<li>Biomasa en guaduales\\u00a0\\u00a0<\\\/li>\\n<\\\/ul>\"}},{\"type\":\"button\",\"props\":{\"grid_column_gap\":\"small\",\"grid_row_gap\":\"small\",\"margin\":\"default\",\"text_align\":\"center\",\"fullwidth\":false},\"children\":[{\"type\":\"button_item\",\"props\":{\"button_style\":\"primary\",\"icon_align\":\"left\",\"link_target\":\"blank\",\"content\":\"Descargar Tabla\",\"link_title\":\" Descargar Tabla\",\"icon\":\"cloud-download\",\"link\":\"wp-content\\\/uploads\\\/pdfs\\\/tabla_variables_metodos_enf1.pdf\"}}]}]},{\"type\":\"column\",\"props\":{\"image_position\":\"center-center\",\"media_overlay_gradient\":\"\",\"width_medium\":\"1-2\"},\"children\":[{\"type\":\"headline\",\"props\":{\"title_element\":\"h1\",\"title_style\":\"h6\",\"title_decoration\":\"divider\",\"title_font_family\":\"primary\",\"content\":\"Muestreo\"}},{\"type\":\"image\",\"props\":{\"margin\":\"default\",\"image_svg_color\":\"emphasis\",\"image\":\"wp-content\\\/uploads\\\/variables_metodologia.png\"}},{\"type\":\"text\",\"props\":{\"margin\":\"default\",\"column_breakpoint\":\"m\",\"content\":\"\n\n<p style=\\\"text-align: justify;\\\">El dise\\u00f1o de muestreo que se aplic\\u00f3, utiliz\\u00f3 como unidad de muestreo al \\u201cconglomerado\\u201d conformado por tres subunidades denominadas \\u201cparcelas\\u201d colocadas en forma de \\u201cL\\u201d. Las parcelas presentaron dos dimensiones, seg\\u00fan el estrato en donde se ubiquen: 60 m x 60 m (en 7 estratos) y 60 m x 40 m (en estratos manglar y moretal).<\\\/p>\\n<center><img class=\\\"size-full wp-image-860\\\" src=\\\"wp-content\\\/uploads\\\/muestreo.png\\\" alt=\\\"\\\" width=\\\"326\\\" height=\\\"190\\\" \\\/><\\\/center>\\n\n\n<p style=\\\"text-align: center;\\\">Esquema de distribuci\\u00f3n de parcelas en un conglomerado de la ENF I. Exist\\u00eda la posibilidad de incorporar 2 parcelas m\\u00e1s en funci\\u00f3n de la variaci\\u00f3n de los bosques<\\\/p>\"}}]}]},{\"type\":\"row\",\"props\":{\"margin\":\"small\"},\"children\":[{\"type\":\"column\",\"props\":{\"image_position\":\"center-center\",\"media_overlay_gradient\":\"\",\"width_medium\":\"1-1\"},\"children\":[{\"type\":\"divider\",\"props\":{\"divider_element\":\"div\",\"divider_style\":\"icon\",\"divider_align\":\"\",\"divider_align_breakpoint\":\"\",\"divider_align_fallback\":\"\"}}]}]},{\"type\":\"row\",\"props\":{\"margin\":\"small\"},\"children\":[{\"type\":\"column\",\"props\":{\"image_position\":\"center-center\",\"media_overlay_gradient\":\"\",\"width_medium\":\"1-1\"},\"children\":[{\"type\":\"headline\",\"props\":{\"title_element\":\"h1\",\"title_style\":\"h5\",\"title_decoration\":\"bullet\",\"title_font_family\":\"primary\",\"content\":\"Ejecuci\\u00f3n\"}}]}]},{\"type\":\"row\",\"props\":{\"margin\":\"small\"},\"children\":[{\"type\":\"column\",\"props\":{\"image_position\":\"center-center\",\"media_overlay_gradient\":\"\",\"width_medium\":\"1-1\"},\"children\":[{\"type\":\"text\",\"props\":{\"margin\":\"default\",\"column_breakpoint\":\"m\",\"content\":\"\n\n<p style=\\\"text-align: justify;\\\">La ejecuci\\u00f3n del primer INF se realiz\\u00f3 a trav\\u00e9s de tres grandes fases: Planificaci\\u00f3n, Levantamiento y Almacenamiento. A continuaci\\u00f3n, se presentan las actividades m\\u00e1s relevantes desarrolladas en cada una de estas etapas:<\\\/p>\"}}]}]},{\"type\":\"row\",\"props\":{\"layout\":\"1-2,1-2\",\"divider\":true,\"margin_remove_top\":true},\"children\":[{\"type\":\"column\",\"props\":{\"image_position\":\"center-center\",\"media_overlay_gradient\":\"\",\"width_medium\":\"1-2\"},\"children\":[{\"type\":\"accordion\",\"props\":{\"show_image\":true,\"show_link\":true,\"collapsible\":false,\"image_svg_color\":\"emphasis\",\"image_align\":\"top\",\"image_grid_width\":\"1-2\",\"image_grid_breakpoint\":\"m\",\"link_text\":\"Read more\",\"link_style\":\"default\",\"multiple\":false,\"content_column_breakpoint\":\"m\"},\"children\":[{\"type\":\"accordion_item\",\"props\":{\"title\":\"Planificaci\\u00f3n\",\"content\":\"\n\n<p style=\\\"text-align: justify;\\\">Se realizaron actividades enfocadas a la preparaci\\u00f3n del levantamiento de informaci\\u00f3n, mediante la identificaci\\u00f3n y acercamiento con actores locales clave para la generaci\\u00f3n de una estrategia de acceso a cada uno de los puntos de muestreo.<\\\/p>\\n\n\n<p style=\\\"text-align: justify;\\\">Adem\\u00e1s, se realiz\\u00f3 en esta fase la preparaci\\u00f3n log\\u00edstica de las jornadas de levantamiento de informaci\\u00f3n, asegurando que se cuente con los campamentos, transporte, equipos, materiales requeridos, etc.<\\\/p>\"}},{\"type\":\"accordion_item\",\"props\":{\"title\":\"Levantamiento\",\"content\":\"\n\n<p style=\\\"text-align: justify;\\\">Esta fase inici\\u00f3 con la solicitud de acceso a los propietarios de los terrenos en los que se ubicaban las unidades de muestreo, para posteriormente realizar la recolecci\\u00f3n y medici\\u00f3n de las variables definidas, utilizando los siguientes formularios:<\\\/p>\\n\n\n<ul>\\n\n\n<li style=\\\"text-align: justify;\\\"><strong>Formulario 1:<\\\/strong> Acceso al conglomerado<\\\/li>\\n\n\n<li style=\\\"text-align: justify;\\\"><strong>Formulario 2:<\\\/strong> Datos generales de la parcela<\\\/li>\\n\n\n<li style=\\\"text-align: justify;\\\"><strong>Formulario 3:<\\\/strong> Desechos de madera ca\\u00edda, detritus no vivo (hojarasca + madera &lt; 10 cm) y cobertura<\\\/li>\\n\n\n<li style=\\\"text-align: justify;\\\"><strong>Formulario 4:<\\\/strong> Suelo<\\\/li>\\n\n\n<li style=\\\"text-align: justify;\\\"><strong>Formulario 5:<\\\/strong> Regeneraci\\u00f3n, sotobosque y \\u00e1rboles fuera de bosque<\\\/li>\\n\n\n<li style=\\\"text-align: justify;\\\"><strong>Formulario 6:<\\\/strong> Medici\\u00f3n de \\u00e1rboles vivos, muertos en pie y tocones<\\\/li>\\n\n\n<li style=\\\"text-align: justify;\\\"><strong>Formulario 7:<\\\/strong> Datos de remanente de guaduales<\\\/li>\\n\n\n<li style=\\\"text-align: justify;\\\"><strong>Formulario 8:<\\\/strong> Datos de \\u00e1reas dominadas con surales<\\\/li>\\n\n\n<li style=\\\"text-align: justify;\\\"><strong>Formulario 9:<\\\/strong> Productos forestales no maderables<\\\/li>\\n\n\n<li style=\\\"text-align: justify;\\\"><strong>Formulario 10:<\\\/strong> Datos de los miembros del equipo de campo.<\\\/li>\\n<\\\/ul>\\n\n\n<p style=\\\"text-align: justify;\\\">Se ejecutaron en esta fase tambi\\u00e9n, actividades relacionadas a la revisi\\u00f3n de los formularios y resultados obtenidos en cada parcela.<\\\/p>\"}},{\"type\":\"accordion_item\",\"props\":{\"title\":\"Almacenamiento\",\"content\":\"\n\n<p style=\\\"text-align: justify;\\\">Se ejecutaron en esta fase actividades orientadas al ingreso de la informaci\\u00f3n recolectada en la herramienta Open Foris Collect y la entrega de esta informaci\\u00f3n a la Unidad T\\u00e9cnica conformada en el Ministerio del Ambiente.<\\\/p>\"}}]}],\"source\":{\"query\":{\"name\":\"\"}}},{\"type\":\"column\",\"props\":{\"image_position\":\"center-center\",\"media_overlay_gradient\":\"\",\"width_medium\":\"1-2\"},\"children\":[{\"type\":\"image\",\"props\":{\"margin\":\"default\",\"image_svg_color\":\"emphasis\",\"text_align\":\"center\",\"image\":\"wp-content\\\/uploads\\\/ejecucion.png\"}}]}]},{\"type\":\"row\",\"children\":[{\"type\":\"column\",\"props\":{\"image_position\":\"center-center\",\"media_overlay_gradient\":\"\",\"width_medium\":\"1-1\"},\"children\":[{\"type\":\"divider\",\"props\":{\"divider_element\":\"hr\",\"divider_style\":\"icon\",\"divider_align\":\"\",\"divider_align_breakpoint\":\"\",\"divider_align_fallback\":\"\"}}]}]},{\"type\":\"row\",\"children\":[{\"type\":\"column\",\"props\":{\"image_position\":\"center-center\",\"media_overlay_gradient\":\"\",\"width_medium\":\"1-1\"},\"children\":[{\"type\":\"image\",\"props\":{\"margin\":\"default\",\"image_svg_color\":\"emphasis\",\"text_align\":\"center\",\"image\":\"wp-content\\\/uploads\\\/banner-resultados.png\",\"link\":\"index.php?page_id=1239\"}}]}]}]}],\"version\":\"2.1.2\"} --><\/p>\n","protected":false},"excerpt":{"rendered":"<p>Inventario Nacional Forestal El componente Inventario Nacional Forestal tiene como finalidad proporcionar informaci\u00f3n cualitativa y cuantitativa sobre el estado, utilizaci\u00f3n, ordenaci\u00f3n y tendencias del Patrimonio Forestal Nacional Alcance El alcance del primer INF estuvo orientado al abordaje de las siguientes tem\u00e1ticas: N\u00famero de especies forestales Caracter\u00edsticas fisiogr\u00e1ficas de las unidades de muestreo Dimensiones de los [&hellip;]<\/p>\n","protected":false},"author":1,"featured_media":0,"parent":0,"menu_order":0,"comment_status":"closed","ping_status":"closed","template":"","meta":{"om_disable_all_campaigns":false,"_monsterinsights_skip_tracking":false,"_monsterinsights_sitenote_active":false,"_monsterinsights_sitenote_note":"","_monsterinsights_sitenote_category":0,"_uf_show_specific_survey":0,"_uf_disable_surveys":false,"footnotes":""},"class_list":["post-642","page","type-page","status-publish","hentry"],"_links":{"self":[{"href":"https:\/\/enf.ambiente.gob.ec\/web_enf\/index.php?rest_route=\/wp\/v2\/pages\/642","targetHints":{"allow":["GET"]}}],"collection":[{"href":"https:\/\/enf.ambiente.gob.ec\/web_enf\/index.php?rest_route=\/wp\/v2\/pages"}],"about":[{"href":"https:\/\/enf.ambiente.gob.ec\/web_enf\/index.php?rest_route=\/wp\/v2\/types\/page"}],"author":[{"embeddable":true,"href":"https:\/\/enf.ambiente.gob.ec\/web_enf\/index.php?rest_route=\/wp\/v2\/users\/1"}],"replies":[{"embeddable":true,"href":"https:\/\/enf.ambiente.gob.ec\/web_enf\/index.php?rest_route=%2Fwp%2Fv2%2Fcomments&post=642"}],"version-history":[{"count":94,"href":"https:\/\/enf.ambiente.gob.ec\/web_enf\/index.php?rest_route=\/wp\/v2\/pages\/642\/revisions"}],"predecessor-version":[{"id":1828,"href":"https:\/\/enf.ambiente.gob.ec\/web_enf\/index.php?rest_route=\/wp\/v2\/pages\/642\/revisions\/1828"}],"wp:attachment":[{"href":"https:\/\/enf.ambiente.gob.ec\/web_enf\/index.php?rest_route=%2Fwp%2Fv2%2Fmedia&parent=642"}],"curies":[{"name":"wp","href":"https:\/\/api.w.org\/{rel}","templated":true}]}}