{"id":292,"date":"2020-01-28T16:12:26","date_gmt":"2020-01-28T16:12:26","guid":{"rendered":"http:\/\/geekecuador.com\/enf\/?page_id=292"},"modified":"2020-11-25T21:53:21","modified_gmt":"2020-11-25T21:53:21","slug":"contactos","status":"publish","type":"page","link":"https:\/\/enf.ambiente.gob.ec\/web_enf\/?page_id=292","title":{"rendered":"Contactos"},"content":{"rendered":"<h1>CONTACTOS<\/h1>\n<h1>Ubicaci\u00f3n Ministerio del Ambiente y Agua del Ecuador<\/h1>\n<div>\n<p>    <iframe loading=\"lazy\" src=\"https:\/\/www.google.com\/maps\/embed?pb=!1m18!1m12!1m3!1d3989.7919675817857!2d-78.4885198489203!3d-0.20824489984730407!2m3!1f0!2f0!3f0!3m2!1i1024!2i768!4f13.1!3m3!1m2!1s0x91d59a0e294bf633%3A0x144735ae05f2a969!2sMinisterio%20del%20Ambiente%20Ecuador!5e0!3m2!1ses!2sec!4v1595287822567!5m2!1ses!2sec\" width=\"1050\" height=\"450\" frameborder=\"0\" style=\"border:0;\" allowfullscreen=\"\" aria-hidden=\"false\" tabindex=\"0\"><\/iframe>\n<\/div>\n<h1>Direcci\u00f3n<\/h1>\n<ul>\n<li>\n<div>\n<p>Calle Madrid 1159 y Andaluc\u00eda<\/p>\n<\/div>\n<\/li>\n<li>\n<div>\n<p>C\u00f3digo Postal: 170525<\/p>\n<\/div>\n<\/li>\n<li>\n<div>\n<p>Tel\u00e9fono: 593-2 3987600<\/p>\n<\/div>\n<\/li>\n<\/ul>\n<h1>Correos de Contacto<\/h1>\n<ul>\n<li>\n<div>\n<p><strong>Silvana Chulde &#8211; Directora de Bosques del MAAE<\/strong><\/p>\n<\/div>\n<\/li>\n<li>\n<div>\n<p><strong>Leonardo Ayala &#8211; Coordinador Comit\u00e9 T\u00e9cnico de la ENF II<\/strong><\/p>\n<\/div>\n<\/li>\n<\/ul>\n<p><!-- {\"type\":\"layout\",\"children\":[{\"type\":\"section\",\"props\":{\"style\":\"muted\",\"width\":\"default\",\"vertical_align\":\"middle\",\"title_position\":\"top-left\",\"title_rotation\":\"left\",\"title_breakpoint\":\"xl\",\"image_position\":\"center-center\"},\"children\":[{\"type\":\"row\",\"children\":[{\"type\":\"column\",\"props\":{\"image_position\":\"center-center\",\"media_overlay_gradient\":\"\"},\"children\":[{\"type\":\"headline\",\"props\":{\"title_element\":\"h1\",\"content\":\"CONTACTOS\",\"text_align\":\"center\",\"title_style\":\"h4\",\"css\":\".el-element {color:#fff;}\"}}]}]}]},{\"type\":\"section\",\"props\":{\"style\":\"default\",\"width\":\"xlarge\",\"vertical_align\":\"middle\",\"title_position\":\"top-left\",\"title_rotation\":\"left\",\"title_breakpoint\":\"xl\",\"image_position\":\"center-center\"},\"children\":[{\"type\":\"row\",\"props\":{\"layout\":\"2-3,1-3\"},\"children\":[{\"type\":\"column\",\"props\":{\"image_position\":\"center-center\",\"media_overlay_gradient\":\"\",\"width_medium\":\"2-3\"},\"children\":[{\"type\":\"headline\",\"props\":{\"title_element\":\"h1\",\"content\":\"Ubicaci\\u00f3n Ministerio del Ambiente y Agua del Ecuador\",\"text_align\":\"center\",\"title_style\":\"h5\",\"title_font_family\":\"primary\",\"title_color\":\"primary\"}},{\"type\":\"html\",\"props\":{\"content\":\"<iframe src=\\\"https:\\\/\\\/www.google.com\\\/maps\\\/embed?pb=!1m18!1m12!1m3!1d3989.7919675817857!2d-78.4885198489203!3d-0.20824489984730407!2m3!1f0!2f0!3f0!3m2!1i1024!2i768!4f13.1!3m3!1m2!1s0x91d59a0e294bf633%3A0x144735ae05f2a969!2sMinisterio%20del%20Ambiente%20Ecuador!5e0!3m2!1ses!2sec!4v1595287822567!5m2!1ses!2sec\\\" width=\\\"1050\\\" height=\\\"450\\\" frameborder=\\\"0\\\" style=\\\"border:0;\\\" allowfullscreen=\\\"\\\" aria-hidden=\\\"false\\\" tabindex=\\\"0\\\"><\\\/iframe>\"}}]},{\"type\":\"column\",\"props\":{\"image_position\":\"center-center\",\"media_overlay_gradient\":\"\",\"width_medium\":\"1-3\",\"vertical_align\":\"middle\"},\"children\":[{\"type\":\"headline\",\"props\":{\"title_element\":\"h1\",\"content\":\"Direcci\\u00f3n\",\"text_align\":\"left\",\"title_style\":\"h5\",\"title_font_family\":\"primary\",\"title_color\":\"background\"}},{\"type\":\"list\",\"props\":{\"show_image\":true,\"show_link\":true,\"list_element\":\"ul\",\"column_breakpoint\":\"m\",\"image_svg_color\":\"emphasis\",\"image_align\":\"left\",\"image_vertical_align\":true},\"children\":[{\"type\":\"list_item\",\"props\":{\"content\":\"\n\n<p>Calle Madrid 1159 y Andaluc\\u00eda<\\\/p>\",\"icon\":\"location\",\"icon_color\":\"primary\"}},{\"type\":\"list_item\",\"props\":{\"content\":\"\n\n<p>C\\u00f3digo Postal: 170525<\\\/p>\",\"icon\":\"search\",\"icon_color\":\"primary\"}},{\"type\":\"list_item\",\"props\":{\"content\":\"\n\n<p>Tel\\u00e9fono: 593-2 3987600<\\\/p>\",\"icon\":\"receiver\",\"icon_color\":\"primary\"}}]},{\"type\":\"headline\",\"props\":{\"title_element\":\"h1\",\"content\":\"Correos de Contacto\",\"text_align\":\"left\",\"title_style\":\"h5\",\"title_font_family\":\"primary\",\"title_color\":\"background\"}},{\"type\":\"list\",\"props\":{\"show_image\":true,\"show_link\":true,\"list_element\":\"ul\",\"column_breakpoint\":\"m\",\"image_svg_color\":\"emphasis\",\"image_align\":\"left\",\"image_vertical_align\":true},\"children\":[{\"type\":\"list_item\",\"props\":{\"icon\":\"user\",\"content\":\"\n\n<p><strong>Silvana Chulde - Directora de Bosques del MAAE<\\\/strong><\\\/p>\"}},{\"type\":\"list_item\",\"props\":{\"content\":\"\n\n<p><strong>Leonardo Ayala - Coordinador Comit\\u00e9 T\\u00e9cnico de la ENF II<\\\/strong><\\\/p>\",\"icon\":\"user\"}}]}]}]}]}],\"version\":\"2.1.2\"} --><\/p>\n","protected":false},"excerpt":{"rendered":"<p>CONTACTOS Ubicaci\u00f3n Ministerio del Ambiente y Agua del Ecuador Direcci\u00f3n Calle Madrid 1159 y Andaluc\u00eda C\u00f3digo Postal: 170525 Tel\u00e9fono: 593-2 3987600 Correos de Contacto Silvana Chulde &#8211; Directora de Bosques del MAAE Leonardo Ayala &#8211; Coordinador Comit\u00e9 T\u00e9cnico de la ENF II<\/p>\n","protected":false},"author":1,"featured_media":0,"parent":0,"menu_order":0,"comment_status":"closed","ping_status":"closed","template":"","meta":{"om_disable_all_campaigns":false,"_monsterinsights_skip_tracking":false,"_monsterinsights_sitenote_active":false,"_monsterinsights_sitenote_note":"","_monsterinsights_sitenote_category":0,"_uf_show_specific_survey":0,"_uf_disable_surveys":false,"footnotes":""},"class_list":["post-292","page","type-page","status-publish","hentry"],"_links":{"self":[{"href":"https:\/\/enf.ambiente.gob.ec\/web_enf\/index.php?rest_route=\/wp\/v2\/pages\/292","targetHints":{"allow":["GET"]}}],"collection":[{"href":"https:\/\/enf.ambiente.gob.ec\/web_enf\/index.php?rest_route=\/wp\/v2\/pages"}],"about":[{"href":"https:\/\/enf.ambiente.gob.ec\/web_enf\/index.php?rest_route=\/wp\/v2\/types\/page"}],"author":[{"embeddable":true,"href":"https:\/\/enf.ambiente.gob.ec\/web_enf\/index.php?rest_route=\/wp\/v2\/users\/1"}],"replies":[{"embeddable":true,"href":"https:\/\/enf.ambiente.gob.ec\/web_enf\/index.php?rest_route=%2Fwp%2Fv2%2Fcomments&post=292"}],"version-history":[{"count":21,"href":"https:\/\/enf.ambiente.gob.ec\/web_enf\/index.php?rest_route=\/wp\/v2\/pages\/292\/revisions"}],"predecessor-version":[{"id":1823,"href":"https:\/\/enf.ambiente.gob.ec\/web_enf\/index.php?rest_route=\/wp\/v2\/pages\/292\/revisions\/1823"}],"wp:attachment":[{"href":"https:\/\/enf.ambiente.gob.ec\/web_enf\/index.php?rest_route=%2Fwp%2Fv2%2Fmedia&parent=292"}],"curies":[{"name":"wp","href":"https:\/\/api.w.org\/{rel}","templated":true}]}}