{"id":284,"date":"2020-01-28T16:11:13","date_gmt":"2020-01-28T16:11:13","guid":{"rendered":"http:\/\/geekecuador.com\/enf\/?page_id=284"},"modified":"2020-11-25T21:35:43","modified_gmt":"2020-11-25T21:35:43","slug":"que-es-la-enf","status":"publish","type":"page","link":"https:\/\/enf.ambiente.gob.ec\/web_enf\/?page_id=284","title":{"rendered":"\u00bfQu\u00e9 es la ENF?"},"content":{"rendered":"<h1>\n<h2>\u00bfQu\u00e9 es la ENF?<\/h2>\n<\/h1>\n<div>\n<p style=\"text-align: justify;\">La Evaluaci\u00f3n Nacional Forestal es el mecanismo utilizado por el Ministerio del Ambiente y Agua para contar con informaci\u00f3n actualizada y robusta sobre el estado, uso y conservaci\u00f3n de los bosques, lo cual permite garantizar la adecuada gesti\u00f3n y gobernanza del Patrimonio Forestal Nacional.<\/p>\n<p style=\"text-align: justify;\">Se trata de un mecanismo c\u00edclico y multiprop\u00f3sito, ejecutado con una periodicidad de cinco a\u00f1os en el que se genera, recopila, mide, analiza y reporta informaci\u00f3n biof\u00edsica, ambiental y socioecon\u00f3mica relacionada a los bosques.<\/p>\n<p style=\"text-align: justify;\">Su ejecuci\u00f3n se realiza a trav\u00e9s de tres grandes procesos: <strong>Actualizaci\u00f3n del<\/strong> <strong>Inventario Nacional Forestal, Evaluaci\u00f3n de la relaci\u00f3n Gente-Bosque y Monitoreo de la Distribuci\u00f3n de Contenidos de Carbono y Estructura Forestal.<\/strong><\/p>\n<\/div>\n<p><img decoding=\"async\" src=\"\/web_enf\/wp-content\/uploads\/evaluacion_nacional_forestal.png\" alt=\"\"><\/p>\n<div>\n<p>OBJETIVO<\/p>\n<\/div>\n<div>\n<p style=\"text-align: justify;\">Proveer informaci\u00f3n peri\u00f3dica y confiable sobre las existencias, caracter\u00edsticas y el estado de los recursos forestales del pa\u00eds como base para orientar el ordenamiento de las tierras forestales en la toma de decisiones para su manejo y administraci\u00f3n; adicionalmente, para cumplir con los requerimientos de medici\u00f3n, reportaje, y verificaci\u00f3n de la Estrategia Nacional REDD+ del pa\u00eds y otros compromisos en el \u00e1mbito nacional e internacional.<\/p>\n<\/div>\n<h2>CARACTER\u00cdSTICAS DE LA<br class=\"uk-visible@m\" \/>EVALUACI\u00d3N NACIONAL FORESTAL<\/h2>\n<hr>\n<div>\n<p>        <img decoding=\"async\" src=\"\/web_enf\/wp-content\/uploads\/caracteristicas5.png\" alt=\"\"><\/p>\n<h3>Multiprop\u00f3sito<\/h3>\n<div>\n<p style=\"text-align: justify;\">Recaba informaci\u00f3n sobre diferentes elementos del Patrimonio Forestal Nacional: productividad, riqueza forestal, servicios ecosist\u00e9micos y relaci\u00f3n gente \u2013 bosque.<\/p>\n<\/div>\n<\/div>\n<div>\n<p>        <img decoding=\"async\" src=\"\/web_enf\/wp-content\/uploads\/caracteristicas6.png\" alt=\"\"><\/p>\n<h3>Multidisciplinaria<\/h3>\n<div>\n<p style=\"text-align: justify;\">Intervienen profesionales de \u00e1reas forestales, biol\u00f3gicas, geogr\u00e1ficas, inform\u00e1ticas, sociol\u00f3gicas y estad\u00edsticas.<\/p>\n<\/div>\n<\/div>\n<div>\n<p>        <img decoding=\"async\" src=\"\/web_enf\/wp-content\/uploads\/caracteristicas4.png\" alt=\"\"><\/p>\n<h3>Peri\u00f3dica<\/h3>\n<div>\n<p style=\"text-align: justify;\">Se ejecuta a trav\u00e9s de periodos consecutivos de evaluaci\u00f3n de cinco a\u00f1os y promueve mejoras respecto a los aprendizajes de los periodos precedentes.<\/p>\n<\/div>\n<\/div>\n<div>\n<p>        <img decoding=\"async\" src=\"\/web_enf\/wp-content\/uploads\/caracteristicas1.png\" alt=\"\"><\/p>\n<h3>Interinstitucional<\/h3>\n<div>\n<p style=\"text-align: justify;\">El cumplimiento de sus objetivos requiere de la gesti\u00f3n articulada de los sectores p\u00fablico, privado, academia, ONGs y organizaciones sociales.<\/p>\n<\/div>\n<\/div>\n<div>\n<p>        <img decoding=\"async\" src=\"\/web_enf\/wp-content\/uploads\/caracteristicas2.png\" alt=\"\"><\/p>\n<h3>Flexible<\/h3>\n<div>\n<p style=\"text-align: justify;\">Permite priorizar las variables de estudio en cada periodo, acorde a los requerimientos de informaci\u00f3n para la gesti\u00f3n y gobernanza del Patrimonio Forestal Nacional.<\/p>\n<\/div>\n<\/div>\n<div>\n<p>        <img decoding=\"async\" src=\"\/web_enf\/wp-content\/uploads\/caracteristicas3.png\" alt=\"\"><\/p>\n<h3>Participativa<\/h3>\n<div>\n<p style=\"text-align: justify;\">Involucra la participaci\u00f3n de las comunidades y los propietarios de los terrenos en donde se realiza la recolecci\u00f3n de informaci\u00f3n.<\/p>\n<\/div>\n<\/div>\n<p><!-- {\"type\":\"layout\",\"children\":[{\"type\":\"section\",\"props\":{\"style\":\"secondary\",\"width\":\"large\",\"vertical_align\":\"middle\",\"title_position\":\"top-left\",\"title_rotation\":\"left\",\"title_breakpoint\":\"xl\",\"image_position\":\"center-center\",\"padding\":\"small\",\"padding_remove_bottom\":true},\"children\":[{\"type\":\"row\",\"props\":{\"layout\":\"1-2,1-2\"},\"children\":[{\"type\":\"column\",\"props\":{\"image_position\":\"center-center\",\"media_overlay_gradient\":\"\",\"width_medium\":\"1-2\"},\"children\":[{\"type\":\"headline\",\"props\":{\"title_element\":\"h1\",\"content\":\"\n\n<h2>\\u00bfQu\\u00e9 es la ENF?<\\\/h2>\"}},{\"type\":\"text\",\"props\":{\"margin\":\"default\",\"column_breakpoint\":\"m\",\"content\":\"\n\n<p style=\\\"text-align: justify;\\\">La Evaluaci\\u00f3n Nacional Forestal es el mecanismo utilizado por el Ministerio del Ambiente y Agua para contar con informaci\\u00f3n actualizada y robusta sobre el estado, uso y conservaci\\u00f3n de los bosques, lo cual permite garantizar la adecuada gesti\\u00f3n y gobernanza del Patrimonio Forestal Nacional.<\\\/p>\\n\n\n<p style=\\\"text-align: justify;\\\">Se trata de un mecanismo c\\u00edclico y multiprop\\u00f3sito, ejecutado con una periodicidad de cinco a\\u00f1os en el que se genera, recopila, mide, analiza y reporta informaci\\u00f3n biof\\u00edsica, ambiental y socioecon\\u00f3mica relacionada a los bosques.<\\\/p>\\n\n\n<p style=\\\"text-align: justify;\\\">Su ejecuci\\u00f3n se realiza a trav\\u00e9s de tres grandes procesos: <strong>Actualizaci\\u00f3n del<\\\/strong> <strong>Inventario Nacional Forestal, Evaluaci\\u00f3n de la relaci\\u00f3n Gente-Bosque y Monitoreo de la Distribuci\\u00f3n de Contenidos de Carbono y Estructura Forestal.<\\\/strong><\\\/p>\"}}]},{\"type\":\"column\",\"props\":{\"image_position\":\"center-center\",\"media_overlay_gradient\":\"\",\"width_medium\":\"1-2\"},\"children\":[{\"type\":\"image\",\"props\":{\"margin\":\"default\",\"image_svg_color\":\"emphasis\",\"text_align\":\"right\",\"image\":\"wp-content\\\/uploads\\\/evaluacion_nacional_forestal.png\"}}]}]}]},{\"type\":\"section\",\"props\":{\"style\":\"muted\",\"width\":\"large\",\"vertical_align\":\"middle\",\"title_position\":\"top-left\",\"title_rotation\":\"left\",\"title_breakpoint\":\"xl\",\"image_position\":\"center-center\",\"padding\":\"small\"},\"children\":[{\"type\":\"row\",\"props\":{\"layout\":\"1-4,3-4\"},\"children\":[{\"type\":\"column\",\"props\":{\"image_position\":\"center-center\",\"media_overlay_gradient\":\"\",\"width_medium\":\"1-4\"},\"children\":[{\"type\":\"text\",\"props\":{\"margin\":\"default\",\"column_breakpoint\":\"m\",\"text_color\":\"danger\",\"text_size\":\"large\",\"position\":\"relative\",\"text_align\":\"center\",\"content\":\"\n\n<p>OBJETIVO<\\\/p>\",\"position_left\":\"-20\",\"position_top\":\"20\",\"css\":\".el-element {font-size: 40px;}\"}}]},{\"type\":\"column\",\"props\":{\"image_position\":\"center-center\",\"media_overlay_gradient\":\"\",\"width_medium\":\"3-4\"},\"children\":[{\"type\":\"text\",\"props\":{\"margin\":\"default\",\"column_breakpoint\":\"m\",\"text_color\":\"danger\",\"content\":\"\n\n<p style=\\\"text-align: justify;\\\">Proveer informaci\\u00f3n peri\\u00f3dica y confiable sobre las existencias, caracter\\u00edsticas y el estado de los recursos forestales del pa\\u00eds como base para orientar el ordenamiento de las tierras forestales en la toma de decisiones para su manejo y administraci\\u00f3n; adicionalmente, para cumplir con los requerimientos de medici\\u00f3n, reportaje, y verificaci\\u00f3n de la Estrategia Nacional REDD+ del pa\\u00eds y otros compromisos en el \\u00e1mbito nacional e internacional.<\\\/p>\"}}]}]}]},{\"type\":\"section\",\"props\":{\"style\":\"default\",\"width\":\"large\",\"vertical_align\":\"middle\",\"title_position\":\"top-left\",\"title_rotation\":\"left\",\"title_breakpoint\":\"xl\",\"image_position\":\"center-center\"},\"children\":[{\"type\":\"row\",\"children\":[{\"type\":\"column\",\"props\":{\"image_position\":\"center-center\",\"media_overlay_gradient\":\"\",\"width_medium\":\"1-1\"},\"children\":[{\"name\":\"\",\"type\":\"headline\",\"props\":{\"title_element\":\"h2\",\"text_align\":\"center\",\"animation\":\"parallax\",\"content\":\"CARACTER\\u00cdSTICAS DE LA<br class=\\\"uk-visible@m\\\" \\\/>EVALUACI\\u00d3N NACIONAL FORESTAL\",\"link\":\"\",\"parallax_breakpoint\":\"m\",\"parallax_y_start\":\"15\",\"parallax_y_end\":\"0\",\"parallax_opacity_start\":\"0.3\",\"parallax_opacity_end\":\"1\",\"parallax_viewport\":\"0.1\"}},{\"type\":\"divider\",\"props\":{\"divider_element\":\"hr\",\"divider_style\":\"\",\"divider_align\":\"\",\"divider_align_breakpoint\":\"\",\"divider_align_fallback\":\"\"}}]}]},{\"type\":\"row\",\"props\":{\"layout\":\"1-3,1-3,1-3\"},\"children\":[{\"type\":\"column\",\"props\":{\"image_position\":\"center-center\",\"media_overlay_gradient\":\"\",\"width_medium\":\"1-3\"},\"children\":[{\"type\":\"panel\",\"props\":{\"link_text\":\"Read more\",\"title_hover_style\":\"reset\",\"title_element\":\"h3\",\"title_align\":\"top\",\"title_grid_width\":\"1-2\",\"title_grid_breakpoint\":\"m\",\"meta_style\":\"meta\",\"meta_align\":\"below-title\",\"image_align\":\"top\",\"image_grid_width\":\"1-2\",\"image_grid_breakpoint\":\"m\",\"image_svg_color\":\"emphasis\",\"link_style\":\"default\",\"margin\":\"default\",\"panel_style\":\"card-default\",\"title_style\":\"h5\",\"title_decoration\":\"bullet\",\"title_font_family\":\"primary\",\"image\":\"wp-content\\\/uploads\\\/caracteristicas5.png\",\"panel_card_image\":true,\"title\":\"Multiprop\\u00f3sito\",\"content\":\"\n\n<p style=\\\"text-align: justify;\\\">Recaba informaci\\u00f3n sobre diferentes elementos del Patrimonio Forestal Nacional: productividad, riqueza forestal, servicios ecosist\\u00e9micos y relaci\\u00f3n gente \\u2013 bosque.<\\\/p>\",\"icon_width\":80,\"content_column_breakpoint\":\"m\"}},{\"type\":\"panel\",\"props\":{\"link_text\":\"Read more\",\"title_hover_style\":\"reset\",\"title_element\":\"h3\",\"title_align\":\"top\",\"title_grid_width\":\"1-2\",\"title_grid_breakpoint\":\"m\",\"meta_style\":\"meta\",\"meta_align\":\"below-title\",\"image_align\":\"top\",\"image_grid_width\":\"1-2\",\"image_grid_breakpoint\":\"m\",\"image_svg_color\":\"emphasis\",\"link_style\":\"default\",\"margin\":\"default\",\"panel_style\":\"card-default\",\"title_style\":\"h5\",\"title_decoration\":\"bullet\",\"title_font_family\":\"primary\",\"image\":\"wp-content\\\/uploads\\\/caracteristicas6.png\",\"panel_card_image\":true,\"title\":\"Multidisciplinaria\",\"content\":\"\n\n<p style=\\\"text-align: justify;\\\">Intervienen profesionales de \\u00e1reas forestales, biol\\u00f3gicas, geogr\\u00e1ficas, inform\\u00e1ticas, sociol\\u00f3gicas y estad\\u00edsticas.<\\\/p>\",\"icon_width\":80,\"content_column_breakpoint\":\"m\"}}]},{\"type\":\"column\",\"props\":{\"image_position\":\"center-center\",\"media_overlay_gradient\":\"\",\"width_medium\":\"1-3\"},\"children\":[{\"type\":\"panel\",\"props\":{\"link_text\":\"Read more\",\"title_hover_style\":\"reset\",\"title_element\":\"h3\",\"title_align\":\"top\",\"title_grid_width\":\"1-2\",\"title_grid_breakpoint\":\"m\",\"meta_style\":\"meta\",\"meta_align\":\"below-title\",\"image_align\":\"top\",\"image_grid_width\":\"1-2\",\"image_grid_breakpoint\":\"m\",\"image_svg_color\":\"emphasis\",\"link_style\":\"default\",\"margin\":\"default\",\"panel_style\":\"card-default\",\"title_style\":\"h5\",\"title_decoration\":\"bullet\",\"title_font_family\":\"primary\",\"image\":\"wp-content\\\/uploads\\\/caracteristicas4.png\",\"panel_card_image\":true,\"title\":\"Peri\\u00f3dica\",\"content\":\"\n\n<p style=\\\"text-align: justify;\\\">Se ejecuta a trav\\u00e9s de periodos consecutivos de evaluaci\\u00f3n de cinco a\\u00f1os y promueve mejoras respecto a los aprendizajes de los periodos precedentes.<\\\/p>\",\"icon_width\":80,\"content_column_breakpoint\":\"m\"}},{\"type\":\"panel\",\"props\":{\"link_text\":\"Read more\",\"title_hover_style\":\"reset\",\"title_element\":\"h3\",\"title_align\":\"top\",\"title_grid_width\":\"1-2\",\"title_grid_breakpoint\":\"m\",\"meta_style\":\"meta\",\"meta_align\":\"below-title\",\"image_align\":\"top\",\"image_grid_width\":\"1-2\",\"image_grid_breakpoint\":\"m\",\"image_svg_color\":\"emphasis\",\"link_style\":\"default\",\"margin\":\"default\",\"panel_style\":\"card-default\",\"title_style\":\"h5\",\"title_decoration\":\"bullet\",\"title_font_family\":\"primary\",\"image\":\"wp-content\\\/uploads\\\/caracteristicas1.png\",\"panel_card_image\":true,\"title\":\"Interinstitucional\",\"content\":\"\n\n<p style=\\\"text-align: justify;\\\">El cumplimiento de sus objetivos requiere de la gesti\\u00f3n articulada de los sectores p\\u00fablico, privado, academia, ONGs y organizaciones sociales.<\\\/p>\",\"icon_width\":80,\"content_column_breakpoint\":\"m\"}}]},{\"type\":\"column\",\"props\":{\"image_position\":\"center-center\",\"media_overlay_gradient\":\"\",\"width_medium\":\"1-3\"},\"children\":[{\"type\":\"panel\",\"props\":{\"link_text\":\"Read more\",\"title_hover_style\":\"reset\",\"title_element\":\"h3\",\"title_align\":\"top\",\"title_grid_width\":\"1-2\",\"title_grid_breakpoint\":\"m\",\"meta_style\":\"meta\",\"meta_align\":\"below-title\",\"image_align\":\"top\",\"image_grid_width\":\"1-2\",\"image_grid_breakpoint\":\"m\",\"image_svg_color\":\"emphasis\",\"link_style\":\"default\",\"margin\":\"default\",\"panel_style\":\"card-default\",\"title_style\":\"h5\",\"title_decoration\":\"bullet\",\"title_font_family\":\"primary\",\"image\":\"wp-content\\\/uploads\\\/caracteristicas2.png\",\"panel_card_image\":true,\"title\":\"Flexible\",\"content\":\"\n\n<p style=\\\"text-align: justify;\\\">Permite priorizar las variables de estudio en cada periodo, acorde a los requerimientos de informaci\\u00f3n para la gesti\\u00f3n y gobernanza del Patrimonio Forestal Nacional.<\\\/p>\",\"icon_width\":80,\"content_column_breakpoint\":\"m\"}},{\"type\":\"panel\",\"props\":{\"link_text\":\"Read more\",\"title_hover_style\":\"reset\",\"title_element\":\"h3\",\"title_align\":\"top\",\"title_grid_width\":\"1-2\",\"title_grid_breakpoint\":\"m\",\"meta_style\":\"meta\",\"meta_align\":\"below-title\",\"image_align\":\"top\",\"image_grid_width\":\"1-2\",\"image_grid_breakpoint\":\"m\",\"image_svg_color\":\"emphasis\",\"link_style\":\"default\",\"margin\":\"default\",\"panel_style\":\"card-default\",\"title_style\":\"h5\",\"title_decoration\":\"bullet\",\"title_font_family\":\"primary\",\"image\":\"wp-content\\\/uploads\\\/caracteristicas3.png\",\"panel_card_image\":true,\"title\":\"Participativa\",\"content\":\"\n\n<p style=\\\"text-align: justify;\\\">Involucra la participaci\\u00f3n de las comunidades y los propietarios de los terrenos en donde se realiza la recolecci\\u00f3n de informaci\\u00f3n.<\\\/p>\",\"icon_width\":80,\"content_column_breakpoint\":\"m\"}}]}]}]}],\"version\":\"2.1.2\"} --><\/p>\n","protected":false},"excerpt":{"rendered":"<p>\u00bfQu\u00e9 es la ENF? La Evaluaci\u00f3n Nacional Forestal es el mecanismo utilizado por el Ministerio del Ambiente y Agua para contar con informaci\u00f3n actualizada y robusta sobre el estado, uso y conservaci\u00f3n de los bosques, lo cual permite garantizar la adecuada gesti\u00f3n y gobernanza del Patrimonio Forestal Nacional. Se trata de un mecanismo c\u00edclico y [&hellip;]<\/p>\n","protected":false},"author":1,"featured_media":0,"parent":0,"menu_order":0,"comment_status":"closed","ping_status":"closed","template":"","meta":{"om_disable_all_campaigns":false,"_monsterinsights_skip_tracking":false,"_monsterinsights_sitenote_active":false,"_monsterinsights_sitenote_note":"","_monsterinsights_sitenote_category":0,"_uf_show_specific_survey":0,"_uf_disable_surveys":false,"footnotes":""},"class_list":["post-284","page","type-page","status-publish","hentry"],"_links":{"self":[{"href":"https:\/\/enf.ambiente.gob.ec\/web_enf\/index.php?rest_route=\/wp\/v2\/pages\/284","targetHints":{"allow":["GET"]}}],"collection":[{"href":"https:\/\/enf.ambiente.gob.ec\/web_enf\/index.php?rest_route=\/wp\/v2\/pages"}],"about":[{"href":"https:\/\/enf.ambiente.gob.ec\/web_enf\/index.php?rest_route=\/wp\/v2\/types\/page"}],"author":[{"embeddable":true,"href":"https:\/\/enf.ambiente.gob.ec\/web_enf\/index.php?rest_route=\/wp\/v2\/users\/1"}],"replies":[{"embeddable":true,"href":"https:\/\/enf.ambiente.gob.ec\/web_enf\/index.php?rest_route=%2Fwp%2Fv2%2Fcomments&post=284"}],"version-history":[{"count":127,"href":"https:\/\/enf.ambiente.gob.ec\/web_enf\/index.php?rest_route=\/wp\/v2\/pages\/284\/revisions"}],"predecessor-version":[{"id":1811,"href":"https:\/\/enf.ambiente.gob.ec\/web_enf\/index.php?rest_route=\/wp\/v2\/pages\/284\/revisions\/1811"}],"wp:attachment":[{"href":"https:\/\/enf.ambiente.gob.ec\/web_enf\/index.php?rest_route=%2Fwp%2Fv2%2Fmedia&parent=284"}],"curies":[{"name":"wp","href":"https:\/\/api.w.org\/{rel}","templated":true}]}}