{"id":17,"date":"2018-02-09T09:54:06","date_gmt":"2018-02-09T09:54:06","guid":{"rendered":"http:\/\/localhost\/themes\/Pro\/Pinewood-Lake\/Website_WP\/index.php\/getting-started\/"},"modified":"2021-05-13T20:29:19","modified_gmt":"2021-05-13T20:29:19","slug":"getting-started","status":"publish","type":"page","link":"https:\/\/enf.ambiente.gob.ec\/web_enf\/","title":{"rendered":"Home"},"content":{"rendered":"<ul>\n<li>\n<p>        <img decoding=\"async\" src=\"\/web_enf\/wp-content\/uploads\/foto_rotativa1.jpg\" alt=\"\"><\/p>\n<h1>Taller para te\u0301cnicos de la Evaluacio\u0301n Nacional Forestal, ejercicio pra\u0301ctico<\/h1>\n<\/li>\n<li>\n<p>        <img decoding=\"async\" src=\"\/web_enf\/wp-content\/uploads\/foto_rotativa2.jpg\" alt=\"\"><\/p>\n<h1>Equipo de Avanzada realizando una socializacio\u0301n en comunidades de Morona Santiago<\/h1>\n<\/li>\n<li>\n<p>        <img decoding=\"async\" src=\"\/web_enf\/wp-content\/uploads\/foto_rotativa3.jpg\" alt=\"\"><\/p>\n<h1>Visita del Representante de la FAO al levantamiento de informacio\u0301n en un conglomerado de la provincia de Napo<\/h1>\n<\/li>\n<li>\n<p>        <img decoding=\"async\" src=\"\/web_enf\/wp-content\/uploads\/foto_rotativa4.jpg\" alt=\"\"><\/p>\n<h1>Taller para te\u0301cnicos de la Evaluacio\u0301n Nacional Forestal, dado por funcionarios del MAE y FAO<\/h1>\n<\/li>\n<li>\n<p>        <img decoding=\"async\" src=\"\/web_enf\/wp-content\/uploads\/foto_rotativa5.jpg\" alt=\"\"><\/p>\n<h1>Inmensidad de la Sabana Amazo\u0301nica Villano Pastaza<\/h1>\n<\/li>\n<\/ul>\n<h1><center>\u00bfQU\u00c9 ES LA ENF?<\/center><\/h1>\n<div>\n<p><strong>La Evaluaci\u00f3n Nacional Forestal<\/strong> es el mecanismo utilizado por el <strong>Ministerio del Ambiente y Agua<\/strong> para contar con informaci\u00f3n actualizada y robusta sobre el estado, uso y conservaci\u00f3n de los bosques, lo cual permite garantizar la adecuada gesti\u00f3n y gobernanza del Patrimonio Forestal Nacional.<\/p>\n<\/div>\n<p><a href=\"\/web_enf\/index.php?page_id=284\"><img decoding=\"async\" src=\"\/web_enf\/wp-content\/uploads\/boton.png\" alt=\"\"><\/a><\/p>\n<h1><center>EVALUACI\u00d3N NACIONAL FORESTAL<\/center><\/h1>\n<hr>\n<div>\n<p style=\"text-align: center;\">La Evaluaci\u00f3n Nacional Forestal se ha ejecutado en el Ecuador a partir del a\u00f1o 2009. Hasta la fecha se cuenta con <strong>dos periodos de evaluaci\u00f3n:<\/strong> Un primer periodo ejecutado entre los a\u00f1os 2009 y 2013, y un segundo periodo que se encuentra en ejecuci\u00f3n y que comprender\u00e1 los a\u00f1os 2018-2023.<\/p>\n<\/div>\n<div>\n<p>        <a href=\"\/web_enf\/index.php?page_id=692\"><img decoding=\"async\" src=\"\/web_enf\/wp-content\/uploads\/enf1.png\" alt=\"\"><\/a><\/p>\n<p>        <img decoding=\"async\" src=\"\/web_enf\/wp-content\/uploads\/enf1_entrar.png\" alt=\"\"><\/p>\n<\/div>\n<div>\n<p>        <a href=\"\/web_enf\/index.php?page_id=696\"><img decoding=\"async\" src=\"\/web_enf\/wp-content\/uploads\/enf2.png\" alt=\"\"><\/a><\/p>\n<p>        <img decoding=\"async\" src=\"\/web_enf\/wp-content\/uploads\/enf2_segunda.png\" alt=\"\"><\/p>\n<\/div>\n<p><!-- {\"name\":\"Home\",\"type\":\"layout\",\"children\":[{\"type\":\"section\",\"props\":{\"style\":\"muted\",\"width\":\"expand\",\"vertical_align\":\"middle\",\"title_position\":\"top-left\",\"title_rotation\":\"left\",\"title_breakpoint\":\"xl\",\"image_position\":\"center-center\",\"padding\":\"none\"},\"children\":[{\"type\":\"row\",\"props\":{\"layout\":\"1-2,1-2\"},\"children\":[{\"type\":\"column\",\"props\":{\"image_position\":\"center-center\",\"media_overlay_gradient\":\"\",\"width_medium\":\"1-2\"},\"children\":[{\"type\":\"slideshow\",\"props\":{\"show_title\":true,\"show_meta\":true,\"show_content\":true,\"show_link\":true,\"show_thumbnail\":true,\"slideshow_min_height\":\"350\",\"slideshow_autoplay_pause\":true,\"nav\":\"dotnav\",\"nav_position\":\"bottom-center\",\"nav_position_margin\":\"medium\",\"nav_align\":\"center\",\"nav_breakpoint\":\"s\",\"thumbnav_width\":\"100\",\"thumbnav_height\":\"75\",\"thumbnav_svg_color\":\"emphasis\",\"slidenav\":\"default\",\"slidenav_margin\":\"medium\",\"slidenav_breakpoint\":\"s\",\"slidenav_outside_breakpoint\":\"xl\",\"overlay_position\":\"bottom\",\"overlay_animation\":\"parallax\",\"title_element\":\"h1\",\"meta_style\":\"meta\",\"meta_align\":\"below-title\",\"link_text\":\"Read more\",\"link_style\":\"default\",\"margin\":\"default\",\"slideshow_height\":\"\",\"slideshow_box_shadow\":\"\",\"slideshow_box_decoration\":\"\",\"slideshow_animation\":\"fade\",\"slideshow_kenburns\":\"center-left\",\"nav_margin\":\"\",\"nav_color\":\"\",\"slidenav_outside_color\":\"\",\"overlay_container\":\"\",\"overlay_container_padding\":\"\",\"overlay_margin\":\"large\",\"overlay_padding\":\"small\",\"overlay_width\":\"\",\"title_style\":\"h5\",\"title_decoration\":\"bullet\",\"title_font_family\":\"primary\",\"title_color\":\"primary\",\"slideshow_ratio\":\"20:9\",\"slideshow_autoplay\":true,\"nav_below\":false,\"nav_vertical\":false,\"slidenav_hover\":true,\"slidenav_large\":true,\"title_parallax_x_start\":\"\",\"title_parallax_x_end\":\"\",\"title_parallax_scale_end\":\"\",\"title_parallax_scale_start\":\"\",\"css\":\".el-title {\\nbackground: rgba(76, 175, 80, 0.7);\\n    padding: 20px; text-transform: inherit; font-size: 18px;\\n\\n}\",\"container_padding_remove\":true,\"meta_element\":\"div\"},\"children\":[{\"type\":\"slideshow_item\",\"props\":{\"text_color\":\"light\",\"image\":\"wp-content\\\/uploads\\\/foto_rotativa1.jpg\",\"content\":\"\",\"title\":\"Taller para te\\u0301cnicos de la Evaluacio\\u0301n Nacional Forestal, ejercicio pra\\u0301ctico\"},\"source\":{\"query\":{\"name\":\"\"}}},{\"type\":\"slideshow_item\",\"props\":{\"text_color\":\"light\",\"image\":\"wp-content\\\/uploads\\\/foto_rotativa2.jpg\",\"title\":\"Equipo de Avanzada realizando una socializacio\\u0301n en comunidades de Morona Santiago\"},\"source\":{\"query\":{\"name\":\"\"}}},{\"type\":\"slideshow_item\",\"props\":{\"text_color\":\"light\",\"image\":\"wp-content\\\/uploads\\\/foto_rotativa3.jpg\",\"title\":\"Visita del Representante de la FAO al levantamiento de informacio\\u0301n en un conglomerado de la provincia de Napo\"},\"source\":{\"query\":{\"name\":\"\"}}},{\"type\":\"slideshow_item\",\"props\":{\"text_color\":\"light\",\"image\":\"wp-content\\\/uploads\\\/foto_rotativa4.jpg\",\"title\":\"Taller para te\\u0301cnicos de la Evaluacio\\u0301n Nacional Forestal, dado por funcionarios del MAE y FAO\"}},{\"type\":\"slideshow_item\",\"props\":{\"text_color\":\"light\",\"image\":\"wp-content\\\/uploads\\\/foto_rotativa5.jpg\",\"title\":\"Inmensidad de la Sabana Amazo\\u0301nica Villano Pastaza\"}}]}]},{\"type\":\"column\",\"props\":{\"image_position\":\"center-center\",\"media_overlay_gradient\":\"\",\"vertical_align\":\"middle\",\"style\":\"muted\",\"padding\":\"xsmall\",\"width_medium\":\"1-2\"},\"children\":[{\"type\":\"headline\",\"props\":{\"title_element\":\"h1\",\"content\":\"<center>\\u00bfQU\\u00c9 ES LA ENF?<\\\/center>\"}},{\"type\":\"text\",\"props\":{\"margin\":\"default\",\"column_breakpoint\":\"m\",\"text_style\":\"lead\",\"text_color\":\"secondary\",\"content\":\"\n\n<p><strong>La Evaluaci\\u00f3n Nacional Forestal<\\\/strong> es el mecanismo utilizado por el <strong>Ministerio del Ambiente y Agua<\\\/strong> para contar con informaci\\u00f3n actualizada y robusta sobre el estado, uso y conservaci\\u00f3n de los bosques, lo cual permite garantizar la adecuada gesti\\u00f3n y gobernanza del Patrimonio Forestal Nacional.<\\\/p>\",\"dropcap\":false,\"position_right\":\"20\",\"position\":\"relative\"}},{\"type\":\"image\",\"props\":{\"margin\":\"default\",\"image_svg_color\":\"emphasis\",\"text_align\":\"center\",\"image\":\"wp-content\\\/uploads\\\/boton.png\",\"image_width\":\"155\",\"link\":\"index.php?page_id=284\"}}]}]}]},{\"type\":\"section\",\"props\":{\"style\":\"default\",\"width\":\"large\",\"vertical_align\":\"middle\",\"title_position\":\"top-left\",\"title_rotation\":\"left\",\"title_breakpoint\":\"xl\",\"image_position\":\"center-center\",\"padding\":\"xsmall\",\"header_transparent\":\"light\",\"animation\":\"slide-bottom-medium\",\"animation_delay\":true,\"padding_remove_top\":false},\"children\":[{\"type\":\"row\",\"children\":[{\"type\":\"column\",\"props\":{\"image_position\":\"center-center\",\"media_overlay_gradient\":\"\",\"width_medium\":\"1-1\"},\"children\":[{\"type\":\"headline\",\"props\":{\"title_element\":\"h1\",\"title_style\":\"h2\",\"content\":\"<center>EVALUACI\\u00d3N NACIONAL FORESTAL<\\\/center>\"}},{\"type\":\"divider\",\"props\":{\"divider_element\":\"hr\",\"divider_style\":\"\",\"divider_align\":\"\",\"divider_align_breakpoint\":\"\",\"divider_align_fallback\":\"\"}},{\"type\":\"text\",\"props\":{\"margin\":\"default\",\"column_breakpoint\":\"m\",\"content\":\"\n\n<p style=\\\"text-align: center;\\\">La Evaluaci\\u00f3n Nacional Forestal se ha ejecutado en el Ecuador a partir del a\\u00f1o 2009. Hasta la fecha se cuenta con <strong>dos periodos de evaluaci\\u00f3n:<\\\/strong> Un primer periodo ejecutado entre los a\\u00f1os 2009 y 2013, y un segundo periodo que se encuentra en ejecuci\\u00f3n y que comprender\\u00e1 los a\\u00f1os 2018-2023.<\\\/p>\"}}]}]},{\"type\":\"row\",\"props\":{\"layout\":\"1-2,1-2\"},\"children\":[{\"type\":\"column\",\"props\":{\"image_position\":\"center-center\",\"media_overlay_gradient\":\"\",\"width_medium\":\"1-2\"},\"children\":[{\"type\":\"overlay\",\"props\":{\"link_text\":\"\",\"overlay_mode\":\"cover\",\"overlay_hover\":true,\"overlay_style\":\"\",\"text_color\":\"light\",\"overlay_position\":\"center\",\"overlay_transition\":\"slide-top\",\"title_element\":\"h3\",\"meta_style\":\"meta\",\"meta_align\":\"below-title\",\"link_style\":\"default\",\"text_align\":\"center\",\"margin\":\"default\",\"image\":\"wp-content\\\/uploads\\\/enf1.png\",\"hover_image\":\"wp-content\\\/uploads\\\/enf1_entrar.png\",\"link\":\"index.php?page_id=692\",\"content\":\"\",\"overlay_link\":true,\"title_hover_style\":\"reset\",\"meta_element\":\"div\"}}]},{\"type\":\"column\",\"props\":{\"image_position\":\"center-center\",\"media_overlay_gradient\":\"\",\"width_medium\":\"1-2\"},\"children\":[{\"type\":\"overlay\",\"props\":{\"link_text\":\"\",\"overlay_mode\":\"cover\",\"overlay_hover\":true,\"overlay_style\":\"\",\"text_color\":\"light\",\"overlay_position\":\"center\",\"overlay_transition\":\"fade\",\"title_element\":\"h3\",\"meta_style\":\"meta\",\"meta_align\":\"below-title\",\"link_style\":\"default\",\"text_align\":\"center\",\"margin\":\"default\",\"image\":\"wp-content\\\/uploads\\\/enf2.png\",\"link\":\"index.php?page_id=696\",\"hover_image\":\"wp-content\\\/uploads\\\/enf2_segunda.png\",\"overlay_link\":true,\"title_hover_style\":\"reset\",\"meta_element\":\"div\"}}]}]}],\"name\":\"Componentes\"}],\"version\":\"2.3.18\"} --><\/p>\n","protected":false},"excerpt":{"rendered":"<p>Taller para te\u0301cnicos de la Evaluacio\u0301n Nacional Forestal, ejercicio pra\u0301ctico Equipo de Avanzada realizando una socializacio\u0301n en comunidades de Morona Santiago Visita del Representante de la FAO al levantamiento de informacio\u0301n en un conglomerado de la provincia de Napo Taller para te\u0301cnicos de la Evaluacio\u0301n Nacional Forestal, dado por funcionarios del MAE y FAO Inmensidad [&hellip;]<\/p>\n","protected":false},"author":1,"featured_media":0,"parent":0,"menu_order":9,"comment_status":"closed","ping_status":"closed","template":"","meta":{"om_disable_all_campaigns":false,"_monsterinsights_skip_tracking":false,"_monsterinsights_sitenote_active":false,"_monsterinsights_sitenote_note":"","_monsterinsights_sitenote_category":0,"_uf_show_specific_survey":0,"_uf_disable_surveys":false,"footnotes":""},"class_list":["post-17","page","type-page","status-publish","hentry"],"_links":{"self":[{"href":"https:\/\/enf.ambiente.gob.ec\/web_enf\/index.php?rest_route=\/wp\/v2\/pages\/17","targetHints":{"allow":["GET"]}}],"collection":[{"href":"https:\/\/enf.ambiente.gob.ec\/web_enf\/index.php?rest_route=\/wp\/v2\/pages"}],"about":[{"href":"https:\/\/enf.ambiente.gob.ec\/web_enf\/index.php?rest_route=\/wp\/v2\/types\/page"}],"author":[{"embeddable":true,"href":"https:\/\/enf.ambiente.gob.ec\/web_enf\/index.php?rest_route=\/wp\/v2\/users\/1"}],"replies":[{"embeddable":true,"href":"https:\/\/enf.ambiente.gob.ec\/web_enf\/index.php?rest_route=%2Fwp%2Fv2%2Fcomments&post=17"}],"version-history":[{"count":171,"href":"https:\/\/enf.ambiente.gob.ec\/web_enf\/index.php?rest_route=\/wp\/v2\/pages\/17\/revisions"}],"predecessor-version":[{"id":1863,"href":"https:\/\/enf.ambiente.gob.ec\/web_enf\/index.php?rest_route=\/wp\/v2\/pages\/17\/revisions\/1863"}],"wp:attachment":[{"href":"https:\/\/enf.ambiente.gob.ec\/web_enf\/index.php?rest_route=%2Fwp%2Fv2%2Fmedia&parent=17"}],"curies":[{"name":"wp","href":"https:\/\/api.w.org\/{rel}","templated":true}]}}