{"id":1485,"date":"2020-07-17T22:29:36","date_gmt":"2020-07-17T22:29:36","guid":{"rendered":"http:\/\/www.geekecuador.com\/enf\/?page_id=1485"},"modified":"2020-07-17T23:33:40","modified_gmt":"2020-07-17T23:33:40","slug":"acuerdo-legal-2","status":"publish","type":"page","link":"https:\/\/enf.ambiente.gob.ec\/web_enf\/?page_id=1485","title":{"rendered":"Acuerdo Legal"},"content":{"rendered":"<p><img decoding=\"async\" src=\"\/enf\/wp-content\/uploads\/leyes.png\" alt=\"\"><\/p>\n<h2>\n<h2>ACUERDO LEGAL<\/h2>\n<\/h2>\n<div>\n<p style=\"text-align: justify;\"><strong>El C\u00f3digo Org\u00e1nico Ambiental<\/strong>, vigente desde abril del 2018, publicado en el Registro Oficial Suplemento 983 de 12-abr.-2017, Art 24, numeral 11 menciona como atribuci\u00f3n de la Autoridad Nacional Ambiental realizar y mantener actualizado el inventario forestal nacional.<\/p>\n<p style=\"text-align: justify;\"><strong>El Reglamento al C\u00f3digo Org\u00e1nico del Ambiente<\/strong>, publicado en el Registro Oficial Suplemento 507 de 12-jun.-2019. En su Art\u00edculo 347 define el Inventario Nacional Forestal y su Art\u00edculo 348 describe los objetivos del Inventario Nacional Forestal. Registro Oficial Suplemento 507 del 12 de junio de 2019 se public\u00f3 el Decreto Ejecutivo 752 con el que se expide el Reglamento al C\u00f3digo Org\u00e1nico del Ambiente<\/p>\n<\/div>\n<p>\n    <a href=\"\/enf\/wp-content\/uploads\/pdfs\/acuerdo_legal.pdf\">Descargar Acuerdo Legal<\/a>\n<\/p>\n<p><!-- {\"name\":\"1ERA ENF\",\"type\":\"layout\",\"children\":[{\"name\":\"Materials 01\",\"type\":\"section\",\"props\":{\"style\":\"secondary\",\"width\":\"xlarge\",\"vertical_align\":\"\",\"title_position\":\"center-right\",\"title_rotation\":\"left\",\"title_breakpoint\":\"m\",\"image_position\":\"center-center\",\"padding\":\"xsmall\",\"title\":\"\",\"animation_delay\":false,\"padding_remove_bottom\":true},\"children\":[{\"name\":\"\",\"type\":\"row\",\"props\":{\"layout\":\"1-2,1-2\",\"column_gap\":\"large\",\"row_gap\":\"large\"},\"children\":[{\"name\":\"\",\"type\":\"column\",\"props\":{\"image_position\":\"center-center\",\"media_overlay_gradient\":\"\",\"width_medium\":\"1-2\"},\"children\":[{\"name\":\"\",\"type\":\"image\",\"props\":{\"margin\":\"\",\"animation\":\"none\",\"container_padding_remove\":true,\"image\":\"wp-content\\\/uploads\\\/leyes.png\",\"parallax_breakpoint\":\"m\",\"parallax_easing\":\"1.2\",\"parallax_y_start\":\"50\",\"parallax_y_end\":\"-100\",\"image_width\":\"800\",\"image_svg_color\":\"emphasis\"}}]},{\"name\":\"\",\"type\":\"column\",\"props\":{\"image_position\":\"center-center\",\"vertical_align\":\"middle\",\"media_overlay_gradient\":\"\",\"width_medium\":\"1-2\"},\"children\":[{\"name\":\"\",\"type\":\"headline\",\"props\":{\"title_element\":\"h2\",\"title_style\":\"h1\",\"text_align\":\"left\",\"text_align_breakpoint\":\"s\",\"text_align_fallback\":\"center\",\"animation\":\"parallax\",\"content\":\"\n\n<h2>ACUERDO LEGAL<\\\/h2>\",\"parallax_breakpoint\":\"m\",\"parallax_viewport\":\"0.3\",\"margin_remove_top\":true,\"parallax_opacity_start\":\"0.3\",\"parallax_opacity_end\":\"1\"}},{\"name\":\"\",\"type\":\"text\",\"props\":{\"margin\":\"medium\",\"column_breakpoint\":\"m\",\"text_align\":\"left\",\"text_align_breakpoint\":\"s\",\"text_align_fallback\":\"center\",\"animation\":\"none\",\"content\":\"\n\n<p style=\\\"text-align: justify;\\\"><strong>El C\\u00f3digo Org\\u00e1nico Ambiental<\\\/strong>, vigente desde abril del 2018, publicado en el Registro Oficial Suplemento 983 de 12-abr.-2017, Art 24, numeral 11 menciona como atribuci\\u00f3n de la Autoridad Nacional Ambiental realizar y mantener actualizado el inventario forestal nacional.<\\\/p>\\n\n\n<p style=\\\"text-align: justify;\\\"><strong>El Reglamento al C\\u00f3digo Org\\u00e1nico del Ambiente<\\\/strong>, publicado en el Registro Oficial Suplemento 507 de 12-jun.-2019. En su Art\\u00edculo 347 define el Inventario Nacional Forestal y su Art\\u00edculo 348 describe los objetivos del Inventario Nacional Forestal. Registro Oficial Suplemento 507 del 12 de junio de 2019 se public\\u00f3 el Decreto Ejecutivo 752 con el que se expide el Reglamento al C\\u00f3digo Org\\u00e1nico del Ambiente<\\\/p>\",\"parallax_breakpoint\":\"l\",\"parallax_easing\":\"1.2\",\"parallax_viewport\":\"1\",\"parallax_y_start\":\"-80\",\"parallax_y_end\":\"80\"}},{\"type\":\"button\",\"props\":{\"grid_column_gap\":\"small\",\"grid_row_gap\":\"small\",\"margin\":\"default\",\"fullwidth\":true},\"children\":[{\"type\":\"button_item\",\"props\":{\"button_style\":\"primary\",\"icon_align\":\"left\",\"content\":\"Descargar Acuerdo Legal\",\"link\":\"wp-content\\\/uploads\\\/pdfs\\\/acuerdo_legal.pdf\",\"link_target\":\"blank\",\"icon\":\"pull\"}}]}]}]}]}],\"version\":\"2.1.1\"} --><\/p>\n","protected":false},"excerpt":{"rendered":"<p>ACUERDO LEGAL El C\u00f3digo Org\u00e1nico Ambiental, vigente desde abril del 2018, publicado en el Registro Oficial Suplemento 983 de 12-abr.-2017, Art 24, numeral 11 menciona como atribuci\u00f3n de la Autoridad Nacional Ambiental realizar y mantener actualizado el inventario forestal nacional. El Reglamento al C\u00f3digo Org\u00e1nico del Ambiente, publicado en el Registro Oficial Suplemento 507 de [&hellip;]<\/p>\n","protected":false},"author":1,"featured_media":0,"parent":0,"menu_order":0,"comment_status":"closed","ping_status":"closed","template":"","meta":{"om_disable_all_campaigns":false,"_monsterinsights_skip_tracking":false,"_monsterinsights_sitenote_active":false,"_monsterinsights_sitenote_note":"","_monsterinsights_sitenote_category":0,"_uf_show_specific_survey":0,"_uf_disable_surveys":false,"footnotes":""},"class_list":["post-1485","page","type-page","status-publish","hentry"],"_links":{"self":[{"href":"https:\/\/enf.ambiente.gob.ec\/web_enf\/index.php?rest_route=\/wp\/v2\/pages\/1485","targetHints":{"allow":["GET"]}}],"collection":[{"href":"https:\/\/enf.ambiente.gob.ec\/web_enf\/index.php?rest_route=\/wp\/v2\/pages"}],"about":[{"href":"https:\/\/enf.ambiente.gob.ec\/web_enf\/index.php?rest_route=\/wp\/v2\/types\/page"}],"author":[{"embeddable":true,"href":"https:\/\/enf.ambiente.gob.ec\/web_enf\/index.php?rest_route=\/wp\/v2\/users\/1"}],"replies":[{"embeddable":true,"href":"https:\/\/enf.ambiente.gob.ec\/web_enf\/index.php?rest_route=%2Fwp%2Fv2%2Fcomments&post=1485"}],"version-history":[{"count":9,"href":"https:\/\/enf.ambiente.gob.ec\/web_enf\/index.php?rest_route=\/wp\/v2\/pages\/1485\/revisions"}],"predecessor-version":[{"id":1497,"href":"https:\/\/enf.ambiente.gob.ec\/web_enf\/index.php?rest_route=\/wp\/v2\/pages\/1485\/revisions\/1497"}],"wp:attachment":[{"href":"https:\/\/enf.ambiente.gob.ec\/web_enf\/index.php?rest_route=%2Fwp%2Fv2%2Fmedia&parent=1485"}],"curies":[{"name":"wp","href":"https:\/\/api.w.org\/{rel}","templated":true}]}}