{"id":1444,"date":"2020-06-18T15:39:49","date_gmt":"2020-06-18T15:39:49","guid":{"rendered":"http:\/\/www.geekecuador.com\/enf\/?page_id=1444"},"modified":"2021-02-10T20:56:05","modified_gmt":"2021-02-10T20:56:05","slug":"biblioteca-enf","status":"publish","type":"page","link":"https:\/\/enf.ambiente.gob.ec\/web_enf\/?page_id=1444","title":{"rendered":"Biblioteca"},"content":{"rendered":"<h1>Biblioteca Evaluaci\u00f3n Nacional Forestal<\/h1>\n<hr>\n<ul>\n<li>\n<p>        <img decoding=\"async\" src=\"\/web_enf\/wp-content\/uploads\/formulario.png\" alt=\"\"><\/p>\n<h3>Formulario 1: Acceso al Conglomerado<\/h3>\n<p><a href=\"https:\/\/enf.ambiente.gob.ec\/web_enf\/documentos\/enf-Formulario1-AccesoConglomerado-2012.pdf\"><\/a><\/p>\n<\/li>\n<li>\n<p>        <img decoding=\"async\" src=\"\/web_enf\/wp-content\/uploads\/manual-manglar.png\" alt=\"\"><\/p>\n<h3>Manual Campo Moretales Manglares <\/h3>\n<p><a href=\"https:\/\/enf.ambiente.gob.ec\/web_enf\/documentos\/enf-ManualCampo-moretalesManglares.pdf\"><\/a><\/p>\n<\/li>\n<li>\n<p>        <img decoding=\"async\" src=\"\/web_enf\/wp-content\/uploads\/Captura-de-Pantalla-2020-06-16-a-las-17.08.07.png\" alt=\"\"><\/p>\n<h3>Manual de Campo<\/h3>\n<p><a href=\"https:\/\/enf.ambiente.gob.ec\/web_enf\/documentos\/enf-ManualCampo.pdf\"><\/a><\/p>\n<\/li>\n<li>\n<p>        <img decoding=\"async\" src=\"\/web_enf\/wp-content\/uploads\/experienciaenf.png\" alt=\"\"><\/p>\n<h3>Sistematizaci\u00f3n Experiencia <\/h3>\n<p><a href=\"https:\/\/enf.ambiente.gob.ec\/web_enf\/documentos\/enf-SistematizacionExperiencia.pdf\"><\/a><\/p>\n<\/li>\n<li>\n<p>        <img decoding=\"async\" src=\"\/web_enf\/wp-content\/uploads\/estudio_piloto.png\" alt=\"\"><\/p>\n<h3>Metodolog\u00eda para desarrollar el estudio piloto de la ENF en conformidad con el mecanismo REDD+<\/h3>\n<p><a href=\"https:\/\/enf.ambiente.gob.ec\/web_enf\/documentos\/metodologiaEstudioPilotoENF-REDD.pdf\"><\/a><\/p>\n<\/li>\n<li>\n<p>        <img decoding=\"async\" src=\"\/web_enf\/wp-content\/uploads\/bosques.png\" alt=\"\"><\/p>\n<h3>Especies Forestales Bosques Secos Ecuador<\/h3>\n<p><a href=\"https:\/\/enf.ambiente.gob.ec\/web_enf\/documentos\/especiesForestalesBosqueSeco.pdf\"><\/a><\/p>\n<\/li>\n<li>\n<p>        <img decoding=\"async\" src=\"\/web_enf\/wp-content\/uploads\/familias_generos.png\" alt=\"\"><\/p>\n<h3>Familias y G\u00e9neros Arb\u00f3reos del Ecuador<\/h3>\n<p><a href=\"https:\/\/enf.ambiente.gob.ec\/web_enf\/documentos\/familiasGenerosArboreos.pdf\"><\/a><\/p>\n<\/li>\n<li>\n<p>        <img decoding=\"async\" src=\"\/web_enf\/wp-content\/uploads\/gente_bosque.png\" alt=\"\"><\/p>\n<h3>Metodolog\u00eda para determinar la relaci\u00f3n gente &#8211; bosque<\/h3>\n<p><a href=\"https:\/\/enf.ambiente.gob.ec\/web_enf\/documentos\/metodologiaDeterminaRelacionGente-Bosque.pdf\"><\/a><\/p>\n<\/li>\n<li>\n<p>        <img decoding=\"async\" src=\"\/web_enf\/wp-content\/uploads\/openforis.png\" alt=\"\"><\/p>\n<h3>Open Foris Collect Manual de Instalaci\u00f3n y Uso<\/h3>\n<p><a href=\"https:\/\/enf.ambiente.gob.ec\/web_enf\/documentos\/openForisCollect-ManualInstalacionUso.pdf\"><\/a><\/p>\n<\/li>\n<\/ul>\n<p><!-- {\"type\":\"layout\",\"children\":[{\"type\":\"section\",\"props\":{\"style\":\"default\",\"width\":\"default\",\"vertical_align\":\"middle\",\"title_position\":\"top-left\",\"title_rotation\":\"left\",\"title_breakpoint\":\"xl\",\"image_position\":\"center-center\",\"padding\":\"small\"},\"children\":[{\"type\":\"row\",\"children\":[{\"type\":\"column\",\"props\":{\"image_position\":\"center-center\",\"media_overlay_gradient\":\"\"},\"children\":[{\"type\":\"headline\",\"props\":{\"title_element\":\"h1\",\"content\":\"Biblioteca Evaluaci\\u00f3n Nacional Forestal\",\"text_align\":\"center\",\"title_style\":\"h2\",\"title_font_family\":\"tertiary\"}}]}]}]},{\"type\":\"section\",\"props\":{\"style\":\"default\",\"width\":\"large\",\"vertical_align\":\"middle\",\"title_position\":\"top-left\",\"title_rotation\":\"left\",\"title_breakpoint\":\"xl\",\"image_position\":\"center-center\",\"padding\":\"xsmall\",\"padding_remove_top\":true},\"children\":[{\"type\":\"row\",\"children\":[{\"type\":\"column\",\"props\":{\"image_position\":\"center-center\",\"media_overlay_gradient\":\"\"},\"children\":[{\"type\":\"divider\",\"props\":{\"divider_element\":\"hr\"}}]}]}]},{\"type\":\"section\",\"props\":{\"style\":\"default\",\"width\":\"large\",\"vertical_align\":\"middle\",\"title_position\":\"top-left\",\"title_rotation\":\"left\",\"title_breakpoint\":\"xl\",\"image_position\":\"center-center\",\"padding\":\"small\"},\"children\":[{\"type\":\"row\",\"children\":[{\"type\":\"column\",\"props\":{\"image_position\":\"center-center\",\"media_overlay_gradient\":\"\"},\"children\":[{\"type\":\"grid\",\"props\":{\"show_title\":true,\"show_meta\":true,\"show_content\":true,\"show_image\":true,\"show_link\":true,\"grid_default\":\"1\",\"grid_medium\":\"3\",\"filter_style\":\"tab\",\"filter_all\":true,\"filter_position\":\"top\",\"filter_align\":\"left\",\"filter_grid_width\":\"auto\",\"filter_grid_breakpoint\":\"m\",\"title_hover_style\":\"heading\",\"title_element\":\"h3\",\"title_align\":\"top\",\"title_grid_width\":\"1-2\",\"title_grid_breakpoint\":\"m\",\"meta_style\":\"meta\",\"meta_align\":\"below-title\",\"content_column_breakpoint\":\"m\",\"icon_width\":80,\"image_align\":\"top\",\"image_grid_width\":\"1-2\",\"image_grid_breakpoint\":\"m\",\"image_svg_color\":\"emphasis\",\"link_text\":\"\",\"link_style\":\"default\",\"margin\":\"default\",\"item_animation\":\"\",\"grid_large\":\"4\",\"grid_xlarge\":\"4\",\"grid_small\":\"2\",\"title_style\":\"h6\",\"panel_style\":\"card-primary\",\"grid_divider\":false,\"grid_masonry\":false,\"grid_column_align\":false,\"grid_row_align\":false,\"filter\":false,\"panel_content_padding\":\"small\",\"panel_size\":\"small\",\"panel_card_image\":true,\"item_maxwidth\":\"medium\",\"title_link\":true,\"title_decoration\":\"bullet\",\"title_font_family\":\"primary\",\"image_link\":true,\"content_dropcap\":false,\"image_transition\":\"scale-down\",\"link_target\":true,\"meta_element\":\"div\"},\"children\":[{\"type\":\"grid_item\",\"props\":{\"title\":\"Formulario 1: Acceso al Conglomerado\",\"image\":\"wp-content\\\/uploads\\\/formulario.png\",\"link\":\"https:\\\/\\\/enf.ambiente.gob.ec\\\/web_enf\\\/documentos\\\/enf-Formulario1-AccesoConglomerado-2012.pdf\"}},{\"type\":\"grid_item\",\"props\":{\"title\":\"Manual Campo Moretales Manglares \",\"image\":\"wp-content\\\/uploads\\\/manual-manglar.png\",\"link\":\"https:\\\/\\\/enf.ambiente.gob.ec\\\/web_enf\\\/documentos\\\/enf-ManualCampo-moretalesManglares.pdf\"}},{\"type\":\"grid_item\",\"props\":{\"title\":\"Manual de Campo\",\"image\":\"wp-content\\\/uploads\\\/Captura-de-Pantalla-2020-06-16-a-las-17.08.07.png\",\"link\":\"https:\\\/\\\/enf.ambiente.gob.ec\\\/web_enf\\\/documentos\\\/enf-ManualCampo.pdf\"}},{\"type\":\"grid_item\",\"props\":{\"title\":\"Sistematizaci\\u00f3n Experiencia \",\"image\":\"wp-content\\\/uploads\\\/experienciaenf.png\",\"link\":\"https:\\\/\\\/enf.ambiente.gob.ec\\\/web_enf\\\/documentos\\\/enf-SistematizacionExperiencia.pdf\"}},{\"type\":\"grid_item\",\"props\":{\"title\":\"Metodolog\\u00eda para desarrollar el estudio piloto de la ENF en conformidad con el mecanismo REDD+\",\"image\":\"wp-content\\\/uploads\\\/estudio_piloto.png\",\"link\":\"https:\\\/\\\/enf.ambiente.gob.ec\\\/web_enf\\\/documentos\\\/metodologiaEstudioPilotoENF-REDD.pdf\"}},{\"type\":\"grid_item\",\"props\":{\"title\":\"Especies Forestales Bosques Secos Ecuador\",\"image\":\"wp-content\\\/uploads\\\/bosques.png\",\"link\":\"https:\\\/\\\/enf.ambiente.gob.ec\\\/web_enf\\\/documentos\\\/especiesForestalesBosqueSeco.pdf\"}},{\"type\":\"grid_item\",\"props\":{\"title\":\"Familias y G\\u00e9neros Arb\\u00f3reos del Ecuador\",\"image\":\"wp-content\\\/uploads\\\/familias_generos.png\",\"link\":\"https:\\\/\\\/enf.ambiente.gob.ec\\\/web_enf\\\/documentos\\\/familiasGenerosArboreos.pdf\"}},{\"type\":\"grid_item\",\"props\":{\"image\":\"wp-content\\\/uploads\\\/gente_bosque.png\",\"title\":\"Metodolog\\u00eda para determinar la relaci\\u00f3n gente - bosque\",\"link\":\"https:\\\/\\\/enf.ambiente.gob.ec\\\/web_enf\\\/documentos\\\/metodologiaDeterminaRelacionGente-Bosque.pdf\"}},{\"type\":\"grid_item\",\"props\":{\"title\":\"Open Foris Collect Manual de Instalaci\\u00f3n y Uso\",\"image\":\"wp-content\\\/uploads\\\/openforis.png\",\"link\":\"https:\\\/\\\/enf.ambiente.gob.ec\\\/web_enf\\\/documentos\\\/openForisCollect-ManualInstalacionUso.pdf\"}}]}]}]}]},{\"type\":\"section\",\"props\":{\"style\":\"default\",\"width\":\"default\",\"vertical_align\":\"middle\",\"title_position\":\"top-left\",\"title_rotation\":\"left\",\"title_breakpoint\":\"xl\",\"image_position\":\"center-center\"},\"children\":[{\"type\":\"row\",\"children\":[{\"type\":\"column\",\"props\":{\"image_position\":\"center-center\",\"media_overlay_gradient\":\"\"},\"children\":[]}]}]}],\"version\":\"2.3.18\"} --><\/p>\n","protected":false},"excerpt":{"rendered":"<p>Biblioteca Evaluaci\u00f3n Nacional Forestal Formulario 1: Acceso al Conglomerado Manual Campo Moretales Manglares Manual de Campo Sistematizaci\u00f3n Experiencia Metodolog\u00eda para desarrollar el estudio piloto de la ENF en conformidad con el mecanismo REDD+ Especies Forestales Bosques Secos Ecuador Familias y G\u00e9neros Arb\u00f3reos del Ecuador Metodolog\u00eda para determinar la relaci\u00f3n gente &#8211; bosque Open Foris Collect [&hellip;]<\/p>\n","protected":false},"author":1,"featured_media":0,"parent":0,"menu_order":0,"comment_status":"closed","ping_status":"closed","template":"","meta":{"om_disable_all_campaigns":false,"_monsterinsights_skip_tracking":false,"_monsterinsights_sitenote_active":false,"_monsterinsights_sitenote_note":"","_monsterinsights_sitenote_category":0,"_uf_show_specific_survey":0,"_uf_disable_surveys":false,"footnotes":""},"class_list":["post-1444","page","type-page","status-publish","hentry"],"_links":{"self":[{"href":"https:\/\/enf.ambiente.gob.ec\/web_enf\/index.php?rest_route=\/wp\/v2\/pages\/1444","targetHints":{"allow":["GET"]}}],"collection":[{"href":"https:\/\/enf.ambiente.gob.ec\/web_enf\/index.php?rest_route=\/wp\/v2\/pages"}],"about":[{"href":"https:\/\/enf.ambiente.gob.ec\/web_enf\/index.php?rest_route=\/wp\/v2\/types\/page"}],"author":[{"embeddable":true,"href":"https:\/\/enf.ambiente.gob.ec\/web_enf\/index.php?rest_route=\/wp\/v2\/users\/1"}],"replies":[{"embeddable":true,"href":"https:\/\/enf.ambiente.gob.ec\/web_enf\/index.php?rest_route=%2Fwp%2Fv2%2Fcomments&post=1444"}],"version-history":[{"count":37,"href":"https:\/\/enf.ambiente.gob.ec\/web_enf\/index.php?rest_route=\/wp\/v2\/pages\/1444\/revisions"}],"predecessor-version":[{"id":1842,"href":"https:\/\/enf.ambiente.gob.ec\/web_enf\/index.php?rest_route=\/wp\/v2\/pages\/1444\/revisions\/1842"}],"wp:attachment":[{"href":"https:\/\/enf.ambiente.gob.ec\/web_enf\/index.php?rest_route=%2Fwp%2Fv2%2Fmedia&parent=1444"}],"curies":[{"name":"wp","href":"https:\/\/api.w.org\/{rel}","templated":true}]}}