{"id":1241,"date":"2020-05-22T17:25:33","date_gmt":"2020-05-22T17:25:33","guid":{"rendered":"http:\/\/www.geekecuador.com\/enf\/?page_id=1241"},"modified":"2020-06-16T15:30:48","modified_gmt":"2020-06-16T15:30:48","slug":"proceso-actual-enf-ii","status":"publish","type":"page","link":"https:\/\/enf.ambiente.gob.ec\/web_enf\/?page_id=1241","title":{"rendered":"Proceso Actual ENF II"},"content":{"rendered":"<h1>Proceso de Ejecuci\u00f3n actual ENF II<\/h1>\n<h1>2018 &#8211; 2023<\/h1>\n<ul>\n<li>\n<p>        <img decoding=\"async\" src=\"\/enf\/wp-content\/uploads\/planificacion.png\" alt=\"\"><\/p>\n<h5>Planificaci\u00f3n<\/h5>\n<div>\n<p style=\"text-align: center;\"><span style=\"color: #339966;\"><strong>Hitos cumplidos<\/strong><\/span><\/p>\n<p><center><span style=\"color: #008000; font-size: 16px; font-weight: bold;\">2 Brigadas de Campo<br \/>13 T\u00e9cnicos capacitados<br \/>1 Convenio con INABIO<\/p>\n<p><\/span><\/div>\n<\/li>\n<li>\n<p>        <img decoding=\"async\" src=\"\/enf\/wp-content\/uploads\/preparacion_levantamiento.png\" alt=\"\"><\/p>\n<h5>Preparaci\u00f3n<\/h5>\n<div>\n<p style=\"text-align: center;\"><span style=\"color: #339966;\"><strong>Hitos cumplidos<\/strong><\/span><\/p>\n<p><center><span style=\"color: #008000; font-size: 16px; font-weight: bold;\">42 CLPI<br \/>26 Comunidades<br \/>8 Nacionalidades<br \/>2 Provincias<\/p>\n<p><\/span><\/div>\n<\/li>\n<li>\n<p>        <img decoding=\"async\" src=\"\/enf\/wp-content\/uploads\/levantamiento.png\" alt=\"\"><\/p>\n<h5>Levantamiento<\/h5>\n<div>\n<p style=\"text-align: center;\"><span style=\"color: #339966;\"><strong>Hitos cumplidos<\/strong><\/span><\/p>\n<p><center><span style=\"color: #008000; font-size: 16px; font-weight: bold;\">38 Conglomerados <br \/>114 Parcelas<br \/>3054 Especies Cosechadas<br \/>1759 Especies Identificadas<br \/>3 Provincias Visitadas<\/p>\n<p><\/span><\/div>\n<\/li>\n<li>\n<p>        <img decoding=\"async\" src=\"\/enf\/wp-content\/uploads\/supervision.png\" alt=\"\"><\/p>\n<h5>Supervisi\u00f3n<\/h5>\n<div>\n<p style=\"text-align: center;\"><span style=\"color: #339966;\"><strong>Hitos cumplidos<\/strong><\/span><\/p>\n<p><center><span style=\"color: #008000; font-size: 16px; font-weight: bold;\"># Conglomerados supervisados<br \/>2 Supervisiones de oficina<\/p>\n<p><\/span><\/div>\n<\/li>\n<li>\n<p>        <img decoding=\"async\" src=\"\/enf\/wp-content\/uploads\/procesamiento.png\" alt=\"\"><\/p>\n<h5>Procesamiento<\/h5>\n<div>\n<p style=\"text-align: center;\"><span style=\"color: #339966;\"><strong>Al momento se encuentra en ejecuci\u00f3n<\/strong><\/span><\/div>\n<\/li>\n<li>\n<p>        <img decoding=\"async\" src=\"\/enf\/wp-content\/uploads\/difusion.png\" alt=\"\"><\/p>\n<h5>Reporte y Difusi\u00f3n<\/h5>\n<div>\n<p style=\"text-align: center;\"><span style=\"color: #339966;\"><strong>Al momento se encuentra en ejecuci\u00f3n<\/strong><\/span><\/div>\n<\/li>\n<\/ul>\n<p><!-- {\"type\":\"layout\",\"children\":[{\"type\":\"section\",\"props\":{\"style\":\"default\",\"width\":\"default\",\"vertical_align\":\"middle\",\"title_position\":\"top-left\",\"title_rotation\":\"left\",\"title_breakpoint\":\"xl\",\"image_position\":\"center-center\",\"text_color\":\"\",\"width_expand\":\"\",\"height\":\"\",\"padding\":\"small\",\"header_transparent\":\"\",\"animation\":\"\"},\"children\":[{\"type\":\"row\",\"props\":{\"layout\":\"1-1\",\"breakpoint\":\"m\",\"fixed_width\":\"large\",\"column_gap\":\"\",\"row_gap\":\"\",\"width\":\"\",\"width_expand\":\"\",\"height\":\"\",\"margin\":\"\"},\"children\":[{\"type\":\"column\",\"props\":{\"image_position\":\"center-center\",\"media_overlay_gradient\":\"\",\"vertical_align\":\"\",\"style\":\"\",\"text_color\":\"\",\"padding\":\"\"},\"children\":[{\"type\":\"headline\",\"props\":{\"title_element\":\"h1\",\"title_style\":\"h4\",\"title_decoration\":\"\",\"title_font_family\":\"\",\"title_color\":\"primary\",\"position\":\"\",\"position_z_index\":\"\",\"margin\":\"\",\"maxwidth\":\"\",\"maxwidth_breakpoint\":\"\",\"block_align\":\"\",\"block_align_breakpoint\":\"\",\"block_align_fallback\":\"\",\"text_align\":\"center\",\"text_align_breakpoint\":\"\",\"text_align_fallback\":\"\",\"animation\":\"\",\"visibility\":\"\",\"content\":\"Proceso de Ejecuci\\u00f3n actual ENF II\"}}]}]}]},{\"type\":\"section\",\"props\":{\"style\":\"secondary\",\"width\":\"default\",\"vertical_align\":\"middle\",\"title_position\":\"top-left\",\"title_rotation\":\"left\",\"title_breakpoint\":\"xl\",\"image_position\":\"center-center\",\"text_color\":\"\",\"width_expand\":\"\",\"height\":\"\",\"padding\":\"xsmall\",\"header_transparent\":\"\",\"animation\":\"\"},\"children\":[{\"type\":\"row\",\"props\":{\"layout\":\"1-1\",\"breakpoint\":\"m\",\"fixed_width\":\"large\",\"column_gap\":\"\",\"row_gap\":\"\",\"width\":\"\",\"width_expand\":\"\",\"height\":\"\",\"margin\":\"\"},\"children\":[{\"type\":\"column\",\"props\":{\"image_position\":\"center-center\",\"media_overlay_gradient\":\"\",\"vertical_align\":\"\",\"style\":\"\",\"text_color\":\"\",\"padding\":\"\"},\"children\":[{\"type\":\"headline\",\"props\":{\"title_element\":\"h1\",\"title_style\":\"\",\"title_decoration\":\"\",\"title_font_family\":\"primary\",\"title_color\":\"emphasis\",\"position\":\"\",\"position_z_index\":\"\",\"margin\":\"\",\"maxwidth\":\"\",\"maxwidth_breakpoint\":\"\",\"block_align\":\"\",\"block_align_breakpoint\":\"\",\"block_align_fallback\":\"\",\"text_align\":\"center\",\"text_align_breakpoint\":\"\",\"text_align_fallback\":\"\",\"animation\":\"\",\"visibility\":\"\",\"content\":\"2018 - 2023\"}}]}]}]},{\"type\":\"section\",\"props\":{\"style\":\"default\",\"width\":\"xlarge\",\"vertical_align\":\"middle\",\"title_position\":\"top-left\",\"title_rotation\":\"left\",\"title_breakpoint\":\"xl\",\"image_position\":\"center-center\",\"text_color\":\"\",\"width_expand\":\"\",\"height\":\"\",\"padding\":\"small\",\"header_transparent\":\"\",\"animation\":\"\"},\"children\":[{\"type\":\"row\",\"props\":{\"layout\":\"1-1\",\"breakpoint\":\"m\",\"fixed_width\":\"large\",\"column_gap\":\"\",\"row_gap\":\"\",\"width\":\"\",\"width_expand\":\"\",\"height\":\"\",\"margin\":\"\"},\"children\":[{\"type\":\"column\",\"props\":{\"image_position\":\"center-center\",\"media_overlay_gradient\":\"\",\"vertical_align\":\"\",\"style\":\"\",\"text_color\":\"\",\"padding\":\"\"},\"children\":[{\"type\":\"grid\",\"props\":{\"show_title\":true,\"show_meta\":true,\"show_content\":true,\"show_image\":true,\"show_link\":true,\"grid_default\":\"1\",\"grid_medium\":\"3\",\"filter_style\":\"tab\",\"filter_all\":true,\"filter_position\":\"top\",\"filter_align\":\"left\",\"filter_grid_width\":\"auto\",\"filter_grid_breakpoint\":\"m\",\"title_hover_style\":\"reset\",\"title_element\":\"h5\",\"title_align\":\"top\",\"title_grid_width\":\"1-2\",\"title_grid_breakpoint\":\"m\",\"meta_style\":\"meta\",\"meta_align\":\"below-title\",\"icon_ratio\":4,\"image_align\":\"top\",\"image_grid_width\":\"1-2\",\"image_grid_breakpoint\":\"m\",\"image_svg_color\":\"emphasis\",\"link_text\":\"Read more\",\"link_style\":\"default\",\"margin\":\"default\",\"item_animation\":\"\",\"grid_column_gap\":\"\",\"grid_row_gap\":\"\",\"grid_small\":\"2\",\"grid_large\":\"6\",\"grid_xlarge\":\"6\",\"filter_margin\":\"\",\"filter_grid_column_gap\":\"\",\"filter_grid_row_gap\":\"\",\"title_display\":\"\",\"content_display\":\"\",\"panel_style\":\"\",\"panel_content_padding\":\"\",\"panel_size\":\"\",\"item_maxwidth\":\"\",\"panel_content_width\":\"\",\"title_style\":\"\",\"title_decoration\":\"bullet\",\"title_font_family\":\"primary\",\"title_color\":\"\",\"title_grid_column_gap\":\"\",\"title_grid_row_gap\":\"\",\"title_margin\":\"\",\"meta_color\":\"\",\"meta_margin\":\"\",\"content_style\":\"\",\"content_margin\":\"\",\"image_border\":\"rounded\",\"image_box_shadow\":\"\",\"image_box_decoration\":\"\",\"image_transition\":\"\",\"image_hover_box_shadow\":\"\",\"icon_color\":\"\",\"image_grid_column_gap\":\"\",\"image_grid_row_gap\":\"\",\"image_margin\":\"\",\"link_size\":\"\",\"link_margin\":\"\",\"position\":\"\",\"position_z_index\":\"\",\"maxwidth\":\"\",\"maxwidth_breakpoint\":\"\",\"block_align\":\"\",\"block_align_breakpoint\":\"\",\"block_align_fallback\":\"\",\"text_align\":\"\",\"text_align_breakpoint\":\"\",\"text_align_fallback\":\"\",\"visibility\":\"\",\"image_width\":\"400\",\"panel_link\":false,\"lightbox\":false,\"grid_divider\":true,\"grid_column_align\":false,\"grid_row_align\":false,\"filter\":false},\"children\":[{\"type\":\"grid_item\",\"props\":{\"title\":\"Planificaci\\u00f3n\",\"image\":\"wp-content\\\/uploads\\\/planificacion.png\",\"content\":\"\n\n<p style=\\\"text-align: center;\\\"><span style=\\\"color: #339966;\\\"><strong>Hitos cumplidos<\\\/strong><\\\/span><\\\/p>\\n\n\n<p><center><span style=\\\"color: #008000; font-size: 16px; font-weight: bold;\\\">2 Brigadas de Campo<br \\\/>13 T\\u00e9cnicos capacitados<br \\\/>1 Convenio con INABIO<\\\/p><\\\/span>\"}},{\"type\":\"grid_item\",\"props\":{\"title\":\"Preparaci\\u00f3n\",\"image\":\"wp-content\\\/uploads\\\/preparacion_levantamiento.png\",\"content\":\"\n\n<p style=\\\"text-align: center;\\\"><span style=\\\"color: #339966;\\\"><strong>Hitos cumplidos<\\\/strong><\\\/span><\\\/p>\\n\n\n<p><center><span style=\\\"color: #008000; font-size: 16px; font-weight: bold;\\\">42 CLPI<br \\\/>26 Comunidades<br \\\/>8 Nacionalidades<br \\\/>2 Provincias<\\\/p><\\\/span>\"}},{\"type\":\"grid_item\",\"props\":{\"title\":\"Levantamiento\",\"image\":\"wp-content\\\/uploads\\\/levantamiento.png\",\"content\":\"\n\n<p style=\\\"text-align: center;\\\"><span style=\\\"color: #339966;\\\"><strong>Hitos cumplidos<\\\/strong><\\\/span><\\\/p>\\n\n\n<p><center><span style=\\\"color: #008000; font-size: 16px; font-weight: bold;\\\">38 Conglomerados <br \\\/>114 Parcelas<br \\\/>3054 Especies Cosechadas<br \\\/>1759 Especies Identificadas<br \\\/>3 Provincias Visitadas<\\\/p><\\\/span>\"}},{\"type\":\"grid_item\",\"props\":{\"title\":\"Supervisi\\u00f3n\",\"image\":\"wp-content\\\/uploads\\\/supervision.png\",\"content\":\"\n\n<p style=\\\"text-align: center;\\\"><span style=\\\"color: #339966;\\\"><strong>Hitos cumplidos<\\\/strong><\\\/span><\\\/p>\\n\n\n<p><center><span style=\\\"color: #008000; font-size: 16px; font-weight: bold;\\\"># Conglomerados supervisados<br \\\/>2 Supervisiones de oficina<\\\/p><\\\/span>\"}},{\"type\":\"grid_item\",\"props\":{\"title\":\"Procesamiento\",\"image\":\"wp-content\\\/uploads\\\/procesamiento.png\",\"content\":\"\n\n<p style=\\\"text-align: center;\\\"><span style=\\\"color: #339966;\\\"><strong>Al momento se encuentra en ejecuci\\u00f3n<\\\/strong><\\\/span>\"}},{\"type\":\"grid_item\",\"props\":{\"title\":\"Reporte y Difusi\\u00f3n\",\"image\":\"wp-content\\\/uploads\\\/difusion.png\",\"content\":\"\n\n<p style=\\\"text-align: center;\\\"><span style=\\\"color: #339966;\\\"><strong>Al momento se encuentra en ejecuci\\u00f3n<\\\/strong><\\\/span>\"}}]}]}]}]}],\"version\":\"2.0.13\",\"props\":[]} --><\/p>\n","protected":false},"excerpt":{"rendered":"<p>Proceso de Ejecuci\u00f3n actual ENF II 2018 &#8211; 2023 Planificaci\u00f3n Hitos cumplidos 2 Brigadas de Campo13 T\u00e9cnicos capacitados1 Convenio con INABIO Preparaci\u00f3n Hitos cumplidos 42 CLPI26 Comunidades8 Nacionalidades2 Provincias Levantamiento Hitos cumplidos 38 Conglomerados 114 Parcelas3054 Especies Cosechadas1759 Especies Identificadas3 Provincias Visitadas Supervisi\u00f3n Hitos cumplidos # Conglomerados supervisados2 Supervisiones de oficina Procesamiento Al momento se [&hellip;]<\/p>\n","protected":false},"author":1,"featured_media":0,"parent":288,"menu_order":0,"comment_status":"closed","ping_status":"closed","template":"","meta":{"om_disable_all_campaigns":false,"_monsterinsights_skip_tracking":false,"_monsterinsights_sitenote_active":false,"_monsterinsights_sitenote_note":"","_monsterinsights_sitenote_category":0,"_uf_show_specific_survey":0,"_uf_disable_surveys":false,"footnotes":""},"class_list":["post-1241","page","type-page","status-publish","hentry"],"_links":{"self":[{"href":"https:\/\/enf.ambiente.gob.ec\/web_enf\/index.php?rest_route=\/wp\/v2\/pages\/1241","targetHints":{"allow":["GET"]}}],"collection":[{"href":"https:\/\/enf.ambiente.gob.ec\/web_enf\/index.php?rest_route=\/wp\/v2\/pages"}],"about":[{"href":"https:\/\/enf.ambiente.gob.ec\/web_enf\/index.php?rest_route=\/wp\/v2\/types\/page"}],"author":[{"embeddable":true,"href":"https:\/\/enf.ambiente.gob.ec\/web_enf\/index.php?rest_route=\/wp\/v2\/users\/1"}],"replies":[{"embeddable":true,"href":"https:\/\/enf.ambiente.gob.ec\/web_enf\/index.php?rest_route=%2Fwp%2Fv2%2Fcomments&post=1241"}],"version-history":[{"count":25,"href":"https:\/\/enf.ambiente.gob.ec\/web_enf\/index.php?rest_route=\/wp\/v2\/pages\/1241\/revisions"}],"predecessor-version":[{"id":1382,"href":"https:\/\/enf.ambiente.gob.ec\/web_enf\/index.php?rest_route=\/wp\/v2\/pages\/1241\/revisions\/1382"}],"up":[{"embeddable":true,"href":"https:\/\/enf.ambiente.gob.ec\/web_enf\/index.php?rest_route=\/wp\/v2\/pages\/288"}],"wp:attachment":[{"href":"https:\/\/enf.ambiente.gob.ec\/web_enf\/index.php?rest_route=%2Fwp%2Fv2%2Fmedia&parent=1241"}],"curies":[{"name":"wp","href":"https:\/\/api.w.org\/{rel}","templated":true}]}}