{"id":1239,"date":"2020-05-22T17:24:57","date_gmt":"2020-05-22T17:24:57","guid":{"rendered":"http:\/\/www.geekecuador.com\/enf\/?page_id=1239"},"modified":"2020-07-18T22:57:48","modified_gmt":"2020-07-18T22:57:48","slug":"resultados-enf-i","status":"publish","type":"page","link":"https:\/\/enf.ambiente.gob.ec\/web_enf\/?page_id=1239","title":{"rendered":"Resultados ENF I"},"content":{"rendered":"<h1><center>RESULTADOS EVALUACI\u00d3N NACIONAL FORESTAL I<\/center><\/h1>\n<hr>\n<h1>Inventario Nacional Forestal<\/h1>\n<h1><span style=\"color: #993300;\">Datos estad\u00edsticos del Inventario Nacional Forestal (INF)<\/span><\/h1>\n<p><img decoding=\"async\" src=\"\/enf\/wp-content\/uploads\/resultados_enf1.png\" alt=\"\"><br \/>\n<img decoding=\"async\" src=\"\/enf\/wp-content\/uploads\/resultados_enf2.png\" alt=\"\"><br \/>\n<img decoding=\"async\" src=\"\/enf\/wp-content\/uploads\/resultados_enf3.png\" alt=\"\"><\/p>\n<h1><span style=\"color: #993300;\">N\u00daMERO DE \u00c1RBOLES POR HECT\u00c1REA<\/span><\/h1>\n<p><img decoding=\"async\" src=\"\/enf\/wp-content\/uploads\/resultadosenf1-1.png\" alt=\"\"><br \/>\n<img decoding=\"async\" src=\"\/enf\/wp-content\/uploads\/resultados_enf5.png\" alt=\"\"><br \/>\n<img decoding=\"async\" src=\"\/enf\/wp-content\/uploads\/resultados_enf6.png\" alt=\"\"><br \/>\n<img decoding=\"async\" src=\"\/enf\/wp-content\/uploads\/resultados_especies.png\" alt=\"\"><\/p>\n<div>\n<p style=\"text-align: center;\"><strong>Fuente:<\/strong> Ministerio del Ambiente y Agua, Subsecretar\u00eda de Patrimonio Natural, Proyecto Evaluaci\u00f3n Nacional Forestal 2009 &#8211; 2013<\/p>\n<\/div>\n<hr>\n<h1>Mapa de Carbono<\/h1>\n<div>\n<p style=\"text-align: center;\">Se obtuvo un Mapa de Carbono nacional con una resoluci\u00f3n de p\u00edxel de 30 x 30 metros. El shapefile de este mapa puede consultarse en el mapa interactivo de SUIA, a trav\u00e9s de la siguiente direcci\u00f3n:<\/p>\n<\/div>\n<p>\n    <a href=\"http:\/\/ide.ambiente.gob.ec\/geoserver\/mae_ide\/ows?service=WFS&#038;version=1.0.0&#038;format_options=CHARSET:UTF-8&#038;request=GetFeature&#038;typeName=mae_ide:v_ge007_carbono_estrato_bosque_a&#038;outputFormat=SHAPE-ZIP\">Shape Carbono Estrato Bosque<\/a>\n<\/p>\n<h1><span style=\"color: #993300;\">PROMEDIO DE CARBONO POR ESTRATO<\/span><\/h1>\n<p><img decoding=\"async\" src=\"\/enf\/wp-content\/uploads\/mapa.png\" alt=\"\"><br \/>\n<img decoding=\"async\" src=\"\/enf\/wp-content\/uploads\/resultados_enf_carbono.png\" alt=\"\"><\/p>\n<div>\n<p><strong>Nota:<\/strong> En los datos de carbono no se incluye el factor de ra\u00edz en sotobosque, ni el contenido de carbono en suelos<\/p>\n<\/div>\n<p><img decoding=\"async\" src=\"\/enf\/wp-content\/uploads\/resultados_enf_carbonoes.png\" alt=\"\"><\/p>\n<div>\n<p style=\"text-align: center;\"><strong>Fuente:<\/strong> Ministerio del Ambiente y Agua, Subsecretar\u00eda de Patrimonio Natural, Proyecto Evaluaci\u00f3n Nacional Forestal 2009 &#8211; 2013<\/p>\n<\/div>\n<div>\n<p style=\"text-align: center;\">\nA continuaci\u00f3n se pueden observar los resultados preliminares del Modelamiento KNN:<\/p>\n<\/div>\n<p><img decoding=\"async\" src=\"\/enf\/wp-content\/uploads\/knn.png\" alt=\"\"><\/p>\n<hr>\n<h1>Relaci\u00f3n Gente-Bosque<\/h1>\n<h1><span style=\"color: #993300;\">Encuesta a hogares \/ Piloto 670 encuestas<\/span><\/h1>\n<p><img decoding=\"async\" src=\"\/enf\/wp-content\/uploads\/relacion_gente_bosque1.png\" alt=\"\"><br \/>\n<img decoding=\"async\" src=\"\/enf\/wp-content\/uploads\/relacion_gente_bosque2.png\" alt=\"\"><\/p>\n<p><!-- {\"children\":[{\"type\":\"section\",\"props\":{\"style\":\"default\",\"width\":\"large\",\"vertical_align\":\"middle\",\"title_position\":\"top-left\",\"title_rotation\":\"left\",\"title_breakpoint\":\"xl\",\"image_position\":\"center-center\",\"padding\":\"small\",\"animation\":\"slide-top-medium\",\"animation_delay\":true},\"children\":[{\"type\":\"row\",\"children\":[{\"type\":\"column\",\"props\":{\"image_position\":\"center-center\",\"media_overlay_gradient\":\"\",\"width_medium\":\"1-1\"},\"children\":[{\"type\":\"headline\",\"props\":{\"title_element\":\"h1\",\"title_style\":\"h2\",\"content\":\"<center>RESULTADOS EVALUACI\\u00d3N NACIONAL FORESTAL I<\\\/center>\"}},{\"type\":\"divider\",\"props\":{\"divider_element\":\"hr\",\"divider_style\":\"\",\"divider_align\":\"\",\"divider_align_breakpoint\":\"\",\"divider_align_fallback\":\"\"}}]}]},{\"type\":\"row\",\"children\":[{\"type\":\"column\",\"props\":{\"image_position\":\"center-center\",\"media_overlay_gradient\":\"\",\"width_medium\":\"1-1\"},\"children\":[{\"type\":\"headline\",\"props\":{\"title_element\":\"h1\",\"title_style\":\"h5\",\"title_decoration\":\"bullet\",\"title_font_family\":\"primary\",\"content\":\"Inventario Nacional Forestal\"}}]}]},{\"type\":\"row\",\"children\":[{\"type\":\"column\",\"props\":{\"image_position\":\"center-center\",\"media_overlay_gradient\":\"\",\"width_medium\":\"1-1\"},\"children\":[{\"type\":\"headline\",\"props\":{\"title_element\":\"h1\",\"title_style\":\"h5\",\"title_font_family\":\"primary\",\"title_color\":\"warning\",\"text_align\":\"center\",\"content\":\"<span style=\\\"color: #993300;\\\">Datos estad\\u00edsticos del Inventario Nacional Forestal (INF)<\\\/span>\"}}]}]},{\"type\":\"row\",\"props\":{\"layout\":\"1-3,1-3,1-3\",\"margin\":\"medium\"},\"children\":[{\"type\":\"column\",\"props\":{\"image_position\":\"center-center\",\"media_overlay_gradient\":\"\",\"width_medium\":\"1-3\"},\"children\":[{\"type\":\"image\",\"props\":{\"margin\":\"default\",\"image_svg_color\":\"emphasis\",\"image\":\"wp-content\\\/uploads\\\/resultados_enf1.png\"}}]},{\"type\":\"column\",\"props\":{\"image_position\":\"center-center\",\"media_overlay_gradient\":\"\",\"width_medium\":\"1-3\"},\"children\":[{\"type\":\"image\",\"props\":{\"margin\":\"default\",\"image_svg_color\":\"emphasis\",\"image\":\"wp-content\\\/uploads\\\/resultados_enf2.png\"}}]},{\"type\":\"column\",\"props\":{\"image_position\":\"center-center\",\"media_overlay_gradient\":\"\",\"width_medium\":\"1-3\"},\"children\":[{\"type\":\"image\",\"props\":{\"margin\":\"default\",\"image_svg_color\":\"emphasis\",\"image\":\"wp-content\\\/uploads\\\/resultados_enf3.png\"}}]}]},{\"type\":\"row\",\"children\":[{\"type\":\"column\",\"props\":{\"image_position\":\"center-center\",\"media_overlay_gradient\":\"\",\"width_medium\":\"1-1\"},\"children\":[{\"type\":\"headline\",\"props\":{\"title_element\":\"h1\",\"title_style\":\"h5\",\"title_font_family\":\"primary\",\"title_color\":\"warning\",\"text_align\":\"center\",\"content\":\"<span style=\\\"color: #993300;\\\">N\\u00daMERO DE \\u00c1RBOLES POR HECT\\u00c1REA<\\\/span>\"}}]}]},{\"type\":\"row\",\"props\":{\"margin\":\"small\"},\"children\":[{\"type\":\"column\",\"props\":{\"image_position\":\"center-center\",\"media_overlay_gradient\":\"\",\"width_medium\":\"1-1\"},\"children\":[{\"type\":\"image\",\"props\":{\"margin\":\"default\",\"image_svg_color\":\"emphasis\",\"text_align\":\"center\",\"image\":\"wp-content\\\/uploads\\\/resultadosenf1-1.png\"}}]}]},{\"type\":\"row\",\"props\":{\"layout\":\"1-3,1-3,1-3\",\"divider\":true,\"match\":false},\"children\":[{\"type\":\"column\",\"props\":{\"image_position\":\"center-center\",\"media_overlay_gradient\":\"\",\"vertical_align\":\"middle\",\"width_medium\":\"1-3\"},\"children\":[{\"type\":\"image\",\"props\":{\"margin\":\"default\",\"image_svg_color\":\"emphasis\",\"text_align\":\"center\",\"image\":\"wp-content\\\/uploads\\\/resultados_enf5.png\",\"image_width\":\"300\"}}]},{\"type\":\"column\",\"props\":{\"image_position\":\"center-center\",\"media_overlay_gradient\":\"\",\"vertical_align\":\"middle\",\"width_medium\":\"1-3\"},\"children\":[{\"type\":\"image\",\"props\":{\"margin\":\"default\",\"image_svg_color\":\"emphasis\",\"text_align\":\"center\",\"image\":\"wp-content\\\/uploads\\\/resultados_enf6.png\",\"image_width\":\"500\"}}]},{\"type\":\"column\",\"props\":{\"image_position\":\"center-center\",\"media_overlay_gradient\":\"\",\"width_medium\":\"1-3\",\"vertical_align\":\"middle\"},\"children\":[{\"type\":\"image\",\"props\":{\"margin\":\"default\",\"image_svg_color\":\"emphasis\",\"image\":\"wp-content\\\/uploads\\\/resultados_especies.png\"}}]}]},{\"type\":\"row\",\"props\":{\"margin\":\"small\"},\"children\":[{\"type\":\"column\",\"props\":{\"image_position\":\"center-center\",\"media_overlay_gradient\":\"\",\"width_medium\":\"1-1\"},\"children\":[{\"type\":\"text\",\"props\":{\"margin\":\"default\",\"column_breakpoint\":\"m\",\"text_size\":\"small\",\"content\":\"\n\n<p style=\\\"text-align: center;\\\"><strong>Fuente:<\\\/strong> Ministerio del Ambiente y Agua, Subsecretar\\u00eda de Patrimonio Natural, Proyecto Evaluaci\\u00f3n Nacional Forestal 2009 - 2013<\\\/p>\"}}]}]},{\"type\":\"row\",\"props\":{\"margin\":\"small\"},\"children\":[{\"type\":\"column\",\"props\":{\"image_position\":\"center-center\",\"media_overlay_gradient\":\"\",\"width_medium\":\"1-1\"},\"children\":[{\"type\":\"divider\",\"props\":{\"divider_element\":\"hr\",\"divider_style\":\"icon\",\"divider_align\":\"\",\"divider_align_breakpoint\":\"\",\"divider_align_fallback\":\"\"}}]}]}],\"name\":\"Componentes\"},{\"type\":\"section\",\"props\":{\"style\":\"default\",\"width\":\"default\",\"vertical_align\":\"middle\",\"title_position\":\"top-left\",\"title_rotation\":\"left\",\"title_breakpoint\":\"xl\",\"image_position\":\"center-center\",\"padding\":\"xsmall\",\"padding_remove_top\":true},\"children\":[{\"type\":\"row\",\"children\":[{\"type\":\"column\",\"props\":{\"image_position\":\"center-center\",\"media_overlay_gradient\":\"\",\"width_medium\":\"1-1\"},\"children\":[{\"type\":\"headline\",\"props\":{\"title_element\":\"h1\",\"title_style\":\"h5\",\"title_decoration\":\"bullet\",\"title_font_family\":\"primary\",\"content\":\"Mapa de Carbono\"}}]}]},{\"type\":\"row\",\"children\":[{\"type\":\"column\",\"props\":{\"image_position\":\"center-center\",\"media_overlay_gradient\":\"\",\"width_medium\":\"1-1\"},\"children\":[{\"type\":\"text\",\"props\":{\"margin\":\"default\",\"column_breakpoint\":\"m\",\"content\":\"\n\n<p style=\\\"text-align: center;\\\">Se obtuvo un Mapa de Carbono nacional con una resoluci\\u00f3n de p\\u00edxel de 30 x 30 metros. El shapefile de este mapa puede consultarse en el mapa interactivo de SUIA, a trav\\u00e9s de la siguiente direcci\\u00f3n:<\\\/p>\"}},{\"type\":\"button\",\"props\":{\"grid_column_gap\":\"small\",\"grid_row_gap\":\"small\",\"margin\":\"default\",\"fullwidth\":true},\"children\":[{\"type\":\"button_item\",\"props\":{\"button_style\":\"primary\",\"icon_align\":\"left\",\"content\":\"Shape Carbono Estrato Bosque\",\"link\":\"http:\\\/\\\/ide.ambiente.gob.ec\\\/geoserver\\\/mae_ide\\\/ows?service=WFS&version=1.0.0&format_options=CHARSET:UTF-8&request=GetFeature&typeName=mae_ide:v_ge007_carbono_estrato_bosque_a&outputFormat=SHAPE-ZIP\",\"link_target\":\"blank\",\"icon\":\"cloud-download\"}}]}]}]},{\"type\":\"row\",\"children\":[{\"type\":\"column\",\"props\":{\"image_position\":\"center-center\",\"media_overlay_gradient\":\"\"},\"children\":[]}]},{\"type\":\"row\",\"props\":{\"margin\":\"small\"},\"children\":[{\"type\":\"column\",\"props\":{\"image_position\":\"center-center\",\"media_overlay_gradient\":\"\",\"width_medium\":\"1-1\"},\"children\":[{\"type\":\"headline\",\"props\":{\"title_element\":\"h1\",\"title_style\":\"h5\",\"title_font_family\":\"primary\",\"title_color\":\"warning\",\"text_align\":\"center\",\"content\":\"<span style=\\\"color: #993300;\\\">PROMEDIO DE CARBONO POR ESTRATO<\\\/span>\"}}]}]},{\"type\":\"row\",\"children\":[{\"type\":\"column\",\"props\":{\"image_position\":\"center-center\",\"media_overlay_gradient\":\"\"},\"children\":[{\"type\":\"image\",\"props\":{\"margin\":\"default\",\"image_svg_color\":\"emphasis\",\"image\":\"wp-content\\\/uploads\\\/mapa.png\",\"text_align\":\"center\",\"image_width\":\"800\"}}]}]},{\"type\":\"row\",\"props\":{\"layout\":\"1-2,1-2\"},\"children\":[{\"type\":\"column\",\"props\":{\"image_position\":\"center-center\",\"media_overlay_gradient\":\"\",\"width_medium\":\"1-2\"},\"children\":[{\"type\":\"image\",\"props\":{\"margin\":\"default\",\"image_svg_color\":\"emphasis\",\"image\":\"wp-content\\\/uploads\\\/resultados_enf_carbono.png\"}},{\"type\":\"text\",\"props\":{\"margin\":\"default\",\"column_breakpoint\":\"m\",\"text_size\":\"small\",\"content\":\"\n\n<p><strong>Nota:<\\\/strong> En los datos de carbono no se incluye el factor de ra\\u00edz en sotobosque, ni el contenido de carbono en suelos<\\\/p>\"}}]},{\"type\":\"column\",\"props\":{\"image_position\":\"center-center\",\"media_overlay_gradient\":\"\",\"width_medium\":\"1-2\"},\"children\":[{\"type\":\"image\",\"props\":{\"margin\":\"default\",\"image_svg_color\":\"emphasis\",\"image\":\"wp-content\\\/uploads\\\/resultados_enf_carbonoes.png\"}}]}]},{\"type\":\"row\",\"props\":{\"margin\":\"small\"},\"children\":[{\"type\":\"column\",\"props\":{\"image_position\":\"center-center\",\"media_overlay_gradient\":\"\",\"width_medium\":\"1-1\"},\"children\":[{\"type\":\"text\",\"props\":{\"margin\":\"default\",\"column_breakpoint\":\"m\",\"text_size\":\"small\",\"content\":\"\n\n<p style=\\\"text-align: center;\\\"><strong>Fuente:<\\\/strong> Ministerio del Ambiente y Agua, Subsecretar\\u00eda de Patrimonio Natural, Proyecto Evaluaci\\u00f3n Nacional Forestal 2009 - 2013<\\\/p>\"}}]}]},{\"type\":\"row\",\"children\":[{\"type\":\"column\",\"props\":{\"image_position\":\"center-center\",\"media_overlay_gradient\":\"\"},\"children\":[{\"type\":\"text\",\"props\":{\"margin\":\"default\",\"column_breakpoint\":\"m\",\"content\":\"\n\n<p style=\\\"text-align: center;\\\">\\nA continuaci\\u00f3n se pueden observar los resultados preliminares del Modelamiento KNN:<\\\/p>\"}},{\"type\":\"image\",\"props\":{\"margin\":\"default\",\"image_svg_color\":\"emphasis\",\"image\":\"wp-content\\\/uploads\\\/knn.png\",\"image_width\":\"950\",\"text_align\":\"center\"}}]}]}]},{\"type\":\"section\",\"props\":{\"style\":\"default\",\"width\":\"large\",\"vertical_align\":\"middle\",\"title_position\":\"top-left\",\"title_rotation\":\"left\",\"title_breakpoint\":\"xl\",\"image_position\":\"center-center\",\"padding\":\"small\",\"padding_remove_top\":true},\"children\":[{\"type\":\"row\",\"children\":[{\"type\":\"column\",\"props\":{\"image_position\":\"center-center\",\"media_overlay_gradient\":\"\"},\"children\":[{\"type\":\"divider\",\"props\":{\"divider_element\":\"hr\",\"divider_style\":\"icon\",\"divider_align\":\"\",\"divider_align_breakpoint\":\"\",\"divider_align_fallback\":\"\"}}]}]},{\"type\":\"row\",\"children\":[{\"type\":\"column\",\"props\":{\"image_position\":\"center-center\",\"media_overlay_gradient\":\"\"},\"children\":[{\"type\":\"headline\",\"props\":{\"title_element\":\"h1\",\"title_style\":\"h5\",\"title_decoration\":\"bullet\",\"title_font_family\":\"primary\",\"content\":\"Relaci\\u00f3n Gente-Bosque\"}}]}]},{\"type\":\"row\",\"children\":[{\"type\":\"column\",\"props\":{\"image_position\":\"center-center\",\"media_overlay_gradient\":\"\"},\"children\":[{\"type\":\"headline\",\"props\":{\"title_element\":\"h1\",\"title_style\":\"h5\",\"title_font_family\":\"primary\",\"title_color\":\"warning\",\"text_align\":\"center\",\"content\":\"<span style=\\\"color: #993300;\\\">Encuesta a hogares \\\/ Piloto 670 encuestas<\\\/span>\"}}]}]},{\"type\":\"row\",\"props\":{\"layout\":\"1-2,1-2\"},\"children\":[{\"type\":\"column\",\"props\":{\"image_position\":\"center-center\",\"media_overlay_gradient\":\"\",\"width_medium\":\"1-2\",\"vertical_align\":\"bottom\"},\"children\":[{\"type\":\"image\",\"props\":{\"margin\":\"default\",\"image_svg_color\":\"emphasis\",\"image\":\"wp-content\\\/uploads\\\/relacion_gente_bosque1.png\",\"image_width\":\"600\",\"text_align\":\"center\"}}]},{\"type\":\"column\",\"props\":{\"image_position\":\"center-center\",\"media_overlay_gradient\":\"\",\"width_medium\":\"1-2\",\"vertical_align\":\"middle\"},\"children\":[{\"type\":\"image\",\"props\":{\"margin\":\"default\",\"image_svg_color\":\"emphasis\",\"image\":\"wp-content\\\/uploads\\\/relacion_gente_bosque2.png\",\"text_align\":\"center\"}}]}]}]}],\"version\":\"2.1.1\",\"type\":\"layout\"} --><\/p>\n","protected":false},"excerpt":{"rendered":"<p>RESULTADOS EVALUACI\u00d3N NACIONAL FORESTAL I Inventario Nacional Forestal Datos estad\u00edsticos del Inventario Nacional Forestal (INF) N\u00daMERO DE \u00c1RBOLES POR HECT\u00c1REA Fuente: Ministerio del Ambiente y Agua, Subsecretar\u00eda de Patrimonio Natural, Proyecto Evaluaci\u00f3n Nacional Forestal 2009 &#8211; 2013 Mapa de Carbono Se obtuvo un Mapa de Carbono nacional con una resoluci\u00f3n de p\u00edxel de 30 x [&hellip;]<\/p>\n","protected":false},"author":1,"featured_media":0,"parent":288,"menu_order":0,"comment_status":"closed","ping_status":"closed","template":"","meta":{"om_disable_all_campaigns":false,"_monsterinsights_skip_tracking":false,"_monsterinsights_sitenote_active":false,"_monsterinsights_sitenote_note":"","_monsterinsights_sitenote_category":0,"_uf_show_specific_survey":0,"_uf_disable_surveys":false,"footnotes":""},"class_list":["post-1239","page","type-page","status-publish","hentry"],"_links":{"self":[{"href":"https:\/\/enf.ambiente.gob.ec\/web_enf\/index.php?rest_route=\/wp\/v2\/pages\/1239","targetHints":{"allow":["GET"]}}],"collection":[{"href":"https:\/\/enf.ambiente.gob.ec\/web_enf\/index.php?rest_route=\/wp\/v2\/pages"}],"about":[{"href":"https:\/\/enf.ambiente.gob.ec\/web_enf\/index.php?rest_route=\/wp\/v2\/types\/page"}],"author":[{"embeddable":true,"href":"https:\/\/enf.ambiente.gob.ec\/web_enf\/index.php?rest_route=\/wp\/v2\/users\/1"}],"replies":[{"embeddable":true,"href":"https:\/\/enf.ambiente.gob.ec\/web_enf\/index.php?rest_route=%2Fwp%2Fv2%2Fcomments&post=1239"}],"version-history":[{"count":47,"href":"https:\/\/enf.ambiente.gob.ec\/web_enf\/index.php?rest_route=\/wp\/v2\/pages\/1239\/revisions"}],"predecessor-version":[{"id":1598,"href":"https:\/\/enf.ambiente.gob.ec\/web_enf\/index.php?rest_route=\/wp\/v2\/pages\/1239\/revisions\/1598"}],"up":[{"embeddable":true,"href":"https:\/\/enf.ambiente.gob.ec\/web_enf\/index.php?rest_route=\/wp\/v2\/pages\/288"}],"wp:attachment":[{"href":"https:\/\/enf.ambiente.gob.ec\/web_enf\/index.php?rest_route=%2Fwp%2Fv2%2Fmedia&parent=1239"}],"curies":[{"name":"wp","href":"https:\/\/api.w.org\/{rel}","templated":true}]}}